{"id":6157,"date":"2018-12-03T16:26:24","date_gmt":"2018-12-03T16:26:24","guid":{"rendered":"https:\/\/congresomasculinidades2.umh.es\/nuestro-deseo\/"},"modified":"2022-04-06T08:37:33","modified_gmt":"2022-04-06T06:37:33","slug":"nuestro-deseo","status":"publish","type":"page","link":"https:\/\/congresomasculinidades2.umh.es\/en\/nuestro-deseo\/","title":{"rendered":"OUR DESIRE"},"content":{"rendered":"<p>[et_pb_section fb_built=&#8221;1&#8243; _builder_version=&#8221;4.2.2&#8243; background_color=&#8221;#000000&#8243; custom_padding=&#8221;0px||0px|||&#8221;][et_pb_row _builder_version=&#8221;4.2.2&#8243;][et_pb_column type=&#8221;4_4&#8243; _builder_version=&#8221;4.2.2&#8243;][et_pb_image src=&#8221;https:\/\/congresomasculinidades2.umh.es\/files\/2022\/04\/II-cabecera-eng2.png&#8221; alt=&#8221;Segundo Congreso Internacional Sobre Masculinidades e Igualdad Educaci\u00f3n para la igualdad y Co(Educaci\u00f3n)&#8221; _builder_version=&#8221;4.2.2&#8243; hover_enabled=&#8221;0&#8243; url=&#8221;https:\/\/congresomasculinidades2.umh.es\/en\/&#8221;][\/et_pb_image][\/et_pb_column][\/et_pb_row][\/et_pb_section][et_pb_section fb_built=&#8221;1&#8243; fullwidth=&#8221;on&#8221; _builder_version=&#8221;4.2.2&#8243;][et_pb_fullwidth_menu menu_id=&#8221;7135&#8243; fullwidth_menu=&#8221;off&#8221; active_link_color=&#8221;#E76996&#8243; _builder_version=&#8221;4.2.2&#8243; menu_font=&#8221;|700||on|||||&#8221; menu_text_color=&#8221;#FFFFFF&#8221; menu_font_size=&#8221;14pt&#8221; background_color=&#8221;#3A3B3D&#8221; text_orientation=&#8221;center&#8221; border_color_all=&#8221;#E02B20&#8243; border_width_all__hover_enabled=&#8221;off|hover&#8221; menu_text_color__hover_enabled=&#8221;on|hover&#8221; menu_text_color__hover=&#8221;#E76996&#8243;][\/et_pb_fullwidth_menu][\/et_pb_section][et_pb_section fb_built=&#8221;1&#8243; admin_label=&#8221;section&#8221; _builder_version=&#8221;3.22&#8243;][et_pb_row admin_label=&#8221;row&#8221; _builder_version=&#8221;3.25&#8243; background_size=&#8221;initial&#8221; background_position=&#8221;top_left&#8221; background_repeat=&#8221;repeat&#8221;][et_pb_column type=&#8221;4_4&#8243; _builder_version=&#8221;3.25&#8243; custom_padding=&#8221;|||&#8221; custom_padding__hover=&#8221;|||&#8221;][et_pb_text admin_label=&#8221;Text&#8221; _builder_version=&#8221;4.2.2&#8243; background_size=&#8221;initial&#8221; background_position=&#8221;top_left&#8221; background_repeat=&#8221;repeat&#8221; custom_margin=&#8221;||-2px|||&#8221;]<\/p>\n<h1 style=\"text-align: center\"><b>OUR DESIRE<\/b><\/h1>\n<p>[\/et_pb_text][et_pb_divider show_divider=&#8221;off&#8221; _builder_version=&#8221;4.2.2&#8243;][\/et_pb_divider][et_pb_text admin_label=&#8221;Text&#8221; _builder_version=&#8221;4.2.2&#8243; background_size=&#8221;initial&#8221; background_position=&#8221;top_left&#8221; background_repeat=&#8221;repeat&#8221; custom_margin=&#8221;||-2px|||&#8221;]<\/p>\n<p style=\"text-align: justify\"><span style=\"font-weight: 400\">With the  <\/span><b>\u201cII INTERNATIONAL CONGRESS ON MASCULINITIES AND EQUALITY: EDUCATION FOR EQUALITY AND CO(EDUCATION) (CIMASCIGUAL II), <\/b><span style=\"font-weight: 400\">we would like to introduce and consolidate training and research on education, masculinities and gender equality in university degree programs on both undergraduate and graduate levels. <\/span><\/p>\n<p style=\"text-align: justify\"><span style=\"font-weight: 400\">In turn, and by extension, we encourage every educational center and institution that deems the audiovisual material from the congress to be of value to hereby use it and make it available to the authorities with power over education and gender equality, to teachers in coeducation, to educational centers, to university students and to the general public as well.<\/span><\/p>\n<p style=\"text-align: justify\"><span style=\"font-weight: 400\">Among others, our purposes include:<\/span><\/p>\n<p style=\"text-align: justify\">[\/et_pb_text][et_pb_text admin_label=&#8221;Text&#8221; _builder_version=&#8221;4.2.2&#8243; background_size=&#8221;initial&#8221; background_position=&#8221;top_left&#8221; background_repeat=&#8221;repeat&#8221; custom_margin=&#8221;||-3px|||&#8221; custom_padding=&#8221;|||50px||&#8221;]<\/p>\n<ul>\n<li style=\"text-align: justify\"><span style=\"font-weight: 400\">To shed light on the importance of coeducation and of comprehending and understanding the logic of masculine identity (traditional hegemonic) and its processes of resistance and\/or change; in order to, with scientific and social knowledge, evolve towards other possible forms of masculinity more in line with gender equality for women and men, and healthier and more just for everybody.<\/span><\/li>\n<li style=\"font-weight: 400;text-align: justify\"><span style=\"font-weight: 400\">To stimulate a rethinking of masculinities among teachers and students in two senses: from their experiences and personal relations and from their educational spaces.<\/span><\/li>\n<li style=\"font-weight: 400;text-align: justify\"><span style=\"font-weight: 400\">To facilitate the incorporation of researchers into this young field of interdisciplinary study of masculinities based on the knowledge shared in the congress on the realities of this subdiscipline of gender studies.<\/span><\/li>\n<li style=\"font-weight: 400;text-align: justify\"><span style=\"font-weight: 400\">To involve universities in this line of research-action.<\/span><\/li>\n<li style=\"font-weight: 400;text-align: justify\"><span style=\"font-weight: 400\">To disseminate in the media (radio, written press, social media, television) the complete work to make it public and to enhance the social impact of the action.<\/span><\/li>\n<li style=\"font-weight: 400;text-align: justify\"><span style=\"font-weight: 400\">To cooperate with NGOs, associations, social movements and other non-university networks interested in the socialization processes of men in favor of gender equality.<\/span><\/li>\n<li style=\"font-weight: 400;text-align: justify\"><span style=\"font-weight: 400\">To increase international participation in the congress.<\/span><\/li>\n<\/ul>\n<p style=\"text-align: justify\">[\/et_pb_text][et_pb_text admin_label=&#8221;Text&#8221; _builder_version=&#8221;4.2.2&#8243; text_font_size=&#8221;16px&#8221; background_size=&#8221;initial&#8221; background_position=&#8221;top_left&#8221; background_repeat=&#8221;repeat&#8221;]<\/p>\n<p style=\"text-align: justify\"><span style=\"font-size: 16px;text-align: justify\">Furthermore, this congress aims to delve into the role of universities in this very specific and simultaneously urgent issue. A better understanding of the logic of traditional hegemonic masculinity is required to appeal to its deconstruction and for collectively proposing knowledge-based options that are valid, diverse, and egalitarian for men and masculinities in the twenty-first century. Academia must have a leading role in this coeducational process focused on men with a feminine perspective.<\/span><\/p>\n<p style=\"text-align: center\"><span style=\"font-weight: 400\">Dr. Anastasia T\u00e9llez Infantes, PhD<\/span><\/p>\n<p style=\"text-align: center\"><span style=\"font-weight: 400\">Organizing Committee President<\/span><\/p>\n<p style=\"text-align: justify\">\n<p>[\/et_pb_text][\/et_pb_column][\/et_pb_row][\/et_pb_section]<\/p>\n","protected":false},"excerpt":{"rendered":"<p>OUR DESIREWith the \u201cII INTERNATIONAL CONGRESS ON MASCULINITIES AND EQUALITY: EDUCATION FOR EQUALITY AND CO(EDUCATION) (CIMASCIGUAL II), we would like to introduce and consolidate training and research on education, masculinities and gender equality in university degree programs on both undergraduate and graduate levels. In turn, and by extension, we encourage every educational center and institution [&hellip;]<\/p>\n","protected":false},"author":3158,"featured_media":0,"parent":0,"menu_order":4,"comment_status":"closed","ping_status":"closed","template":"","meta":{"_et_pb_use_builder":"on","_et_pb_old_content":"[:es]<b>NUESTRO DESEO<\/b>\r\n\r\n<span style=\"font-weight: 400;\">Con este <\/span><b>\u201cII CONGRESO INTERNACIONAL SOBRE MASCULINIDADES E IGUALDAD: EDUCACI\u00d3N PARA LA IGUALDAD Y CO(EDUCACI\u00d3N)\u201d (CIMASCIGUAL II) <\/b><span style=\"font-weight: 400;\">nos gustar\u00eda introducir y consolidar la formaci\u00f3n y la investigaci\u00f3n en materia de educaci\u00f3n, masculinidades e igualdad de g\u00e9nero en las titulaciones universitarias, tanto de grado como de postgrado.<\/span>\r\n\r\n<span style=\"font-weight: 400;\">A su vez, y por extensi\u00f3n invitamos a todos los centros e instituciones educativas que consideren oportuno utilizar el material audiovisual que surja del congreso y ponerlo a disposici\u00f3n de las administraciones con competencia en educaci\u00f3n y en igualdad de g\u00e9nero, del profesorado coeducador, de los centros educativos, del estudiantado universitario interesado y del p\u00fablico en general.<\/span>\r\n\r\n<span style=\"font-weight: 400;\">Entre nuestros prop\u00f3sitos est\u00e1n:<\/span>\r\n<ul>\r\n \t<li style=\"font-weight: 400;\" aria-level=\"1\"><span style=\"font-weight: 400;\">Visibilizar la importancia de la coeducaci\u00f3n y de la comprensi\u00f3n y entendimiento de las l\u00f3gicas de la identidad masculina (tradicional-hegem\u00f3nica) y sus procesos de resistencia y\/o cambio, para poder, desde un conocimiento cient\u00edfico-social, evolucionar hacia otras formas posibles de masculinidad m\u00e1s acordes con la igualdad de g\u00e9nero de mujeres y hombres y m\u00e1s sanas y justas con todas y con todos.<\/span><\/li>\r\n \t<li style=\"font-weight: 400;\" aria-level=\"1\"><span style=\"font-weight: 400;\">Estimular el replanteamiento de la masculinidad entre profesorado y alumnado en un sentido doble: desde su vivencia y relaciones personales y desde su espacio educativo.<\/span><\/li>\r\n \t<li style=\"font-weight: 400;\" aria-level=\"1\"><span style=\"font-weight: 400;\">Favorecer la incorporaci\u00f3n de investigadores e investigadoras a este reciente campo de estudio interdisciplinar de las masculinidades a partir del conocimiento que se dar\u00e1 en el congreso de la realidad de esta subdisciplina de los estudios de g\u00e9nero.<\/span><\/li>\r\n \t<li style=\"font-weight: 400;\" aria-level=\"1\"><span style=\"font-weight: 400;\">Implicar a las universidades en esta l\u00ednea de investigaci\u00f3n-acci\u00f3n.<\/span><\/li>\r\n \t<li style=\"font-weight: 400;\" aria-level=\"1\"><span style=\"font-weight: 400;\">Difundir en los medios de comunicaci\u00f3n (radio, prensa escrita, redes sociales, televisi\u00f3n) el trabajo realizado para darlo a conocer y aumentar el impacto social de la acci\u00f3n.<\/span><\/li>\r\n \t<li style=\"font-weight: 400;\" aria-level=\"1\"><span style=\"font-weight: 400;\">Cooperar con entidades, asociaciones, movimientos sociales y otras redes de \u00e1mbito no universitario interesadas en los procesos socializadores de los hombres en pro de la igualdad de g\u00e9nero.<\/span><\/li>\r\n \t<li style=\"font-weight: 400;\" aria-level=\"1\"><span style=\"font-weight: 400;\">Aumentar la participaci\u00f3n en el congreso a nivel internacional.<\/span><\/li>\r\n<\/ul>\r\n<span style=\"font-weight: 400;\">Por otra parte, el congreso pretende profundizar en el papel de la universidad en este tema tan concreto, pero a la vez tan urgente. Se necesita de un mejor conocimiento de las l\u00f3gicas de la masculinidad tradicional-hegem\u00f3nica para apelar a su deconstrucci\u00f3n y proponer colectivamente y desde el conocimiento cient\u00edfico, opciones v\u00e1lidas, diversas e igualitarias, para ser hombre en el siglo XXI, y la\u00a0 academia debe jugar un papel central en este proceso coeducativo enfocado en los hombres con mirada feminista.<\/span>\r\n<p style=\"text-align: center;\"><span style=\"font-weight: 400;\">Dra. Anastasia T\u00e9llez Infantes<\/span><\/p>\r\n<p style=\"text-align: center;\"><span style=\"font-weight: 400;\">Presidenta del comit\u00e9 organizador.<\/span><\/p>[:ca]Amb el <strong><em>I CONGR\u00c9S INTERNACIONAL SOBRE MASCULINITATS I IGUALTAT: A LA RECERCA DE BONES PR\u00c0CTIQUES DE MASCULINITATS IGUALIT\u00c0RIES DES DE L\u2019\u00c0MBIT DE LA UNIVERSITAT<\/em><\/strong>, pretenem aprofundir en la idea de generar espais de trobada globals que afavorisquen la creaci\u00f3 de xarxes internacionals i interuniversit\u00e0ries que ajuden a comprendre millor la diversitat masculina de llarg a llarg del planeta, traslladant tot aquest coneixement a la universitat i a la ciutadania, i fent una crida expl\u00edcita als homes i especialment a les generacions joves.\r\n\r\nVolem fer una reflexi\u00f3 que aborde des d\u2019all\u00f2 internacional fins a la realitat espanyola sobre quina \u00e9s la situaci\u00f3 dels estudis de masculinitats, en l\u2019\u00e0mbit de la investigaci\u00f3 i la doc\u00e8ncia, que s\u2019est\u00e0 donant en les nostres universitats i centres d\u2019investigaci\u00f3, i con\u00e9ixer com les universitats des dels seus diferents organismes vinculats amb la igualtat de g\u00e8nere (unitats d\u2019igualtat, instituts, etc.) entenen i valoren la q\u00fcesti\u00f3 de la transformaci\u00f3 de la masculinitat.\r\n\r\nPerseguim formar i conscienciar el col\u00b7lectiu mascul\u00ed de la societat sobre la igualtat de g\u00e8nere perqu\u00e8 coneguen altres formes possibles d\u2019exercir la seua\/es masculinitat(s) (m\u00faltiples i diverses) de manera no masclista, no androc\u00e8ntrica, no patriarcal, incitant-los a desconstruir-se a si mateixos, a mirar-se a l\u2019espill des d\u2019una perspectiva de g\u00e8nere (de relacions de poder desigualit\u00e0ries entre homes i dones). Al seu torn, el coneixement de la construcci\u00f3 cultural de la masculinitat des d\u2019una perspectiva de g\u00e8nere, permetr\u00e0 a les dones entendre millor les l\u00f2giques del patriarcat i la socialitzaci\u00f3 masculina en una societat masclista encara com la nostra, per a donar-los eines amb les quals desarticular les representacions ideol\u00f2giques hegem\u00f2niques de g\u00e8nere, les conductes sexistes i els micromasclismes que perpetuen la desigualtat entre dones i homes.\r\n\r\nSabem que el repte d\u2019aquest congr\u00e9s \u00e9s gran, perqu\u00e8 suposa atraure els homes (persona del sexe mascul\u00ed) a aquestes activitats i fer que participen i assimilen els conceptes, les idees i les propostes d\u2019acci\u00f3, a trav\u00e9s de les m\u00faltiples accions que emprendrem i que, si b\u00e9 permetran \u00f2bviament l\u2019entrada a dones, aniran especialment enfocades a ells. Perqu\u00e8 a m\u00e9s de la igualtat de g\u00e8nere legal i normativa (que ja tenim al nostre pa\u00eds) s\u2019aconseguisca la vertadera igualtat real i efectiva en totes les esferes socials i en la quotidianitat, s\u2019han de sumar els homes a aquesta revoluci\u00f3\/transformaci\u00f3 social feminista.\r\n\r\nD\u2019altra banda, el congr\u00e9s pret\u00e9n aprofundir en el paper de la universitat en aquest tema tan concret, per\u00f2 alhora tan urgent. Cal un millor coneixement de les l\u00f2giques de la masculinitat tradicional i hegem\u00f2nica per a apel\u00b7lar a la seua desconstrucci\u00f3 i proposar col\u00b7lectivament i des del coneixement cient\u00edfic, opcions v\u00e0lides, diverses i igualit\u00e0ries, per a ser home en el segle XXI. L\u2019acad\u00e8mia ha de jugar un paper central en aquest proc\u00e9s.\r\n\r\nDra. Anastasia T\u00e9llez Infantes\r\n\r\nPresidenta del comit\u00e9 organitzador[:]","_et_gb_content_width":"","_links_to":"","_links_to_target":""},"yoast_head":"<!-- This site is optimized with the Yoast SEO plugin v17.5 - https:\/\/yoast.com\/wordpress\/plugins\/seo\/ -->\n<title>OUR DESIRE - CIMASCIGUAL II<\/title>\n<meta name=\"description\" content=\"Nuestro deseo es la idea de generar espacios de encuentro globales que favorezcan la creaci\u00f3n de redes que ayuden a comprender mejor la diversidad masculina\" \/>\n<meta name=\"robots\" content=\"index, follow, max-snippet:-1, max-image-preview:large, max-video-preview:-1\" \/>\n<link rel=\"canonical\" href=\"https:\/\/congresomasculinidades2.umh.es\/en\/nuestro-deseo\/\" \/>\n<meta property=\"og:locale\" content=\"en_US\" \/>\n<meta property=\"og:type\" content=\"article\" \/>\n<meta property=\"og:title\" content=\"OUR DESIRE - CIMASCIGUAL II\" \/>\n<meta property=\"og:description\" content=\"Nuestro deseo es la idea de generar espacios de encuentro globales que favorezcan la creaci\u00f3n de redes que ayuden a comprender mejor la diversidad masculina\" \/>\n<meta property=\"og:url\" content=\"https:\/\/congresomasculinidades2.umh.es\/en\/nuestro-deseo\/\" \/>\n<meta property=\"og:site_name\" content=\"CIMASCIGUAL II\" \/>\n<meta property=\"article:modified_time\" content=\"2022-04-06T06:37:33+00:00\" \/>\n<meta name=\"twitter:card\" content=\"summary_large_image\" \/>\n<meta name=\"twitter:label1\" content=\"Est. reading time\" \/>\n\t<meta name=\"twitter:data1\" content=\"3 minutes\" \/>\n<script type=\"application\/ld+json\" class=\"yoast-schema-graph\">{\"@context\":\"https:\/\/schema.org\",\"@graph\":[{\"@type\":\"WebSite\",\"@id\":\"https:\/\/congresomasculinidades2.umh.es\/#website\",\"url\":\"https:\/\/congresomasculinidades2.umh.es\/\",\"name\":\"CIMASCIGUAL II\",\"description\":\"Universidad Miguel Hern\\u00e1ndez de Elche\",\"potentialAction\":[{\"@type\":\"SearchAction\",\"target\":{\"@type\":\"EntryPoint\",\"urlTemplate\":\"https:\/\/congresomasculinidades2.umh.es\/?s={search_term_string}\"},\"query-input\":\"required name=search_term_string\"}],\"inLanguage\":\"en-US\"},{\"@type\":\"WebPage\",\"@id\":\"https:\/\/congresomasculinidades2.umh.es\/en\/nuestro-deseo\/#webpage\",\"url\":\"https:\/\/congresomasculinidades2.umh.es\/en\/nuestro-deseo\/\",\"name\":\"OUR DESIRE - CIMASCIGUAL II\",\"isPartOf\":{\"@id\":\"https:\/\/congresomasculinidades2.umh.es\/#website\"},\"datePublished\":\"2018-12-03T16:26:24+00:00\",\"dateModified\":\"2022-04-06T06:37:33+00:00\",\"description\":\"Nuestro deseo es la idea de generar espacios de encuentro globales que favorezcan la creaci\\u00f3n de redes que ayuden a comprender mejor la diversidad masculina\",\"breadcrumb\":{\"@id\":\"https:\/\/congresomasculinidades2.umh.es\/en\/nuestro-deseo\/#breadcrumb\"},\"inLanguage\":\"en-US\",\"potentialAction\":[{\"@type\":\"ReadAction\",\"target\":[\"https:\/\/congresomasculinidades2.umh.es\/en\/nuestro-deseo\/\"]}]},{\"@type\":\"BreadcrumbList\",\"@id\":\"https:\/\/congresomasculinidades2.umh.es\/en\/nuestro-deseo\/#breadcrumb\",\"itemListElement\":[{\"@type\":\"ListItem\",\"position\":1,\"name\":\"Portada\",\"item\":\"https:\/\/congresomasculinidades2.umh.es\/en\/\"},{\"@type\":\"ListItem\",\"position\":2,\"name\":\"OUR DESIRE\"}]}]}<\/script>\n<!-- \/ Yoast SEO plugin. -->","yoast_head_json":{"title":"OUR DESIRE - CIMASCIGUAL II","description":"Nuestro deseo es la idea de generar espacios de encuentro globales que favorezcan la creaci\u00f3n de redes que ayuden a comprender mejor la diversidad masculina","robots":{"index":"index","follow":"follow","max-snippet":"max-snippet:-1","max-image-preview":"max-image-preview:large","max-video-preview":"max-video-preview:-1"},"canonical":"https:\/\/congresomasculinidades2.umh.es\/en\/nuestro-deseo\/","og_locale":"en_US","og_type":"article","og_title":"OUR DESIRE - CIMASCIGUAL II","og_description":"Nuestro deseo es la idea de generar espacios de encuentro globales que favorezcan la creaci\u00f3n de redes que ayuden a comprender mejor la diversidad masculina","og_url":"https:\/\/congresomasculinidades2.umh.es\/en\/nuestro-deseo\/","og_site_name":"CIMASCIGUAL II","article_modified_time":"2022-04-06T06:37:33+00:00","twitter_card":"summary_large_image","twitter_misc":{"Est. reading time":"3 minutes"},"schema":{"@context":"https:\/\/schema.org","@graph":[{"@type":"WebSite","@id":"https:\/\/congresomasculinidades2.umh.es\/#website","url":"https:\/\/congresomasculinidades2.umh.es\/","name":"CIMASCIGUAL II","description":"Universidad Miguel Hern\u00e1ndez de Elche","potentialAction":[{"@type":"SearchAction","target":{"@type":"EntryPoint","urlTemplate":"https:\/\/congresomasculinidades2.umh.es\/?s={search_term_string}"},"query-input":"required name=search_term_string"}],"inLanguage":"en-US"},{"@type":"WebPage","@id":"https:\/\/congresomasculinidades2.umh.es\/en\/nuestro-deseo\/#webpage","url":"https:\/\/congresomasculinidades2.umh.es\/en\/nuestro-deseo\/","name":"OUR DESIRE - CIMASCIGUAL II","isPartOf":{"@id":"https:\/\/congresomasculinidades2.umh.es\/#website"},"datePublished":"2018-12-03T16:26:24+00:00","dateModified":"2022-04-06T06:37:33+00:00","description":"Nuestro deseo es la idea de generar espacios de encuentro globales que favorezcan la creaci\u00f3n de redes que ayuden a comprender mejor la diversidad masculina","breadcrumb":{"@id":"https:\/\/congresomasculinidades2.umh.es\/en\/nuestro-deseo\/#breadcrumb"},"inLanguage":"en-US","potentialAction":[{"@type":"ReadAction","target":["https:\/\/congresomasculinidades2.umh.es\/en\/nuestro-deseo\/"]}]},{"@type":"BreadcrumbList","@id":"https:\/\/congresomasculinidades2.umh.es\/en\/nuestro-deseo\/#breadcrumb","itemListElement":[{"@type":"ListItem","position":1,"name":"Portada","item":"https:\/\/congresomasculinidades2.umh.es\/en\/"},{"@type":"ListItem","position":2,"name":"OUR DESIRE"}]}]}},"_links":{"self":[{"href":"https:\/\/congresomasculinidades2.umh.es\/en\/wp-json\/wp\/v2\/pages\/6157"}],"collection":[{"href":"https:\/\/congresomasculinidades2.umh.es\/en\/wp-json\/wp\/v2\/pages"}],"about":[{"href":"https:\/\/congresomasculinidades2.umh.es\/en\/wp-json\/wp\/v2\/types\/page"}],"author":[{"embeddable":true,"href":"https:\/\/congresomasculinidades2.umh.es\/en\/wp-json\/wp\/v2\/users\/3158"}],"replies":[{"embeddable":true,"href":"https:\/\/congresomasculinidades2.umh.es\/en\/wp-json\/wp\/v2\/comments?post=6157"}],"version-history":[{"count":0,"href":"https:\/\/congresomasculinidades2.umh.es\/en\/wp-json\/wp\/v2\/pages\/6157\/revisions"}],"wp:attachment":[{"href":"https:\/\/congresomasculinidades2.umh.es\/en\/wp-json\/wp\/v2\/media?parent=6157"}],"curies":[{"name":"wp","href":"https:\/\/api.w.org\/{rel}","templated":true}]}}