{"id":6142,"date":"2018-12-03T16:23:15","date_gmt":"2018-12-03T16:23:15","guid":{"rendered":"https:\/\/congresomasculinidades2.umh.es\/objetivos\/"},"modified":"2022-04-06T08:36:33","modified_gmt":"2022-04-06T06:36:33","slug":"objetivos","status":"publish","type":"page","link":"https:\/\/congresomasculinidades2.umh.es\/en\/objetivos\/","title":{"rendered":"OBJECTIVES"},"content":{"rendered":"<p>[et_pb_section fb_built=&#8221;1&#8243; _builder_version=&#8221;4.2.2&#8243; background_color=&#8221;#000000&#8243; custom_padding=&#8221;0px||0px|||&#8221;][et_pb_row _builder_version=&#8221;4.2.2&#8243;][et_pb_column type=&#8221;4_4&#8243; _builder_version=&#8221;4.2.2&#8243;][et_pb_image src=&#8221;https:\/\/congresomasculinidades2.umh.es\/files\/2022\/04\/II-cabecera-eng2.png&#8221; alt=&#8221;Segundo Congreso Internacional Sobre Masculinidades e Igualdad Educaci\u00f3n para la igualdad y Co(Educaci\u00f3n)&#8221; _builder_version=&#8221;4.2.2&#8243; hover_enabled=&#8221;0&#8243; url=&#8221;https:\/\/congresomasculinidades2.umh.es\/en\/&#8221;][\/et_pb_image][\/et_pb_column][\/et_pb_row][\/et_pb_section][et_pb_section fb_built=&#8221;1&#8243; fullwidth=&#8221;on&#8221; _builder_version=&#8221;4.2.2&#8243;][et_pb_fullwidth_menu menu_id=&#8221;7135&#8243; fullwidth_menu=&#8221;off&#8221; active_link_color=&#8221;#E76996&#8243; _builder_version=&#8221;4.2.2&#8243; menu_font=&#8221;|700||on|||||&#8221; menu_text_color=&#8221;#FFFFFF&#8221; menu_font_size=&#8221;14pt&#8221; background_color=&#8221;#3A3B3D&#8221; text_orientation=&#8221;center&#8221; border_color_all=&#8221;#E02B20&#8243; border_width_all__hover_enabled=&#8221;off|hover&#8221; menu_text_color__hover_enabled=&#8221;on|hover&#8221; menu_text_color__hover=&#8221;#E76996&#8243;][\/et_pb_fullwidth_menu][\/et_pb_section][et_pb_section fb_built=&#8221;1&#8243; _builder_version=&#8221;3.22&#8243;][et_pb_row _builder_version=&#8221;3.25&#8243; background_size=&#8221;initial&#8221; background_position=&#8221;top_left&#8221; background_repeat=&#8221;repeat&#8221;][et_pb_column type=&#8221;4_4&#8243; _builder_version=&#8221;3.25&#8243; custom_padding=&#8221;|||&#8221; custom_padding__hover=&#8221;|||&#8221;][et_pb_text _builder_version=&#8221;4.2.2&#8243; background_size=&#8221;initial&#8221; background_position=&#8221;top_left&#8221; background_repeat=&#8221;repeat&#8221; custom_margin=&#8221;||-17px|||&#8221; custom_padding=&#8221;||0px|0px||&#8221;]<\/p>\n<h1 style=\"color: #324c20; text-align: center;\"><span style=\"color: #000000;\"><b>OBJECTIVES<\/b><\/span><\/h1>\n<p>&nbsp;<\/p>\n<p>[\/et_pb_text][et_pb_divider show_divider=&#8221;off&#8221; _builder_version=&#8221;4.2.2&#8243;][\/et_pb_divider][et_pb_text _builder_version=&#8221;4.2.2&#8243; text_font_size=&#8221;16px&#8221; background_size=&#8221;initial&#8221; background_position=&#8221;top_left&#8221; background_repeat=&#8221;repeat&#8221; custom_padding=&#8221;|||30px||&#8221;]<\/p>\n<ul style=\"text-align: justify\">\n<li style=\"font-weight: 400;text-align: justify\"><span style=\"font-weight: 400;color: #000000\">Analyze the importance of educating children, adolescents, youth and male adults on gender equality and feminist values to prevent violent behavior (against girls and women, other children and men, and against themselves), risk behaviors that are produced and perpetuated by sexist-chauvinist socialization, and the hegemonic male gender norms that still exist today.<\/span><\/li>\n<li style=\"font-weight: 400;text-align: justify\"><span style=\"font-weight: 400;color: #000000\">Question the various agents of socialization, such as the media, to introduce gender awareness and a feminist viewpoint, then focus on incorporating men into the fight for equality and present egalitarian male role models.<\/span><\/li>\n<li style=\"font-weight: 400;text-align: justify\"><span style=\"font-weight: 400;color: #000000\">Make public coeducational proposals and tools to implement them into the work with children, boys, and male adults in favor of achieving effective equality.<\/span><\/li>\n<li style=\"font-weight: 400;text-align: justify\"><span style=\"font-weight: 400;color: #000000\">Link and promote research on masculinities that produces socially and educationally applicable outcomes in order to achieve egalitarian masculinities as a strategy for social transformation.<\/span><\/li>\n<li style=\"font-weight: 400;text-align: justify\"><span style=\"font-weight: 400;color: #000000\">Learn the most current approaches, projects, theoretical studies, empirical work and publications in the academic, professional and educational fields that address masculinities and coeducation.<\/span><\/li>\n<li style=\"font-weight: 400;text-align: justify\"><span style=\"font-weight: 400;color: #000000\">Offer intersectional proposals for coeducational work that facilitate the deconstruction of patriarchal, violent and competitive masculinity, that which possesses the most harmful and toxic characteristics of the identity of men still dominant from the traditional model, which courts movement towards other pro-feminist and respectful models with social diversities.<\/span><\/li>\n<li style=\"font-weight: 400;text-align: justify\"><span style=\"font-weight: 400;color: #000000\">Provide faculty members, as well as people in charge of equality issues at educational centers and the very leaders of educational centers, with the strategies, proposals and good practices of experiences to incorporate the issue of egalitarian masculinities into center programming, teaching, tutorial action plans and school boards.<\/span><\/li>\n<li style=\"font-weight: 400;text-align: justify\"><span style=\"font-weight: 400;color: #000000\">Involve and train the stakeholders of educational communities at their various levels on the need for and importance of coeducational work focused on children, adolescents and young males to achieve gender equality.<\/span><\/li>\n<li style=\"font-weight: 400;text-align: justify\"><span style=\"font-weight: 400;color: #000000\">Provide materials, tools, and coeducational processes focused on masculinities, with a gender perspective for classrooms, families, the media and society in general, which enable the education of men in a manner that is non-chauvinistic, non-patriarchal, non-androcentric and egalitarian.<\/span><\/li>\n<li style=\"font-weight: 400;text-align: justify\"><span style=\"font-weight: 400;color: #000000\">Encourage the creation of interuniversity, intercenter, and interinstitutional networks of coeducational studies on pro-egalitarian masculinities on national and international levels.<\/span><\/li>\n<\/ul>\n<p style=\"text-align: justify\">[\/et_pb_text][\/et_pb_column][\/et_pb_row][\/et_pb_section]<\/p>\n","protected":false},"excerpt":{"rendered":"<p>OBJECTIVES &nbsp; Analyze the importance of educating children, adolescents, youth and male adults on gender equality and feminist values to prevent violent behavior (against girls and women, other children and men, and against themselves), risk behaviors that are produced and perpetuated by sexist-chauvinist socialization, and the hegemonic male gender norms that still exist today. Question [&hellip;]<\/p>\n","protected":false},"author":3158,"featured_media":0,"parent":0,"menu_order":2,"comment_status":"closed","ping_status":"closed","template":"","meta":{"_et_pb_use_builder":"on","_et_pb_old_content":"<p><b>OBJETIVOS:<\/b><\/p><ul><li style=\"font-weight: 400;\" aria-level=\"1\"><span style=\"font-weight: 400;\">Analizar la importancia de educar en igualdad de g\u00e9nero y valores feministas a los ni\u00f1os, adolescentes, j\u00f3venes y adultos varones para prevenir comportamientos violentos (contra ni\u00f1as y mujeres, contra otros ni\u00f1os y hombres, y contra s\u00ed mismos), conductas de riesgo que se producen y perpet\u00faan por la socializaci\u00f3n sexista-machista y los mandatos de g\u00e9nero masculino hegem\u00f3nicos que existen a\u00fan hoy en d\u00eda.<\/span><\/li><li style=\"font-weight: 400;\" aria-level=\"1\"><span style=\"font-weight: 400;\">Interpelar a los diversos agentes socializadores tales como los medios de comunicaci\u00f3n, a introducir la perspectiva de g\u00e9nero y la mirada feminista y enfocarse en incorporar a los hombres a la lucha por la igualdad y a presentar referentes de masculinidades proigualitarias.<\/span><\/li><li style=\"font-weight: 400;\" aria-level=\"1\"><span style=\"font-weight: 400;\">Dar a conocer propuestas y herramientas coeducativas para implementar el trabajo con ni\u00f1os, chicos y adultos varones en pro de la consecuci\u00f3n de la igualdad efectiva.<\/span><\/li><li style=\"font-weight: 400;\" aria-level=\"1\"><span style=\"font-weight: 400;\">Conectar e impulsar la investigaci\u00f3n en masculinidades que produzca resultados aplicables socioeducativamente con el fin de alcanzar conseguir unas masculinidades igualitarias como estrategia de transformaci\u00f3n social.<\/span><\/li><li style=\"font-weight: 400;\" aria-level=\"1\"><span style=\"font-weight: 400;\">Conocer los enfoques, proyectos, estudios te\u00f3ricos, trabajos emp\u00edricos y publicaciones m\u00e1s actuales en el \u00e1mbito acad\u00e9mico y profesional educativo que aborden la cuesti\u00f3n masculina y la coeducaci\u00f3n.<\/span><\/li><li style=\"font-weight: 400;\" aria-level=\"1\"><span style=\"font-weight: 400;\">Ofrecer propuestas interseccionales de trabajo coeducativo que faciliten la deconstrucci\u00f3n de la masculinidad patriarcal, violenta, competitiva, con esas caracter\u00edsticas m\u00e1s nocivas y t\u00f3xicas de la identidad de los hombres a\u00fan dominante del modelo tradicional que invite a transitar hacia otros modelos profeministas y respetuosos con las diversidades sociales.<\/span><\/li><li style=\"font-weight: 400;\" aria-level=\"1\"><span style=\"font-weight: 400;\">Facilitar al profesorado, a las personas responsables en los centros educativos de los temas de igualdad y los equipos directivos de centros educativos, estrategias, propuestas y buenas pr\u00e1cticas de experiencias para incorporar transversalmente la cuesti\u00f3n de las masculinidades igualitarias en la programaci\u00f3n de centro, la docencia, el Plan de acci\u00f3n tutorial y el consejo escolar.<\/span><\/li><li style=\"font-weight: 400;\" aria-level=\"1\"><span style=\"font-weight: 400;\">Involucrar y formar a los agentes de la comunidad educativa en sus diversos niveles, sobre la necesidad e importancia del trabajo coeducativo enfocado en los ni\u00f1os, adolescentes y j\u00f3venes varones en la consecuci\u00f3n de la igualdad entre g\u00e9neros.<\/span><\/li><li style=\"font-weight: 400;\" aria-level=\"1\"><span style=\"font-weight: 400;\">Aportar materiales, herramientas y procesos coeducativos centrados en la cuesti\u00f3n masculina, con perspectiva de g\u00e9nero para las aulas, las familias, los medios de comunicaci\u00f3n y la sociedad en general, que permitan educar a los varones de manera no machista, no patriarcal, no androc\u00e9ntrica, e igualitaria.<\/span><\/li><li style=\"font-weight: 400;\" aria-level=\"1\"><span style=\"font-weight: 400;\">Favorecer la creaci\u00f3n de redes interuniversitarias, intercentros, e interinstitucionales de estudios de coeducaci\u00f3n en masculinidades proigualitarias a nivel estatal e internacional.<\/span><\/li><\/ul><p>\u00a0<\/p>","_et_gb_content_width":"","_links_to":"","_links_to_target":""},"yoast_head":"<!-- This site is optimized with the Yoast SEO plugin v17.5 - https:\/\/yoast.com\/wordpress\/plugins\/seo\/ -->\n<title>OBJECTIVES - CIMASCIGUAL II<\/title>\n<meta name=\"description\" content=\"Objetivos del congreso\" \/>\n<meta name=\"robots\" content=\"index, follow, max-snippet:-1, max-image-preview:large, max-video-preview:-1\" \/>\n<link rel=\"canonical\" href=\"https:\/\/congresomasculinidades2.umh.es\/en\/objetivos\/\" \/>\n<meta property=\"og:locale\" content=\"en_US\" \/>\n<meta property=\"og:type\" content=\"article\" \/>\n<meta property=\"og:title\" content=\"OBJECTIVES - CIMASCIGUAL II\" \/>\n<meta property=\"og:description\" content=\"Objetivos del congreso\" \/>\n<meta property=\"og:url\" content=\"https:\/\/congresomasculinidades2.umh.es\/en\/objetivos\/\" \/>\n<meta property=\"og:site_name\" content=\"CIMASCIGUAL II\" \/>\n<meta property=\"article:modified_time\" content=\"2022-04-06T06:36:33+00:00\" \/>\n<meta name=\"twitter:card\" content=\"summary_large_image\" \/>\n<meta name=\"twitter:label1\" content=\"Est. reading time\" \/>\n\t<meta name=\"twitter:data1\" content=\"3 minutes\" \/>\n<script type=\"application\/ld+json\" class=\"yoast-schema-graph\">{\"@context\":\"https:\/\/schema.org\",\"@graph\":[{\"@type\":\"WebSite\",\"@id\":\"https:\/\/congresomasculinidades2.umh.es\/#website\",\"url\":\"https:\/\/congresomasculinidades2.umh.es\/\",\"name\":\"CIMASCIGUAL II\",\"description\":\"Universidad Miguel Hern\\u00e1ndez de Elche\",\"potentialAction\":[{\"@type\":\"SearchAction\",\"target\":{\"@type\":\"EntryPoint\",\"urlTemplate\":\"https:\/\/congresomasculinidades2.umh.es\/?s={search_term_string}\"},\"query-input\":\"required name=search_term_string\"}],\"inLanguage\":\"en-US\"},{\"@type\":\"WebPage\",\"@id\":\"https:\/\/congresomasculinidades2.umh.es\/en\/objetivos\/#webpage\",\"url\":\"https:\/\/congresomasculinidades2.umh.es\/en\/objetivos\/\",\"name\":\"OBJECTIVES - CIMASCIGUAL II\",\"isPartOf\":{\"@id\":\"https:\/\/congresomasculinidades2.umh.es\/#website\"},\"datePublished\":\"2018-12-03T16:23:15+00:00\",\"dateModified\":\"2022-04-06T06:36:33+00:00\",\"description\":\"Objetivos del congreso\",\"breadcrumb\":{\"@id\":\"https:\/\/congresomasculinidades2.umh.es\/en\/objetivos\/#breadcrumb\"},\"inLanguage\":\"en-US\",\"potentialAction\":[{\"@type\":\"ReadAction\",\"target\":[\"https:\/\/congresomasculinidades2.umh.es\/en\/objetivos\/\"]}]},{\"@type\":\"BreadcrumbList\",\"@id\":\"https:\/\/congresomasculinidades2.umh.es\/en\/objetivos\/#breadcrumb\",\"itemListElement\":[{\"@type\":\"ListItem\",\"position\":1,\"name\":\"Portada\",\"item\":\"https:\/\/congresomasculinidades2.umh.es\/en\/\"},{\"@type\":\"ListItem\",\"position\":2,\"name\":\"OBJECTIVES\"}]}]}<\/script>\n<!-- \/ Yoast SEO plugin. -->","yoast_head_json":{"title":"OBJECTIVES - CIMASCIGUAL II","description":"Objetivos del congreso","robots":{"index":"index","follow":"follow","max-snippet":"max-snippet:-1","max-image-preview":"max-image-preview:large","max-video-preview":"max-video-preview:-1"},"canonical":"https:\/\/congresomasculinidades2.umh.es\/en\/objetivos\/","og_locale":"en_US","og_type":"article","og_title":"OBJECTIVES - CIMASCIGUAL II","og_description":"Objetivos del congreso","og_url":"https:\/\/congresomasculinidades2.umh.es\/en\/objetivos\/","og_site_name":"CIMASCIGUAL II","article_modified_time":"2022-04-06T06:36:33+00:00","twitter_card":"summary_large_image","twitter_misc":{"Est. reading time":"3 minutes"},"schema":{"@context":"https:\/\/schema.org","@graph":[{"@type":"WebSite","@id":"https:\/\/congresomasculinidades2.umh.es\/#website","url":"https:\/\/congresomasculinidades2.umh.es\/","name":"CIMASCIGUAL II","description":"Universidad Miguel Hern\u00e1ndez de Elche","potentialAction":[{"@type":"SearchAction","target":{"@type":"EntryPoint","urlTemplate":"https:\/\/congresomasculinidades2.umh.es\/?s={search_term_string}"},"query-input":"required name=search_term_string"}],"inLanguage":"en-US"},{"@type":"WebPage","@id":"https:\/\/congresomasculinidades2.umh.es\/en\/objetivos\/#webpage","url":"https:\/\/congresomasculinidades2.umh.es\/en\/objetivos\/","name":"OBJECTIVES - CIMASCIGUAL II","isPartOf":{"@id":"https:\/\/congresomasculinidades2.umh.es\/#website"},"datePublished":"2018-12-03T16:23:15+00:00","dateModified":"2022-04-06T06:36:33+00:00","description":"Objetivos del congreso","breadcrumb":{"@id":"https:\/\/congresomasculinidades2.umh.es\/en\/objetivos\/#breadcrumb"},"inLanguage":"en-US","potentialAction":[{"@type":"ReadAction","target":["https:\/\/congresomasculinidades2.umh.es\/en\/objetivos\/"]}]},{"@type":"BreadcrumbList","@id":"https:\/\/congresomasculinidades2.umh.es\/en\/objetivos\/#breadcrumb","itemListElement":[{"@type":"ListItem","position":1,"name":"Portada","item":"https:\/\/congresomasculinidades2.umh.es\/en\/"},{"@type":"ListItem","position":2,"name":"OBJECTIVES"}]}]}},"_links":{"self":[{"href":"https:\/\/congresomasculinidades2.umh.es\/en\/wp-json\/wp\/v2\/pages\/6142"}],"collection":[{"href":"https:\/\/congresomasculinidades2.umh.es\/en\/wp-json\/wp\/v2\/pages"}],"about":[{"href":"https:\/\/congresomasculinidades2.umh.es\/en\/wp-json\/wp\/v2\/types\/page"}],"author":[{"embeddable":true,"href":"https:\/\/congresomasculinidades2.umh.es\/en\/wp-json\/wp\/v2\/users\/3158"}],"replies":[{"embeddable":true,"href":"https:\/\/congresomasculinidades2.umh.es\/en\/wp-json\/wp\/v2\/comments?post=6142"}],"version-history":[{"count":0,"href":"https:\/\/congresomasculinidades2.umh.es\/en\/wp-json\/wp\/v2\/pages\/6142\/revisions"}],"wp:attachment":[{"href":"https:\/\/congresomasculinidades2.umh.es\/en\/wp-json\/wp\/v2\/media?parent=6142"}],"curies":[{"name":"wp","href":"https:\/\/api.w.org\/{rel}","templated":true}]}}