{"id":4123,"date":"2022-03-09T13:33:56","date_gmt":"2022-03-09T12:33:56","guid":{"rendered":"https:\/\/congresomasculinidades2.umh.es\/?page_id=4123"},"modified":"2022-06-01T11:27:22","modified_gmt":"2022-06-01T09:27:22","slug":"inscripciones","status":"publish","type":"page","link":"https:\/\/congresomasculinidades2.umh.es\/ca\/inscripciones\/","title":{"rendered":"INSCRIPCIONS"},"content":{"rendered":"<p>[et_pb_section fb_built=&#8221;1&#8243; _builder_version=&#8221;4.2.2&#8243; background_color=&#8221;#000000&#8243; custom_padding=&#8221;0px||0px|||&#8221;][et_pb_row _builder_version=&#8221;4.2.2&#8243;][et_pb_column type=&#8221;4_4&#8243; _builder_version=&#8221;4.2.2&#8243;][et_pb_image src=&#8221;https:\/\/congresomasculinidades2.umh.es\/files\/2022\/03\/II-cabecera-val.png&#8221; alt=&#8221;Segundo Congreso Internacional Sobre Masculinidades e Igualdad Educaci\u00f3n para la igualdad y Co(Educaci\u00f3n)&#8221; url=&#8221;https:\/\/congresomasculinidades2.umh.es\/ca\/&#8221; _builder_version=&#8221;4.2.2&#8243;][\/et_pb_image][\/et_pb_column][\/et_pb_row][\/et_pb_section][et_pb_section fb_built=&#8221;1&#8243; fullwidth=&#8221;on&#8221; _builder_version=&#8221;4.2.2&#8243;][et_pb_fullwidth_menu menu_id=&#8221;7135&#8243; fullwidth_menu=&#8221;off&#8221; active_link_color=&#8221;#E76996&#8243; _builder_version=&#8221;4.2.2&#8243; menu_font=&#8221;|700||on|||||&#8221; menu_text_color=&#8221;#FFFFFF&#8221; menu_font_size=&#8221;14pt&#8221; background_color=&#8221;#3A3B3D&#8221; text_orientation=&#8221;center&#8221; border_color_all=&#8221;#E02B20&#8243; border_width_all__hover_enabled=&#8221;off|hover&#8221; menu_text_color__hover_enabled=&#8221;on|hover&#8221; menu_text_color__hover=&#8221;#E76996&#8243;][\/et_pb_fullwidth_menu][\/et_pb_section][et_pb_section fb_built=&#8221;1&#8243; _builder_version=&#8221;4.2.2&#8243;][et_pb_row _builder_version=&#8221;4.2.2&#8243;][et_pb_column type=&#8221;4_4&#8243; _builder_version=&#8221;4.2.2&#8243;][et_pb_text admin_label=&#8221;Texto&#8221; _builder_version=&#8221;4.2.2&#8243;]<\/p>\n<h1 class=\"c9\" style=\"text-align: center;color: #324c20\"><span style=\"color: #000000\"><strong><span class=\"c6\">INSCRIPCIONS AL CONGR\u00c9S <\/span><\/strong><\/span><\/h1>\n<h1 class=\"c9\" style=\"text-align: center;color: #324c20\"><span style=\"color: #000000\"><strong><span class=\"c6\">CIMASCIGUAL II\u00a0<\/span><\/strong><\/span><\/h1>\n<p>[\/et_pb_text][et_pb_text _builder_version=&#8221;4.2.2&#8243;]<\/p>\n<p>Passos per a la inscripci\u00f3:<\/p>\n<ul>\n<li>Empleneu i envieu el <a href=\"https:\/\/forms.gle\/dtiPApKriwMpv2LNA\" target=\"_blank\" rel=\"noopener\">formulari d&#8217;inscripci\u00f3<\/a>. Ho haureu de fer amb un compte de Google (o de la UMH). En aquest formulari heu d&#8217;adjuntar el document que acredite el vostre col\u2022lectiu per a la reducci\u00f3 del preu de la matr\u00edcula.<\/li>\n<li>Accediu a la plataforma per al pagament del rebut: <a href=\"https:\/\/universite.umh.es\/recibos\/\" target=\"_blank\" rel=\"noopener\" data-saferedirecturl=\"https:\/\/www.google.com\/url?q=https:\/\/universite.umh.es\/recibos\/&amp;source=gmail&amp;ust=1648892842590000&amp;usg=AOvVaw2H0kd9xDTAgXDAcMIyixZD\">https:\/\/universite.umh.es\/recibos\/<\/a><\/li>\n<\/ul>\n<p>&nbsp;<\/p>\n<h4><a href=\"https:\/\/forms.gle\/dtiPApKriwMpv2LNA\" target=\"_blank\" rel=\"noopener\" data-saferedirecturl=\"https:\/\/www.google.com\/url?q=https:\/\/forms.gle\/y22bEXineHymdG6X9&amp;source=gmail&amp;ust=1648892842590000&amp;usg=AOvVaw2LdcaHbTx8aI2YraazD41H\">ACC\u00c9S AL FORMULARI D\u2019INSCRIPCI\u00d3 <\/a><\/h4>\n<h4><a href=\"https:\/\/universite.umh.es\/recibos\/\" target=\"_blank\" rel=\"noopener\" data-saferedirecturl=\"https:\/\/www.google.com\/url?q=https:\/\/universite.umh.es\/recibos\/&amp;source=gmail&amp;ust=1648892842590000&amp;usg=AOvVaw2H0kd9xDTAgXDAcMIyixZD\">ACC\u00c9S A LA PLATAFORMA DE PAGAMENT DEL REBUT<\/a><\/h4>\n<p>[\/et_pb_text][et_pb_text _builder_version=&#8221;4.2.2&#8243;]<\/p>\n<h4>(INDEPENDENTMENT DE LA MODALITAT QUE S\u2019HAJA TRIAT: PRESENCIAL O VIRTUAL)<\/h4>\n<h2 class=\"c8 c24\">PER A AQUELLES PERSONES QUE PRESENTEN COMUNICACI\u00d3 AL CONGR\u00c9S:<\/h2>\n<p>[\/et_pb_text][et_pb_image src=&#8221;https:\/\/congresomasculinidades2.umh.es\/files\/2022\/06\/InscripcionesVALCOM.jpg&#8221; alt=&#8221;Tabla de precios para aquellas personas que no presentan comunicaci\u00f3n al congreso&#8221; admin_label=&#8221;Imagen&#8221; _builder_version=&#8221;4.2.2&#8243; hover_enabled=&#8221;0&#8243; locked=&#8221;off&#8221;][\/et_pb_image][et_pb_text _builder_version=&#8221;4.2.2&#8243;]<\/p>\n<p><span class=\"c1\">* En sol\u2022licitar la inscripci\u00f3, per favor adjunteu el vostre resguard de matr\u00edcula universit\u00e0ria en aquest curs acad\u00e8mic.<br \/>** Adjunteu documentaci\u00f3 que acredite la resid\u00e8ncia a un d&#8217;aquests pa\u00efsos. Pa\u00efsos considerats amb PIB baix:<\/span><\/p>\n<ul class=\"c23 lst-kix_list_20-0 start\" style=\"margin-left: 25px\">\n<li class=\"c12 c22 li-bullet-0\">Pa\u00efsos d\u2019\u00c0frica.<\/li>\n<li class=\"c12 c22 li-bullet-0\">Pa\u00efsos de Llatinoam\u00e8rica.<\/li>\n<li class=\"c12 c22 li-bullet-0\">Pa\u00efsos d\u2019\u00c0sia: (amb les excepcions d&#8217;Israel, Jap\u00f3, Corea del Sud, Taiwan, Ar\u00e0bia Saudita, Uni\u00f3 dels Emirats \u00c0rabs, Kuwait, Oman i Qatar)<\/li>\n<li class=\"c12 c22 li-bullet-0\">Els pa\u00efsos d&#8217;Europa seg\u00fcents: Alb\u00e0nia, Bielor\u00fassia, B\u00f2snia i Hercegovina, Bulg\u00e0ria, Cro\u00e0cia, Xipre, Rep\u00fablica Txeca, Est\u00f2nia, Hongria, Isl\u00e0ndia, Let\u00f2nia, Litu\u00e0nia, Maced\u00f2nia, Malta, Mold\u00e0via, Montenegro, Pol\u00f2nia, Romania, R\u00fassia, S\u00e8rbia, Eslov\u00e0quia, Eslov\u00e8nia, Turquia i Ucra\u00efna.<\/li>\n<\/ul>\n<p>*** Adjunteu documentaci\u00f3 que ho acredite.<\/p>\n<p>[\/et_pb_text][et_pb_text _builder_version=&#8221;4.2.2&#8243;]<\/p>\n<h2 class=\"c8 c24\">PER A AQUELLES PERSONES QUE NO PRESENTEN COMUNICACI\u00d3 AL CONGR\u00c9S:<\/h2>\n<p>[\/et_pb_text][et_pb_image src=&#8221;https:\/\/congresomasculinidades2.umh.es\/files\/2022\/06\/InscripcionesVALsinCOM.jpg&#8221; alt=&#8221;Tabla de precios&#8221; admin_label=&#8221;Imagen&#8221; _builder_version=&#8221;4.2.2&#8243; hover_enabled=&#8221;0&#8243;][\/et_pb_image][et_pb_text _builder_version=&#8221;4.2.2&#8243;]<\/p>\n<p><span class=\"c1\">* En sol\u2022licitar la inscripci\u00f3, per favor adjunteu el vostre resguard de matr\u00edcula universit\u00e0ria en aquest curs acad\u00e8mic.<br \/>** Adjunteu documentaci\u00f3 que acredite la resid\u00e8ncia a un d&#8217;aquests pa\u00efsos. Pa\u00efsos considerats amb PIB baix:<\/span><\/p>\n<ul class=\"c23 lst-kix_list_20-0 start\" style=\"margin-left: 25px\">\n<li class=\"c12 c22 li-bullet-0\">Pa\u00efsos d\u2019\u00c0frica.<\/li>\n<li class=\"c12 c22 li-bullet-0\">Pa\u00efsos de Llatinoam\u00e8rica.<\/li>\n<li class=\"c12 c22 li-bullet-0\">Pa\u00efsos d\u2019\u00c0sia: (amb les excepcions d&#8217;Israel, Jap\u00f3, Corea del Sud, Taiwan, Ar\u00e0bia Saudita, Uni\u00f3 dels Emirats \u00c0rabs, Kuwait, Oman i Qatar)<\/li>\n<li class=\"c12 c22 li-bullet-0\">Els pa\u00efsos d&#8217;Europa seg\u00fcents: Alb\u00e0nia, Bielor\u00fassia, B\u00f2snia i Hercegovina, Bulg\u00e0ria, Cro\u00e0cia, Xipre, Rep\u00fablica Txeca, Est\u00f2nia, Hongria, Isl\u00e0ndia, Let\u00f2nia, Litu\u00e0nia, Maced\u00f2nia, Malta, Mold\u00e0via, Montenegro, Pol\u00f2nia, Romania, R\u00fassia, S\u00e8rbia, Eslov\u00e0quia, Eslov\u00e8nia, Turquia i Ucra\u00efna.<\/li>\n<\/ul>\n<p>*** Adjunteu documentaci\u00f3 que ho acredite.<\/p>\n<p>[\/et_pb_text][\/et_pb_column][\/et_pb_row][\/et_pb_section][et_pb_section fb_built=&#8221;1&#8243; _builder_version=&#8221;4.2.2&#8243;][et_pb_row _builder_version=&#8221;4.2.2&#8243;][et_pb_column type=&#8221;4_4&#8243; _builder_version=&#8221;4.2.2&#8243;][\/et_pb_column][\/et_pb_row][\/et_pb_section]<\/p>\n","protected":false},"excerpt":{"rendered":"<p>INSCRIPCIONS AL CONGR\u00c9S CIMASCIGUAL II\u00a0Passos per a la inscripci\u00f3: Empleneu i envieu el formulari d&#8217;inscripci\u00f3. Ho haureu de fer amb un compte de Google (o de la UMH). En aquest formulari heu d&#8217;adjuntar el document que acredite el vostre col\u2022lectiu per a la reducci\u00f3 del preu de la matr\u00edcula. Accediu a la plataforma per al [&hellip;]<\/p>\n","protected":false},"author":4805,"featured_media":0,"parent":0,"menu_order":0,"comment_status":"closed","ping_status":"closed","template":"","meta":{"_et_pb_use_builder":"on","_et_pb_old_content":"<p>[et_pb_section fb_built=\"1\" _builder_version=\"4.2.2\"][et_pb_row _builder_version=\"4.2.2\"][et_pb_column type=\"4_4\" _builder_version=\"4.2.2\"][et_pb_text admin_label=\"Texto\" _builder_version=\"4.2.2\"]<\/p><h1 class=\"c9\" style=\"text-align: center; color: #324c20;\"><span style=\"color: #000000;\"><strong><span class=\"c6\">INSCRIPCIONES AL CONGRESO \u00a0<\/span><\/strong><\/span><\/h1><h1 class=\"c9\" style=\"text-align: center; color: #324c20;\"><span style=\"color: #000000;\"><strong><span class=\"c6\">CIMASCIGUAL II<\/span><\/strong><\/span><\/h1><p>\u00a0<\/p><p>[\/et_pb_text][et_pb_text _builder_version=\"4.2.2\"]<\/p><p style=\"text-align: center; font-size: 20px;\"><strong>(INDEPENDIENTEMENTE DE LA MODALIDAD QUE SE ESCOJA: PRESENCIAL O VIRTUAL)<\/strong><\/p><p class=\"c9\" style=\"text-align: center;\"><span class=\"c18\" style=\"color: #ff0000;\"><span style=\"color: #000000;\">ACCESO AL FORMULARIO DE INSCRIPCI\u00d3N<\/span> (se habilitar\u00e1 pr\u00f3ximamente)<\/span><\/p><p>[\/et_pb_text][et_pb_text _builder_version=\"4.2.2\"]<\/p><h2 class=\"c8 c24\"><strong><span class=\"c19\">PARA AQUELLAS PERSONAS QUE PRESENTAN COMUNICACI\u00d3N AL CONGRESO:<\/span><\/strong><\/h2><p>[\/et_pb_text][et_pb_image src=\"https:\/\/congresomasculinidades2.umh.es\/files\/2022\/03\/Inscrpciones_comunicacionesok2.jpg\" alt=\"Tabla de precios para aquellas personas que no presentan comunicaci\u00f3n al congreso\" admin_label=\"Imagen\" _builder_version=\"4.2.2\" hover_enabled=\"0\" locked=\"off\"][\/et_pb_image][et_pb_text _builder_version=\"4.2.2\"]<\/p><p><span class=\"c1\">* Al solicitar la inscripci\u00f3n, por favor adjunte su resguardo de matr\u00edcula universitaria en el presente curso acad\u00e9mico.<br \/>**\u00a0<\/span><span style=\"font-weight: 400;\">Adjuntar documentaci\u00f3n que acredite la residencia en uno de estos pa\u00edses. Pa\u00edses considerados con PIB bajo:<\/span><\/p><ul class=\"c23 lst-kix_list_20-0 start\" style=\"margin-left: 25px;\"><li class=\"c12 c22 li-bullet-0\"><span class=\"c1\">Pa\u00edses de \u00c1frica.<\/span><\/li><li class=\"c12 c22 li-bullet-0\"><span class=\"c1\">Pa\u00edses de Latinoam\u00e9rica.<\/span><\/li><li class=\"c12 c22 li-bullet-0\"><span class=\"c1\">Pa\u00edses de Asia: (con las excepciones de Israel, Jap\u00f3n, Corea del Sur, Taiw\u00e1n, Arabia Saudita, Emiratos \u00c1rabes Unidos, Kuwait, Om\u00e1n y Qatar)<\/span><\/li><li class=\"c12 c22 li-bullet-0\"><span class=\"c1\">Los siguientes pa\u00edses de Europa: Albania, Bielorrusia, Bosnia-Herzegovina, Bulgaria, Croacia, Chipre, Rep\u00fablica Checa, Estonia, Hungr\u00eda, Islandia, Letonia, Lituania, Macedonia, Malta, Moldavia, Montenegro, Polonia, Ruman\u00eda, Rusia, Serbia, Eslovaquia, Eslovenia, Turqu\u00eda y Ucrania.<\/span><\/li><\/ul><p>*** Adjuntar documentaci\u00f3n que lo acredite.<\/p><p>\u00a0<\/p><p>\u00a0<\/p><h2 class=\"c8 c24\">\u00a0<\/h2><h2 class=\"c8 c24\"><strong><span class=\"c19\" style=\"color: #000000;\">PARA AQUELLAS PERSONAS QUE NO PRESENTAN COMUNICACI\u00d3N AL CONGRESO:<\/span><\/strong><\/h2><p>[\/et_pb_text][et_pb_image src=\"https:\/\/congresomasculinidades2.umh.es\/files\/2022\/03\/Inscrpciones_NOcomunicaciones2.jpg\" alt=\"Tabla de precios\" admin_label=\"Imagen\" _builder_version=\"4.2.2\" hover_enabled=\"0\"][\/et_pb_image][et_pb_text _builder_version=\"4.2.2\"]<\/p><p class=\"c12\" style=\"text-align: justify;\"><span class=\"c1\">* Al solicitar la inscripci\u00f3n, por favor adjunte su resguardo de matr\u00edcula universitaria en el presente curso acad\u00e9mico.<br \/>**\u00a0<\/span><span style=\"font-weight: 400;\">Adjuntar documentaci\u00f3n que acredite la residencia en uno de estos pa\u00edses. Pa\u00edses considerados con PIB bajo:<\/span><\/p><ul class=\"c23 lst-kix_list_20-0\" style=\"margin-left: 25px;\"><li class=\"c12 c22 li-bullet-0\"><span class=\"c1\">Pa\u00edses de \u00c1frica.<\/span><\/li><li class=\"c12 c22 li-bullet-0\"><span class=\"c1\">Pa\u00edses de Latinoam\u00e9rica.<\/span><\/li><li class=\"c12 c22 li-bullet-0\"><span class=\"c1\">Pa\u00edses de Asia: (con las excepciones de Israel, Jap\u00f3n, Corea del Sur, Taiw\u00e1n, Arabia Saudita, Emiratos \u00c1rabes Unidos, Kuwait, Om\u00e1n y Qatar)<\/span><\/li><li class=\"c12 c22 li-bullet-0\" style=\"text-align: justify;\"><span class=\"c1\">Los siguientes pa\u00edses de Europa: Albania, Bielorrusia, Bosnia-Herzegovina, Bulgaria, Croacia, Chipre, Rep\u00fablica Checa, Estonia, Hungr\u00eda, Islandia, Letonia, Lituania, Macedonia, Malta, Moldavia, Montenegro, Polonia, Ruman\u00eda, Rusia, Serbia, Eslovaquia, Eslovenia, Turqu\u00eda y Ucrania.<br \/><\/span><\/li><\/ul><p>*** Adjuntar documentaci\u00f3n que lo acredite.<\/p><p>\u00a0<\/p><p>[\/et_pb_text][\/et_pb_column][\/et_pb_row][\/et_pb_section]<\/p>","_et_gb_content_width":"","_links_to":"","_links_to_target":""},"yoast_head":"<!-- This site is optimized with the Yoast SEO plugin v17.5 - https:\/\/yoast.com\/wordpress\/plugins\/seo\/ -->\n<title>INSCRIPCIONS - CIMASCIGUAL II<\/title>\n<meta name=\"robots\" content=\"index, follow, max-snippet:-1, max-image-preview:large, max-video-preview:-1\" \/>\n<link rel=\"canonical\" href=\"https:\/\/congresomasculinidades2.umh.es\/ca\/inscripciones\/\" \/>\n<meta property=\"og:locale\" content=\"ca_ES\" \/>\n<meta property=\"og:type\" content=\"article\" \/>\n<meta property=\"og:title\" content=\"INSCRIPCIONS - CIMASCIGUAL II\" \/>\n<meta property=\"og:description\" content=\"INSCRIPCIONS AL CONGR\u00c9S CIMASCIGUAL II\u00a0Passos per a la inscripci\u00f3: Empleneu i envieu el formulari d&#039;inscripci\u00f3. Ho haureu de fer amb un compte de Google (o de la UMH). En aquest formulari heu d&#039;adjuntar el document que acredite el vostre col\u2022lectiu per a la reducci\u00f3 del preu de la matr\u00edcula. Accediu a la plataforma per al [&hellip;]\" \/>\n<meta property=\"og:url\" content=\"https:\/\/congresomasculinidades2.umh.es\/ca\/inscripciones\/\" \/>\n<meta property=\"og:site_name\" content=\"CIMASCIGUAL II\" \/>\n<meta property=\"article:modified_time\" content=\"2022-06-01T09:27:22+00:00\" \/>\n<meta name=\"twitter:card\" content=\"summary_large_image\" \/>\n<meta name=\"twitter:label1\" content=\"Temps estimat de lectura\" \/>\n\t<meta name=\"twitter:data1\" content=\"3 minuts\" \/>\n<script type=\"application\/ld+json\" class=\"yoast-schema-graph\">{\"@context\":\"https:\/\/schema.org\",\"@graph\":[{\"@type\":\"WebSite\",\"@id\":\"https:\/\/congresomasculinidades2.umh.es\/#website\",\"url\":\"https:\/\/congresomasculinidades2.umh.es\/\",\"name\":\"CIMASCIGUAL II\",\"description\":\"Universidad Miguel Hern\\u00e1ndez de Elche\",\"potentialAction\":[{\"@type\":\"SearchAction\",\"target\":{\"@type\":\"EntryPoint\",\"urlTemplate\":\"https:\/\/congresomasculinidades2.umh.es\/?s={search_term_string}\"},\"query-input\":\"required name=search_term_string\"}],\"inLanguage\":\"ca\"},{\"@type\":\"WebPage\",\"@id\":\"https:\/\/congresomasculinidades2.umh.es\/ca\/inscripciones\/#webpage\",\"url\":\"https:\/\/congresomasculinidades2.umh.es\/ca\/inscripciones\/\",\"name\":\"INSCRIPCIONS - CIMASCIGUAL II\",\"isPartOf\":{\"@id\":\"https:\/\/congresomasculinidades2.umh.es\/#website\"},\"datePublished\":\"2022-03-09T12:33:56+00:00\",\"dateModified\":\"2022-06-01T09:27:22+00:00\",\"breadcrumb\":{\"@id\":\"https:\/\/congresomasculinidades2.umh.es\/ca\/inscripciones\/#breadcrumb\"},\"inLanguage\":\"ca\",\"potentialAction\":[{\"@type\":\"ReadAction\",\"target\":[\"https:\/\/congresomasculinidades2.umh.es\/ca\/inscripciones\/\"]}]},{\"@type\":\"BreadcrumbList\",\"@id\":\"https:\/\/congresomasculinidades2.umh.es\/ca\/inscripciones\/#breadcrumb\",\"itemListElement\":[{\"@type\":\"ListItem\",\"position\":1,\"name\":\"Portada\",\"item\":\"https:\/\/congresomasculinidades2.umh.es\/ca\/\"},{\"@type\":\"ListItem\",\"position\":2,\"name\":\"INSCRIPCIONS\"}]}]}<\/script>\n<!-- \/ Yoast SEO plugin. -->","yoast_head_json":{"title":"INSCRIPCIONS - CIMASCIGUAL II","robots":{"index":"index","follow":"follow","max-snippet":"max-snippet:-1","max-image-preview":"max-image-preview:large","max-video-preview":"max-video-preview:-1"},"canonical":"https:\/\/congresomasculinidades2.umh.es\/ca\/inscripciones\/","og_locale":"ca_ES","og_type":"article","og_title":"INSCRIPCIONS - CIMASCIGUAL II","og_description":"INSCRIPCIONS AL CONGR\u00c9S CIMASCIGUAL II\u00a0Passos per a la inscripci\u00f3: Empleneu i envieu el formulari d'inscripci\u00f3. Ho haureu de fer amb un compte de Google (o de la UMH). En aquest formulari heu d'adjuntar el document que acredite el vostre col\u2022lectiu per a la reducci\u00f3 del preu de la matr\u00edcula. Accediu a la plataforma per al [&hellip;]","og_url":"https:\/\/congresomasculinidades2.umh.es\/ca\/inscripciones\/","og_site_name":"CIMASCIGUAL II","article_modified_time":"2022-06-01T09:27:22+00:00","twitter_card":"summary_large_image","twitter_misc":{"Temps estimat de lectura":"3 minuts"},"schema":{"@context":"https:\/\/schema.org","@graph":[{"@type":"WebSite","@id":"https:\/\/congresomasculinidades2.umh.es\/#website","url":"https:\/\/congresomasculinidades2.umh.es\/","name":"CIMASCIGUAL II","description":"Universidad Miguel Hern\u00e1ndez de Elche","potentialAction":[{"@type":"SearchAction","target":{"@type":"EntryPoint","urlTemplate":"https:\/\/congresomasculinidades2.umh.es\/?s={search_term_string}"},"query-input":"required name=search_term_string"}],"inLanguage":"ca"},{"@type":"WebPage","@id":"https:\/\/congresomasculinidades2.umh.es\/ca\/inscripciones\/#webpage","url":"https:\/\/congresomasculinidades2.umh.es\/ca\/inscripciones\/","name":"INSCRIPCIONS - CIMASCIGUAL II","isPartOf":{"@id":"https:\/\/congresomasculinidades2.umh.es\/#website"},"datePublished":"2022-03-09T12:33:56+00:00","dateModified":"2022-06-01T09:27:22+00:00","breadcrumb":{"@id":"https:\/\/congresomasculinidades2.umh.es\/ca\/inscripciones\/#breadcrumb"},"inLanguage":"ca","potentialAction":[{"@type":"ReadAction","target":["https:\/\/congresomasculinidades2.umh.es\/ca\/inscripciones\/"]}]},{"@type":"BreadcrumbList","@id":"https:\/\/congresomasculinidades2.umh.es\/ca\/inscripciones\/#breadcrumb","itemListElement":[{"@type":"ListItem","position":1,"name":"Portada","item":"https:\/\/congresomasculinidades2.umh.es\/ca\/"},{"@type":"ListItem","position":2,"name":"INSCRIPCIONS"}]}]}},"_links":{"self":[{"href":"https:\/\/congresomasculinidades2.umh.es\/ca\/wp-json\/wp\/v2\/pages\/4123"}],"collection":[{"href":"https:\/\/congresomasculinidades2.umh.es\/ca\/wp-json\/wp\/v2\/pages"}],"about":[{"href":"https:\/\/congresomasculinidades2.umh.es\/ca\/wp-json\/wp\/v2\/types\/page"}],"author":[{"embeddable":true,"href":"https:\/\/congresomasculinidades2.umh.es\/ca\/wp-json\/wp\/v2\/users\/4805"}],"replies":[{"embeddable":true,"href":"https:\/\/congresomasculinidades2.umh.es\/ca\/wp-json\/wp\/v2\/comments?post=4123"}],"version-history":[{"count":0,"href":"https:\/\/congresomasculinidades2.umh.es\/ca\/wp-json\/wp\/v2\/pages\/4123\/revisions"}],"wp:attachment":[{"href":"https:\/\/congresomasculinidades2.umh.es\/ca\/wp-json\/wp\/v2\/media?parent=4123"}],"curies":[{"name":"wp","href":"https:\/\/api.w.org\/{rel}","templated":true}]}}