{"id":4105,"date":"2022-03-09T13:30:06","date_gmt":"2022-03-09T12:30:06","guid":{"rendered":"https:\/\/congresomasculinidades2.umh.es\/?page_id=4105"},"modified":"2022-06-23T18:56:22","modified_gmt":"2022-06-23T16:56:22","slug":"valencia-sesiones-cientificas","status":"publish","type":"page","link":"https:\/\/congresomasculinidades2.umh.es\/ca\/valencia-sesiones-cientificas\/","title":{"rendered":"SESSIONS CIENT\u00cdFIQUES"},"content":{"rendered":"<p>[et_pb_section fb_built=&#8221;1&#8243; _builder_version=&#8221;4.2.2&#8243; background_color=&#8221;#000000&#8243; custom_padding=&#8221;0px||0px|||&#8221;][et_pb_row _builder_version=&#8221;4.2.2&#8243;][et_pb_column type=&#8221;4_4&#8243; _builder_version=&#8221;4.2.2&#8243;][et_pb_image src=&#8221;https:\/\/congresomasculinidades2.umh.es\/files\/2022\/03\/II-cabecera-val.png&#8221; alt=&#8221;Segundo Congreso Internacional Sobre Masculinidades e Igualdad Educaci\u00f3n para la igualdad y Co(Educaci\u00f3n)&#8221; url=&#8221;https:\/\/congresomasculinidades2.umh.es\/ca\/&#8221; _builder_version=&#8221;4.2.2&#8243;][\/et_pb_image][\/et_pb_column][\/et_pb_row][\/et_pb_section][et_pb_section fb_built=&#8221;1&#8243; fullwidth=&#8221;on&#8221; _builder_version=&#8221;4.2.2&#8243;][et_pb_fullwidth_menu menu_id=&#8221;7135&#8243; fullwidth_menu=&#8221;off&#8221; active_link_color=&#8221;#E76996&#8243; _builder_version=&#8221;4.2.2&#8243; menu_font=&#8221;|700||on|||||&#8221; menu_text_color=&#8221;#FFFFFF&#8221; menu_font_size=&#8221;14pt&#8221; background_color=&#8221;#3A3B3D&#8221; text_orientation=&#8221;center&#8221; border_color_all=&#8221;#E02B20&#8243; border_width_all__hover_enabled=&#8221;off|hover&#8221; menu_text_color__hover_enabled=&#8221;on|hover&#8221; menu_text_color__hover=&#8221;#E76996&#8243;][\/et_pb_fullwidth_menu][\/et_pb_section][et_pb_section fb_built=&#8221;1&#8243; admin_label=&#8221;section&#8221; _builder_version=&#8221;3.22&#8243;][et_pb_row admin_label=&#8221;row&#8221; _builder_version=&#8221;3.25&#8243; background_size=&#8221;initial&#8221; background_position=&#8221;top_left&#8221; background_repeat=&#8221;repeat&#8221;][et_pb_column type=&#8221;4_4&#8243; _builder_version=&#8221;3.25&#8243; custom_padding=&#8221;|||&#8221; custom_padding__hover=&#8221;|||&#8221;][et_pb_text admin_label=&#8221;titulo&#8221; _builder_version=&#8221;4.2.2&#8243; background_size=&#8221;initial&#8221; background_position=&#8221;top_left&#8221; background_repeat=&#8221;repeat&#8221; custom_margin=&#8221;||13px|||&#8221;]<\/p>\n<h1 style=\"text-align: center\"><span style=\"color: #000000\"><b>INTERVENCIONS I SESSIONS CIENT\u00cdFIQUES<\/b><\/span><\/h1>\n<p>[\/et_pb_text][et_pb_text admin_label=&#8221;Text&#8221; _builder_version=&#8221;4.2.2&#8243; text_font_size=&#8221;16px&#8221; background_size=&#8221;initial&#8221; background_position=&#8221;top_left&#8221; background_repeat=&#8221;repeat&#8221; custom_margin=&#8221;||0px|||&#8221; custom_padding=&#8221;|||50px||&#8221; hover_enabled=&#8221;0&#8243;]<\/p>\n<p style=\"text-align: justify\"><span style=\"font-weight: 400\">Aquest <\/span><b>\u201cII CONGR\u00c9S INTERNACIONAL SOBRE MASCULINITATS I IGUALTAT: EDUCACI\u00d3 PER A LA IGUALTAT I CO(EDUCACI\u00d3)\u201d (CIMASCIGUAL II) <\/b><span style=\"font-weight: 400\">compta amb conferenciants, ponents i coordinadors\/es de sessions experts\/es en la mat\u00e8ria de reconegut prestigi a nivell internacional.<\/span><\/p>\n<ul style=\"text-align: justify\">\n<li><b>SESSI\u00d3 CIENT\u00cdFICA 1.<\/b> <span style=\"font-weight: 400;color: #800080\">Lloc: Auditori. <\/span><b><i><span style=\"color: #800080\">ABORDATGE DE LA MASCULINITAT EN L&#8217;ACCI\u00d3 SOCIOEDUCATIVA: PREVENCI\u00d3 DE VIOL\u00c8NCIES, <\/span>EXPERI\u00c8NCIES I BONES PR\u00c0CTIQUES.<\/i><\/b><i><span style=\"font-weight: 400\">.<\/span><\/i><\/li>\n<\/ul>\n<p><b>Coordinen:<\/b><\/p>\n<ul>\n<li>Dra. Beatriz Ranea (Universidad Complutense de Madrid)<\/li>\n<li>D.Franches Belenguer (RHxI)<\/li>\n<li>Dra. M\u00aa Jes\u00fas Navarro (Universitat Miguel Hern\u00e1ndez d\u2019Elx)<\/li>\n<li>D. Juan Lillo (Soci\u00f2leg expert en coeducaci\u00f3n)<\/li>\n<\/ul>\n<p><b>Tem\u00e0tiques: <\/b>Educaci\u00f3 sexual. Prevenci\u00f3 de la viol\u00e8ncia de g\u00e8nere. Viol\u00e8ncia(es) de g\u00e8nere. Viol\u00e8ncia sexual, experi\u00e8ncies educatives de masculinitats a les aules.<\/p>\n<p>&nbsp;<\/p>\n<ul style=\"text-align: justify\">\n<li style=\"font-weight: 400\"><b>SESSI\u00d3 CIENT\u00cdFICA 2. <\/b><span style=\"color: #800080\"><span style=\"font-weight: 400\"> Lloc: sala 1. <\/span><b><i>L&#8217;APRENENTATGE I LA TRANSMISSI\u00d3 DE LA MASCULINITAT TRADICIONAL<\/i><\/b>\u00a0<\/span><\/li>\n<\/ul>\n<p><b>Coordinen: <\/b><\/p>\n<ul>\n<li style=\"font-weight: 400\">Dr. Iv\u00e1n Sambade (Universidad de Valladolid)<\/li>\n<li style=\"font-weight: 400\">Dr. Joan Sanfelix (Universitat Jaume I de Castell\u00f3)<\/li>\n<li style=\"font-weight: 400\">Dra. Tatiana Moura (Universidad de Coimbra, Portugal)<\/li>\n<\/ul>\n<p><b>Tem\u00e0tiques: <\/b>Masculinitat hegem\u00f2nica. Masculinitat tradicional. Construcci\u00f3 social de la masculinitat. Pr\u00e0ctiques de masculinitat. Funcions de la masculinitat. Rols masculins.<\/p>\n<p>&nbsp;<\/p>\n<ul style=\"text-align: justify\">\n<li style=\"font-weight: 400\"><b>SESSI\u00d3 CIENT\u00cdFICA 3<\/b><b>.<\/b><span style=\"font-weight: 400;color: #800080\"> Lloc: sala 2. <\/span><b><i><span style=\"color: #800080\">PR\u00c0CTIQUES I REALITATS MASCULINES DES D&#8217;UNA MIRADA INTERSECCIONAL I INCLUSIVA<\/span>.<\/i><\/b><\/li>\n<\/ul>\n<p><b>Coordinen:<\/b><\/p>\n<ul>\n<li>Dra. Bego\u00f1a Enguix (Universitat Oberta de Catalunya)<\/li>\n<li>Dr. Paco Abril (Universitat de Girona)<\/li>\n<li>Dr. Salvador Vidal (American University, Washington DC. EEUU)<\/li>\n<\/ul>\n<p><b>Tem\u00e0tiques:<\/b>Interseccionalitat i masculinitats. Masculinitats dissidents. Estudis LGTBIQ+ sobre masculinitats. Homes i diversitat: orientaci\u00f3 sexual, capacitat, edat, \u00e8tnia\/trets racials, decolonialitat, etc. Diversitat, inclusi\u00f3 i educaci\u00f3 en igualtat de g\u00e8nere.<\/p>\n<p>&nbsp;<\/p>\n<ul style=\"text-align: justify\">\n<li style=\"font-weight: 400\"><b>SESSI\u00d3 CIENT\u00cdFICA 4. <\/b> <span style=\"color: #800080\"><span style=\"font-weight: 400\">Lloc: sala de confer\u00e8ncies. <\/span><b><i>EDUCANT PER A LA CORESPONSABILITAT I LA CURA DES DE LES MASCULINITATS IGUALIT\u00c0RIES<\/i><\/b><\/span><b> <\/b><\/li>\n<\/ul>\n<p><b>Coordinen:<\/b><\/p>\n<ul>\n<li>Dra. Alejandra Salguero (UNAM, M\u00e9xico)<\/li>\n<li>D. Ritxar Bacete (Promundo)<\/li>\n<li>Dra. Fina Ant\u00f3n (Universidad de Murcia)<\/li>\n<\/ul>\n<p><b>Tem\u00e0tiques: <\/b>Educar per a la coresponsabilitat. Educaci\u00f3 per a l&#8217;\u00e8tica de la cura. Masculinitats i cures. Paternitats igualit\u00e0ries. Socialitzaci\u00f3, homes i pr\u00e0ctiques de cures.<\/p>\n<p>&nbsp;<\/p>\n<ul style=\"text-align: justify\">\n<li style=\"font-weight: 400\"><b>SESSI\u00d3 CIENT\u00cdFICA 5.<\/b> <span style=\"color: #800080\"><span style=\"font-weight: 400\">Lloc: Auditori. <\/span><b><i>REPRESENTACIONS CULTURALS DE MASCULINITAT: EDUCANT DES DE LA LITERATURA, EL CINEMA, LA M\u00daSICA I ELS MITJANS DE COMUNICACI\u00d3 DE MASSES<\/i><\/b><\/span><\/li>\n<\/ul>\n<p><b>Coordinen:<\/b><\/p>\n<ul>\n<li>Dr. Carmelo Hern\u00e1ndez (Universitat d\u2019Alacant)<\/li>\n<li>Dr. Jorge Garc\u00eda (Universidad Santiago de Compostela)<\/li>\n<li>Dr. Josep M\u00aa Armegol (Universidad de Castilla La Mancha)<\/li>\n<li>D\u00aa. Rebeca de las Heras (Observatori de les Masculinitats. UMH)<\/li>\n<\/ul>\n<p><b>Tem\u00e0tiques: <\/b>Masculinitat i artefactes\/productes culturals. Literatura i masculinitat. M\u00fasica i masculinitat. Cinema i masculinitat. R\u00e0dio i masculinitat. Mitjans de comunicaci\u00f3n de masses i masculinitat. Videojocs i masculinitat. Noves tecnologies, xarxes socials i masculinitat.<\/p>\n<p>&nbsp;<\/p>\n<ul style=\"text-align: justify\">\n<li style=\"font-weight: 400\"><b>SESSI\u00d3 CIENT\u00cdFICA 6. <\/b> <span style=\"color: #800080\"><span style=\"font-weight: 400\">Lloc: sala 1. <\/span><b><i>ACTIVISME, (CO)EDUCACI\u00d3 I IGUALTAT: TRANSFORMANT MASCULINITATS DES DE LA SOCIETAT CIVIL.<\/i><\/b><i> <\/i> <\/span><\/li>\n<\/ul>\n<p><b>Coordinen: <\/b><\/p>\n<ul>\n<li>D. Joaquim Montaner (Observatori de les Masculinitats. UMH. FIS.)<\/li>\n<li>D. Erick Pescador (CEGMI)<\/li>\n<li>D. Miguel L\u00e1zaro (Masculinidades Beta)<\/li>\n<li>D. Lionel S. Delgado (Universitat de Barcelona)<\/li>\n<\/ul>\n<p><b>Tem\u00e0tiques: <\/b>Feminismes i masculinitats. Activisme d\u2019homes per la igualtat. Manosfera (Manosphere). Homes mitopo\u00e8tics. Pr\u00e0ctiques coeducatives des de l&#8217;activisme dels homes. Moviments socials. Moviment d\u2019homes per la igualtat.<\/p>\n<p>&nbsp;<\/p>\n<ul style=\"text-align: justify\">\n<li><b>SESSI\u00d3 CIENT\u00cdFICA 7. <\/b><b>.<\/b> <span style=\"color: #800080\"><span style=\"font-weight: 400\">Lloc: sala 2. <\/span><b><i>CAP A UNA INTERVENCI\u00d3 SOCIOEDUCATIVA AMB HOMES: VULNERABILITAT SOCIAL, SALUT I FRAC\u00c0S MASCUL\u00cd EN L&#8217;ERA DEL COVID-19.<\/i><\/b><\/span><\/li>\n<\/ul>\n<p><b>Coordinen: <\/b><\/p>\n<ul>\n<li>Dra. Bakea Alonso (CEPAIM)<\/li>\n<li>D. Jorge Cascales (Universitat de Val\u00e8ncia)<\/li>\n<li>Dr. Benno de Keijzer Universidad Veracruzana, M\u00e9xico)<\/li>\n<li>Dr. Juan Blanco (Universidad Pablo Olavide, Sevilla)<\/li>\n<\/ul>\n<p><b>Tem\u00e0tiques: <\/b>Masculinitat marginal. Masculinitat i vulnerabilitat social. Masculinitats, precarietat i pobresa. Masculinitats i intervenci\u00f3 social. Masculinitats en el sistema de benestar social. Masculinitat i salut. Masculinitat i Covid-19. Masculinitat i sensellarisme. Su\u00efcidi mascul\u00ed. Masculinitat i pres\u00f3. Masculinitat i pobresa. Masculinitats i pol\u00edtiques p\u00fabliques.<i>Working With Men<\/i>.<\/p>\n<p>&nbsp;<\/p>\n<p><b>SESSI\u00d3 CIENT\u00cdFICA 8: <\/b> <span style=\"color: #800080\"><span style=\"font-weight: 400\">Lloc: sala de confer\u00e8ncies. <\/span><b><i>NOUS ENFOCAMENTS EDUCATIUS PER A HOMES EN ALTRES \u00c0MBITS: RELIGI\u00d3, ESPORT, COS, OCI, ETC.<\/i><\/b> <\/span><\/p>\n<p><b>Coordinen:<\/b><\/p>\n<ul>\n<li>Dr. Javier Eloy Mart\u00ednez (Universidad de Murcia)<\/li>\n<li>Dr. Juan Jos\u00e9 Tamayo (Universidad Carlos III de Madrid)<\/li>\n<li>Dr. Jos\u00e9 Luis Anta (Universidad de Ja\u00e9n)<\/li>\n<li>Dr. Fulgencio S\u00e1nchez (Universidad de La Laguna)<\/li>\n<\/ul>\n<p><b>Tem\u00e0tiques: <\/b>Educaci\u00f3, homes i espiritualitat. Religi\u00f3 i masculinitat. Homes, cos, esport. Educaci\u00f3 igualit\u00e0ria per a homes en educaci\u00f3 f\u00edsica. Masculinitats i pr\u00e0ctiques de lleure. Etc.<\/p>\n<p>&nbsp;<\/p>\n<p>[\/et_pb_text][et_pb_text admin_label=&#8221;Text&#8221; _builder_version=&#8221;4.2.2&#8243; background_size=&#8221;initial&#8221; background_position=&#8221;top_left&#8221; background_repeat=&#8221;repeat&#8221;]<\/p>\n<p style=\"font-size: 16px;text-align: justify\">Tenint present el context de pand\u00e8mia actual de COVID-19, i la incertesa que existeix sobre la seua evoluci\u00f3 i les circumst\u00e0ncies que hi haur\u00e0 a l&#8217;octubre del 2022, presentem aquest congr\u00e9s amb una modalitat dual-mixta. Podrem tenir intervencions de conferenciants o ponents en l\u00ednia (streaming per videoconfer\u00e8ncies) juntament amb altres presencials en directe.<\/p>\n<p style=\"text-align: justify\"><span style=\"font-weight: 400\">De la mateixa manera, i depenent de les circumst\u00e0ncies, tindrem en compte que les persones inscrites assistents al congr\u00e9s tinguen la possibilitat d&#8217;assistir-hi de manera<\/span><i><span style=\"font-weight: 400\">online<\/span><\/i><span style=\"font-weight: 400\"> o presencial.<\/span><\/p>\n<p style=\"text-align: justify\"><span style=\"font-weight: 400\">Per a les vuit sessions cient\u00edfiques de comunicacions que oferim al congr\u00e9s, perseguim que persones expertes (principalment professionals de l&#8217;\u00e0mbit educatiu: acad\u00e8mic, educaci\u00f3 d&#8217;adults, de secund\u00e0ria, de prim\u00e0ria, d&#8217;infantil), d&#8217;altres entorns educacionals (formals o no formals, mitjans de comunicaci\u00f3, etc.) de diferents latituds del planeta puguen presentar les seues aportacions. Prioritzem la presencialitat, si la situaci\u00f3 epidemiol\u00f2gica ho permet, encara que tamb\u00e9 obrirem la possibilitat de comunicacions a participants no presencials, perqu\u00e8 puguen compartir els seus coneixements, experi\u00e8ncies i investigacions sobre coeducaci\u00f3 i la masculinitat en totes les seves dimensions, donant una visi\u00f3 global i alhora local del fenomen, q\u00fcesti\u00f3 que enriqueix el debat i genera possibilitats d\u2019acci\u00f3 concreta.<\/span><\/p>\n<p>[\/et_pb_text][\/et_pb_column][\/et_pb_row][\/et_pb_section]<\/p>\n","protected":false},"excerpt":{"rendered":"<p>INTERVENCIONS I SESSIONS CIENT\u00cdFIQUESAquest \u201cII CONGR\u00c9S INTERNACIONAL SOBRE MASCULINITATS I IGUALTAT: EDUCACI\u00d3 PER A LA IGUALTAT I CO(EDUCACI\u00d3)\u201d (CIMASCIGUAL II) compta amb conferenciants, ponents i coordinadors\/es de sessions experts\/es en la mat\u00e8ria de reconegut prestigi a nivell internacional. SESSI\u00d3 CIENT\u00cdFICA 1. Lloc: Auditori. ABORDATGE DE LA MASCULINITAT EN L&#8217;ACCI\u00d3 SOCIOEDUCATIVA: PREVENCI\u00d3 DE VIOL\u00c8NCIES, EXPERI\u00c8NCIES I [&hellip;]<\/p>\n","protected":false},"author":3158,"featured_media":0,"parent":0,"menu_order":6,"comment_status":"closed","ping_status":"closed","template":"","meta":{"_et_pb_use_builder":"on","_et_pb_old_content":"","_et_gb_content_width":"","_links_to":"","_links_to_target":""},"yoast_head":"<!-- This site is optimized with the Yoast SEO plugin v17.5 - https:\/\/yoast.com\/wordpress\/plugins\/seo\/ -->\n<title>SESSIONS CIENT\u00cdFIQUES - CIMASCIGUAL II<\/title>\n<meta name=\"robots\" content=\"index, follow, max-snippet:-1, max-image-preview:large, max-video-preview:-1\" \/>\n<link rel=\"canonical\" href=\"https:\/\/congresomasculinidades2.umh.es\/ca\/valencia-sesiones-cientificas\/\" \/>\n<meta property=\"og:locale\" content=\"ca_ES\" \/>\n<meta property=\"og:type\" content=\"article\" \/>\n<meta property=\"og:title\" content=\"SESSIONS CIENT\u00cdFIQUES - CIMASCIGUAL II\" \/>\n<meta property=\"og:description\" content=\"INTERVENCIONS I SESSIONS CIENT\u00cdFIQUESAquest \u201cII CONGR\u00c9S INTERNACIONAL SOBRE MASCULINITATS I IGUALTAT: EDUCACI\u00d3 PER A LA IGUALTAT I CO(EDUCACI\u00d3)\u201d (CIMASCIGUAL II) compta amb conferenciants, ponents i coordinadors\/es de sessions experts\/es en la mat\u00e8ria de reconegut prestigi a nivell internacional. SESSI\u00d3 CIENT\u00cdFICA 1. Lloc: Auditori. ABORDATGE DE LA MASCULINITAT EN L&#039;ACCI\u00d3 SOCIOEDUCATIVA: PREVENCI\u00d3 DE VIOL\u00c8NCIES, EXPERI\u00c8NCIES I [&hellip;]\" \/>\n<meta property=\"og:url\" content=\"https:\/\/congresomasculinidades2.umh.es\/ca\/valencia-sesiones-cientificas\/\" \/>\n<meta property=\"og:site_name\" content=\"CIMASCIGUAL II\" \/>\n<meta property=\"article:modified_time\" content=\"2022-06-23T16:56:22+00:00\" \/>\n<meta name=\"twitter:card\" content=\"summary_large_image\" \/>\n<meta name=\"twitter:label1\" content=\"Temps estimat de lectura\" \/>\n\t<meta name=\"twitter:data1\" content=\"6 minuts\" \/>\n<script type=\"application\/ld+json\" class=\"yoast-schema-graph\">{\"@context\":\"https:\/\/schema.org\",\"@graph\":[{\"@type\":\"WebSite\",\"@id\":\"https:\/\/congresomasculinidades2.umh.es\/#website\",\"url\":\"https:\/\/congresomasculinidades2.umh.es\/\",\"name\":\"CIMASCIGUAL II\",\"description\":\"Universidad Miguel Hern\\u00e1ndez de Elche\",\"potentialAction\":[{\"@type\":\"SearchAction\",\"target\":{\"@type\":\"EntryPoint\",\"urlTemplate\":\"https:\/\/congresomasculinidades2.umh.es\/?s={search_term_string}\"},\"query-input\":\"required name=search_term_string\"}],\"inLanguage\":\"ca\"},{\"@type\":\"WebPage\",\"@id\":\"https:\/\/congresomasculinidades2.umh.es\/ca\/valencia-sesiones-cientificas\/#webpage\",\"url\":\"https:\/\/congresomasculinidades2.umh.es\/ca\/valencia-sesiones-cientificas\/\",\"name\":\"SESSIONS CIENT\\u00cdFIQUES - CIMASCIGUAL II\",\"isPartOf\":{\"@id\":\"https:\/\/congresomasculinidades2.umh.es\/#website\"},\"datePublished\":\"2022-03-09T12:30:06+00:00\",\"dateModified\":\"2022-06-23T16:56:22+00:00\",\"breadcrumb\":{\"@id\":\"https:\/\/congresomasculinidades2.umh.es\/ca\/valencia-sesiones-cientificas\/#breadcrumb\"},\"inLanguage\":\"ca\",\"potentialAction\":[{\"@type\":\"ReadAction\",\"target\":[\"https:\/\/congresomasculinidades2.umh.es\/ca\/valencia-sesiones-cientificas\/\"]}]},{\"@type\":\"BreadcrumbList\",\"@id\":\"https:\/\/congresomasculinidades2.umh.es\/ca\/valencia-sesiones-cientificas\/#breadcrumb\",\"itemListElement\":[{\"@type\":\"ListItem\",\"position\":1,\"name\":\"Portada\",\"item\":\"https:\/\/congresomasculinidades2.umh.es\/ca\/\"},{\"@type\":\"ListItem\",\"position\":2,\"name\":\"SESSIONS CIENT\\u00cdFIQUES\"}]}]}<\/script>\n<!-- \/ Yoast SEO plugin. -->","yoast_head_json":{"title":"SESSIONS CIENT\u00cdFIQUES - CIMASCIGUAL II","robots":{"index":"index","follow":"follow","max-snippet":"max-snippet:-1","max-image-preview":"max-image-preview:large","max-video-preview":"max-video-preview:-1"},"canonical":"https:\/\/congresomasculinidades2.umh.es\/ca\/valencia-sesiones-cientificas\/","og_locale":"ca_ES","og_type":"article","og_title":"SESSIONS CIENT\u00cdFIQUES - CIMASCIGUAL II","og_description":"INTERVENCIONS I SESSIONS CIENT\u00cdFIQUESAquest \u201cII CONGR\u00c9S INTERNACIONAL SOBRE MASCULINITATS I IGUALTAT: EDUCACI\u00d3 PER A LA IGUALTAT I CO(EDUCACI\u00d3)\u201d (CIMASCIGUAL II) compta amb conferenciants, ponents i coordinadors\/es de sessions experts\/es en la mat\u00e8ria de reconegut prestigi a nivell internacional. SESSI\u00d3 CIENT\u00cdFICA 1. Lloc: Auditori. ABORDATGE DE LA MASCULINITAT EN L'ACCI\u00d3 SOCIOEDUCATIVA: PREVENCI\u00d3 DE VIOL\u00c8NCIES, EXPERI\u00c8NCIES I [&hellip;]","og_url":"https:\/\/congresomasculinidades2.umh.es\/ca\/valencia-sesiones-cientificas\/","og_site_name":"CIMASCIGUAL II","article_modified_time":"2022-06-23T16:56:22+00:00","twitter_card":"summary_large_image","twitter_misc":{"Temps estimat de lectura":"6 minuts"},"schema":{"@context":"https:\/\/schema.org","@graph":[{"@type":"WebSite","@id":"https:\/\/congresomasculinidades2.umh.es\/#website","url":"https:\/\/congresomasculinidades2.umh.es\/","name":"CIMASCIGUAL II","description":"Universidad Miguel Hern\u00e1ndez de Elche","potentialAction":[{"@type":"SearchAction","target":{"@type":"EntryPoint","urlTemplate":"https:\/\/congresomasculinidades2.umh.es\/?s={search_term_string}"},"query-input":"required name=search_term_string"}],"inLanguage":"ca"},{"@type":"WebPage","@id":"https:\/\/congresomasculinidades2.umh.es\/ca\/valencia-sesiones-cientificas\/#webpage","url":"https:\/\/congresomasculinidades2.umh.es\/ca\/valencia-sesiones-cientificas\/","name":"SESSIONS CIENT\u00cdFIQUES - CIMASCIGUAL II","isPartOf":{"@id":"https:\/\/congresomasculinidades2.umh.es\/#website"},"datePublished":"2022-03-09T12:30:06+00:00","dateModified":"2022-06-23T16:56:22+00:00","breadcrumb":{"@id":"https:\/\/congresomasculinidades2.umh.es\/ca\/valencia-sesiones-cientificas\/#breadcrumb"},"inLanguage":"ca","potentialAction":[{"@type":"ReadAction","target":["https:\/\/congresomasculinidades2.umh.es\/ca\/valencia-sesiones-cientificas\/"]}]},{"@type":"BreadcrumbList","@id":"https:\/\/congresomasculinidades2.umh.es\/ca\/valencia-sesiones-cientificas\/#breadcrumb","itemListElement":[{"@type":"ListItem","position":1,"name":"Portada","item":"https:\/\/congresomasculinidades2.umh.es\/ca\/"},{"@type":"ListItem","position":2,"name":"SESSIONS CIENT\u00cdFIQUES"}]}]}},"_links":{"self":[{"href":"https:\/\/congresomasculinidades2.umh.es\/ca\/wp-json\/wp\/v2\/pages\/4105"}],"collection":[{"href":"https:\/\/congresomasculinidades2.umh.es\/ca\/wp-json\/wp\/v2\/pages"}],"about":[{"href":"https:\/\/congresomasculinidades2.umh.es\/ca\/wp-json\/wp\/v2\/types\/page"}],"author":[{"embeddable":true,"href":"https:\/\/congresomasculinidades2.umh.es\/ca\/wp-json\/wp\/v2\/users\/3158"}],"replies":[{"embeddable":true,"href":"https:\/\/congresomasculinidades2.umh.es\/ca\/wp-json\/wp\/v2\/comments?post=4105"}],"version-history":[{"count":0,"href":"https:\/\/congresomasculinidades2.umh.es\/ca\/wp-json\/wp\/v2\/pages\/4105\/revisions"}],"wp:attachment":[{"href":"https:\/\/congresomasculinidades2.umh.es\/ca\/wp-json\/wp\/v2\/media?parent=4105"}],"curies":[{"name":"wp","href":"https:\/\/api.w.org\/{rel}","templated":true}]}}