{"id":4099,"date":"2022-03-09T13:27:06","date_gmt":"2022-03-09T12:27:06","guid":{"rendered":"https:\/\/congresomasculinidades2.umh.es\/?page_id=4099"},"modified":"2022-04-06T08:24:49","modified_gmt":"2022-04-06T06:24:49","slug":"valencia-nuestro-deseo","status":"publish","type":"page","link":"https:\/\/congresomasculinidades2.umh.es\/ca\/valencia-nuestro-deseo\/","title":{"rendered":"EL NOSTRE DESIG"},"content":{"rendered":"<p>[et_pb_section fb_built=&#8221;1&#8243; _builder_version=&#8221;4.2.2&#8243; background_color=&#8221;#000000&#8243; custom_padding=&#8221;0px||0px|||&#8221;][et_pb_row _builder_version=&#8221;4.2.2&#8243;][et_pb_column type=&#8221;4_4&#8243; _builder_version=&#8221;4.2.2&#8243;][et_pb_image src=&#8221;https:\/\/congresomasculinidades2.umh.es\/files\/2022\/03\/II-cabecera-val.png&#8221; alt=&#8221;Segundo Congreso Internacional Sobre Masculinidades e Igualdad Educaci\u00f3n para la igualdad y Co(Educaci\u00f3n)&#8221; _builder_version=&#8221;4.2.2&#8243; hover_enabled=&#8221;0&#8243; url=&#8221;https:\/\/congresomasculinidades2.umh.es\/ca\/&#8221;][\/et_pb_image][\/et_pb_column][\/et_pb_row][\/et_pb_section][et_pb_section fb_built=&#8221;1&#8243; fullwidth=&#8221;on&#8221; _builder_version=&#8221;4.2.2&#8243;][et_pb_fullwidth_menu menu_id=&#8221;7135&#8243; fullwidth_menu=&#8221;off&#8221; active_link_color=&#8221;#E76996&#8243; _builder_version=&#8221;4.2.2&#8243; menu_font=&#8221;|700||on|||||&#8221; menu_text_color=&#8221;#FFFFFF&#8221; menu_font_size=&#8221;14pt&#8221; background_color=&#8221;#3A3B3D&#8221; text_orientation=&#8221;center&#8221; border_color_all=&#8221;#E02B20&#8243; border_width_all__hover_enabled=&#8221;off|hover&#8221; menu_text_color__hover_enabled=&#8221;on|hover&#8221; menu_text_color__hover=&#8221;#E76996&#8243;][\/et_pb_fullwidth_menu][\/et_pb_section][et_pb_section fb_built=&#8221;1&#8243; admin_label=&#8221;section&#8221; _builder_version=&#8221;3.22&#8243;][et_pb_row admin_label=&#8221;row&#8221; _builder_version=&#8221;3.25&#8243; background_size=&#8221;initial&#8221; background_position=&#8221;top_left&#8221; background_repeat=&#8221;repeat&#8221;][et_pb_column type=&#8221;4_4&#8243; _builder_version=&#8221;3.25&#8243; custom_padding=&#8221;|||&#8221; custom_padding__hover=&#8221;|||&#8221;][et_pb_text admin_label=&#8221;Text&#8221; _builder_version=&#8221;4.2.2&#8243; background_size=&#8221;initial&#8221; background_position=&#8221;top_left&#8221; background_repeat=&#8221;repeat&#8221; custom_margin=&#8221;||-2px|||&#8221;]<\/p>\n<h1 style=\"text-align: center;\"><b>EL NOSTRE DESIG<\/b><\/h1>\n<p>[\/et_pb_text][et_pb_divider show_divider=&#8221;off&#8221; _builder_version=&#8221;4.2.2&#8243;][\/et_pb_divider][et_pb_text admin_label=&#8221;Text&#8221; _builder_version=&#8221;4.2.2&#8243; background_size=&#8221;initial&#8221; background_position=&#8221;top_left&#8221; background_repeat=&#8221;repeat&#8221; custom_margin=&#8221;||-2px|||&#8221;]<\/p>\n<p style=\"text-align: justify;\"><span style=\"font-weight: 400;\">Amb aquest <\/span><b>\u201cII CONGR\u00c9S INTERNACIONAL SOBRE MASCULINITATS I IGUALTAT: EDUCACI\u00d3 PER A LA IGUALTAT I CO(EDUCACI\u00d3)\u201d (CIMASCIGUAL II)  <\/b><span style=\"font-weight: 400;\">ens agradaria introduir i consolidar la formaci\u00f3 i la recerca en mat\u00e8ria d&#8217;educaci\u00f3, masculinitats i igualtat de g\u00e8nere en les titulacions universit\u00e0ries, tant de grau com de postgrau.<\/span><\/p>\n<p style=\"text-align: justify;\"><span style=\"font-weight: 400;\">Al mateix temps, i per extensi\u00f3, convidem tots els centres i institucions educatives que consideren oport\u00fa utilitzar el material audiovisual que sorgisca del congr\u00e9s i posar-lo a disposici\u00f3 de les administracions amb compet\u00e8ncia en educaci\u00f3 i en igualtat de g\u00e8nere, del professorat coeducador, dels centres educatius, de l&#8217;estudiantat universitari interessat i del p\u00fablic en general.<\/span><\/p>\n<p style=\"text-align: justify;\"><span style=\"font-weight: 400;\">Entre els nostres prop\u00f2sits hi ha:<\/span><\/p>\n<p style=\"text-align: justify;\">[\/et_pb_text][et_pb_text admin_label=&#8221;Text&#8221; _builder_version=&#8221;4.2.2&#8243; background_size=&#8221;initial&#8221; background_position=&#8221;top_left&#8221; background_repeat=&#8221;repeat&#8221; custom_margin=&#8221;||-3px|||&#8221; custom_padding=&#8221;|||50px||&#8221;]<\/p>\n<ul>\n<li style=\"text-align: justify;\"><span style=\"font-weight: 400;\">Visibilitzar la import\u00e0ncia de la coeducaci\u00f3 i de la comprensi\u00f3 i entesa de les l\u00f2giques de la identitat masculina (tradicional-hegem\u00f2nica) i els seus processos de resist\u00e8ncia i\/o canvi, per poder, des d&#8217;un coneixement cientificosocial, evolucionar cap a altres formes possibles de masculinitat m\u00e9s acords amb la igualtat de g\u00e8nere de dones i homes i m\u00e9s saludables i justes amb totes i amb tots.<\/span><\/li>\n<li style=\"font-weight: 400; text-align: justify;\"><span style=\"font-weight: 400;\">Estimular el replantejament de la masculinitat entre professorat i alumnat en un sentit doble: des de la seua viv\u00e8ncia i relacions personals i des del seu espai educatiu.<\/span><\/li>\n<li style=\"font-weight: 400; text-align: justify;\"><span style=\"font-weight: 400;\">Afavorir la incorporaci\u00f3 d&#8217;investigadors i investigadores a aquest camp d&#8217;estudi interdisciplinari recent de les masculinitats a partir del coneixement que es donar\u00e0 al congr\u00e9s de la realitat d&#8217;aquesta subdisciplina dels estudis de g\u00e8nere.<\/span><\/li>\n<li style=\"font-weight: 400; text-align: justify;\"><span style=\"font-weight: 400;\">Implicar les universitats en aquesta l\u00ednia de recerca-acci\u00f3.<\/span><\/li>\n<li style=\"font-weight: 400; text-align: justify;\"><span style=\"font-weight: 400;\">Difondre als mitjans de comunicaci\u00f3 (r\u00e0dio, premsa escrita, xarxes socials, televisi\u00f3) el treball realitzat per donar-lo a con\u00e8ixer i augmentar l\u201fimpacte social de l\u201facci\u00f3.<\/span><\/li>\n<li style=\"font-weight: 400; text-align: justify;\"><span style=\"font-weight: 400;\">Cooperar amb entitats, associacions, moviments socials i altres xarxes d\u2019\u00e0mbit no universitari interessades en els processos socialitzadors dels homes en pro de la igualtat de g\u00e8nere.<\/span><\/li>\n<li style=\"font-weight: 400; text-align: justify;\"><span style=\"font-weight: 400;\">Augmentar la participaci\u00f3 al congr\u00e9s a nivell internacional.<\/span><\/li>\n<\/ul>\n<p style=\"text-align: justify;\">[\/et_pb_text][et_pb_text admin_label=&#8221;Text&#8221; _builder_version=&#8221;4.2.2&#8243; text_font_size=&#8221;16px&#8221; background_size=&#8221;initial&#8221; background_position=&#8221;top_left&#8221; background_repeat=&#8221;repeat&#8221;]<\/p>\n<p style=\"text-align: justify;\"><span style=\"font-size: 16px; text-align: justify;\">D&#8217;altra banda, el congr\u00e9s pret\u00e9n aprofundir en el paper de la universitat en aquest tema tan concret, per\u00f2 tan urgent. Es necessita un millor coneixement de les l\u00f2giques de la masculinitat tradicional-hegem\u00f2nica per apel\u00b7lar a la seva deconstrucci\u00f3 i proposar col\u00b7lectivament i des del coneixement cient\u00edfic, opcions v\u00e0lides, diverses i igualit\u00e0ries, per ser home al segle XXI, i l\u2019acad\u00e8mia ha de jugar un paper central en aquest proc\u00e9s coeducatiu enfocat als homes amb mirada feminista.<\/span><\/p>\n<p style=\"text-align: center;\"><span style=\"font-weight: 400;\">Dra. Anastasia T\u00e9llez Infantes<\/span><\/p>\n<p style=\"text-align: center;\"><span style=\"font-weight: 400;\">Presidenta del comit\u00e8 organitzador.<\/span><\/p>\n<p>[\/et_pb_text][\/et_pb_column][\/et_pb_row][\/et_pb_section][et_pb_section fb_built=&#8221;1&#8243; _builder_version=&#8221;4.2.2&#8243;][et_pb_row _builder_version=&#8221;4.2.2&#8243;][et_pb_column type=&#8221;4_4&#8243; _builder_version=&#8221;4.2.2&#8243;][\/et_pb_column][\/et_pb_row][\/et_pb_section]<\/p>\n","protected":false},"excerpt":{"rendered":"<p>EL NOSTRE DESIGAmb aquest \u201cII CONGR\u00c9S INTERNACIONAL SOBRE MASCULINITATS I IGUALTAT: EDUCACI\u00d3 PER A LA IGUALTAT I CO(EDUCACI\u00d3)\u201d (CIMASCIGUAL II) ens agradaria introduir i consolidar la formaci\u00f3 i la recerca en mat\u00e8ria d&#8217;educaci\u00f3, masculinitats i igualtat de g\u00e8nere en les titulacions universit\u00e0ries, tant de grau com de postgrau. Al mateix temps, i per extensi\u00f3, convidem [&hellip;]<\/p>\n","protected":false},"author":3158,"featured_media":0,"parent":0,"menu_order":4,"comment_status":"closed","ping_status":"closed","template":"","meta":{"_et_pb_use_builder":"on","_et_pb_old_content":"","_et_gb_content_width":"","_links_to":"","_links_to_target":""},"yoast_head":"<!-- This site is optimized with the Yoast SEO plugin v17.5 - https:\/\/yoast.com\/wordpress\/plugins\/seo\/ -->\n<title>EL NOSTRE DESIG - CIMASCIGUAL II<\/title>\n<meta name=\"robots\" content=\"index, follow, max-snippet:-1, max-image-preview:large, max-video-preview:-1\" \/>\n<link rel=\"canonical\" href=\"https:\/\/congresomasculinidades2.umh.es\/ca\/valencia-nuestro-deseo\/\" \/>\n<meta property=\"og:locale\" content=\"ca_ES\" \/>\n<meta property=\"og:type\" content=\"article\" \/>\n<meta property=\"og:title\" content=\"EL NOSTRE DESIG - CIMASCIGUAL II\" \/>\n<meta property=\"og:description\" content=\"EL NOSTRE DESIGAmb aquest \u201cII CONGR\u00c9S INTERNACIONAL SOBRE MASCULINITATS I IGUALTAT: EDUCACI\u00d3 PER A LA IGUALTAT I CO(EDUCACI\u00d3)\u201d (CIMASCIGUAL II) ens agradaria introduir i consolidar la formaci\u00f3 i la recerca en mat\u00e8ria d&#039;educaci\u00f3, masculinitats i igualtat de g\u00e8nere en les titulacions universit\u00e0ries, tant de grau com de postgrau. Al mateix temps, i per extensi\u00f3, convidem [&hellip;]\" \/>\n<meta property=\"og:url\" content=\"https:\/\/congresomasculinidades2.umh.es\/ca\/valencia-nuestro-deseo\/\" \/>\n<meta property=\"og:site_name\" content=\"CIMASCIGUAL II\" \/>\n<meta property=\"article:modified_time\" content=\"2022-04-06T06:24:49+00:00\" \/>\n<meta name=\"twitter:card\" content=\"summary_large_image\" \/>\n<meta name=\"twitter:label1\" content=\"Temps estimat de lectura\" \/>\n\t<meta name=\"twitter:data1\" content=\"4 minuts\" \/>\n<script type=\"application\/ld+json\" class=\"yoast-schema-graph\">{\"@context\":\"https:\/\/schema.org\",\"@graph\":[{\"@type\":\"WebSite\",\"@id\":\"https:\/\/congresomasculinidades2.umh.es\/#website\",\"url\":\"https:\/\/congresomasculinidades2.umh.es\/\",\"name\":\"CIMASCIGUAL II\",\"description\":\"Universidad Miguel Hern\\u00e1ndez de Elche\",\"potentialAction\":[{\"@type\":\"SearchAction\",\"target\":{\"@type\":\"EntryPoint\",\"urlTemplate\":\"https:\/\/congresomasculinidades2.umh.es\/?s={search_term_string}\"},\"query-input\":\"required name=search_term_string\"}],\"inLanguage\":\"ca\"},{\"@type\":\"WebPage\",\"@id\":\"https:\/\/congresomasculinidades2.umh.es\/ca\/valencia-nuestro-deseo\/#webpage\",\"url\":\"https:\/\/congresomasculinidades2.umh.es\/ca\/valencia-nuestro-deseo\/\",\"name\":\"EL NOSTRE DESIG - CIMASCIGUAL II\",\"isPartOf\":{\"@id\":\"https:\/\/congresomasculinidades2.umh.es\/#website\"},\"datePublished\":\"2022-03-09T12:27:06+00:00\",\"dateModified\":\"2022-04-06T06:24:49+00:00\",\"breadcrumb\":{\"@id\":\"https:\/\/congresomasculinidades2.umh.es\/ca\/valencia-nuestro-deseo\/#breadcrumb\"},\"inLanguage\":\"ca\",\"potentialAction\":[{\"@type\":\"ReadAction\",\"target\":[\"https:\/\/congresomasculinidades2.umh.es\/ca\/valencia-nuestro-deseo\/\"]}]},{\"@type\":\"BreadcrumbList\",\"@id\":\"https:\/\/congresomasculinidades2.umh.es\/ca\/valencia-nuestro-deseo\/#breadcrumb\",\"itemListElement\":[{\"@type\":\"ListItem\",\"position\":1,\"name\":\"Portada\",\"item\":\"https:\/\/congresomasculinidades2.umh.es\/ca\/\"},{\"@type\":\"ListItem\",\"position\":2,\"name\":\"EL NOSTRE DESIG\"}]}]}<\/script>\n<!-- \/ Yoast SEO plugin. -->","yoast_head_json":{"title":"EL NOSTRE DESIG - CIMASCIGUAL II","robots":{"index":"index","follow":"follow","max-snippet":"max-snippet:-1","max-image-preview":"max-image-preview:large","max-video-preview":"max-video-preview:-1"},"canonical":"https:\/\/congresomasculinidades2.umh.es\/ca\/valencia-nuestro-deseo\/","og_locale":"ca_ES","og_type":"article","og_title":"EL NOSTRE DESIG - CIMASCIGUAL II","og_description":"EL NOSTRE DESIGAmb aquest \u201cII CONGR\u00c9S INTERNACIONAL SOBRE MASCULINITATS I IGUALTAT: EDUCACI\u00d3 PER A LA IGUALTAT I CO(EDUCACI\u00d3)\u201d (CIMASCIGUAL II) ens agradaria introduir i consolidar la formaci\u00f3 i la recerca en mat\u00e8ria d'educaci\u00f3, masculinitats i igualtat de g\u00e8nere en les titulacions universit\u00e0ries, tant de grau com de postgrau. Al mateix temps, i per extensi\u00f3, convidem [&hellip;]","og_url":"https:\/\/congresomasculinidades2.umh.es\/ca\/valencia-nuestro-deseo\/","og_site_name":"CIMASCIGUAL II","article_modified_time":"2022-04-06T06:24:49+00:00","twitter_card":"summary_large_image","twitter_misc":{"Temps estimat de lectura":"4 minuts"},"schema":{"@context":"https:\/\/schema.org","@graph":[{"@type":"WebSite","@id":"https:\/\/congresomasculinidades2.umh.es\/#website","url":"https:\/\/congresomasculinidades2.umh.es\/","name":"CIMASCIGUAL II","description":"Universidad Miguel Hern\u00e1ndez de Elche","potentialAction":[{"@type":"SearchAction","target":{"@type":"EntryPoint","urlTemplate":"https:\/\/congresomasculinidades2.umh.es\/?s={search_term_string}"},"query-input":"required name=search_term_string"}],"inLanguage":"ca"},{"@type":"WebPage","@id":"https:\/\/congresomasculinidades2.umh.es\/ca\/valencia-nuestro-deseo\/#webpage","url":"https:\/\/congresomasculinidades2.umh.es\/ca\/valencia-nuestro-deseo\/","name":"EL NOSTRE DESIG - CIMASCIGUAL II","isPartOf":{"@id":"https:\/\/congresomasculinidades2.umh.es\/#website"},"datePublished":"2022-03-09T12:27:06+00:00","dateModified":"2022-04-06T06:24:49+00:00","breadcrumb":{"@id":"https:\/\/congresomasculinidades2.umh.es\/ca\/valencia-nuestro-deseo\/#breadcrumb"},"inLanguage":"ca","potentialAction":[{"@type":"ReadAction","target":["https:\/\/congresomasculinidades2.umh.es\/ca\/valencia-nuestro-deseo\/"]}]},{"@type":"BreadcrumbList","@id":"https:\/\/congresomasculinidades2.umh.es\/ca\/valencia-nuestro-deseo\/#breadcrumb","itemListElement":[{"@type":"ListItem","position":1,"name":"Portada","item":"https:\/\/congresomasculinidades2.umh.es\/ca\/"},{"@type":"ListItem","position":2,"name":"EL NOSTRE DESIG"}]}]}},"_links":{"self":[{"href":"https:\/\/congresomasculinidades2.umh.es\/ca\/wp-json\/wp\/v2\/pages\/4099"}],"collection":[{"href":"https:\/\/congresomasculinidades2.umh.es\/ca\/wp-json\/wp\/v2\/pages"}],"about":[{"href":"https:\/\/congresomasculinidades2.umh.es\/ca\/wp-json\/wp\/v2\/types\/page"}],"author":[{"embeddable":true,"href":"https:\/\/congresomasculinidades2.umh.es\/ca\/wp-json\/wp\/v2\/users\/3158"}],"replies":[{"embeddable":true,"href":"https:\/\/congresomasculinidades2.umh.es\/ca\/wp-json\/wp\/v2\/comments?post=4099"}],"version-history":[{"count":0,"href":"https:\/\/congresomasculinidades2.umh.es\/ca\/wp-json\/wp\/v2\/pages\/4099\/revisions"}],"wp:attachment":[{"href":"https:\/\/congresomasculinidades2.umh.es\/ca\/wp-json\/wp\/v2\/media?parent=4099"}],"curies":[{"name":"wp","href":"https:\/\/api.w.org\/{rel}","templated":true}]}}