{"id":4093,"date":"2022-03-09T13:24:08","date_gmt":"2022-03-09T12:24:08","guid":{"rendered":"https:\/\/congresomasculinidades2.umh.es\/?page_id=4093"},"modified":"2022-04-06T08:31:59","modified_gmt":"2022-04-06T06:31:59","slug":"valencia-justificacion","status":"publish","type":"page","link":"https:\/\/congresomasculinidades2.umh.es\/ca\/valencia-justificacion\/","title":{"rendered":"JUSTIFICACI\u00d3"},"content":{"rendered":"<p>[et_pb_section fb_built=&#8221;1&#8243; _builder_version=&#8221;4.2.2&#8243; background_color=&#8221;#000000&#8243; custom_padding=&#8221;0px||0px|||&#8221;][et_pb_row _builder_version=&#8221;4.2.2&#8243;][et_pb_column type=&#8221;4_4&#8243; _builder_version=&#8221;4.2.2&#8243;][et_pb_image src=&#8221;https:\/\/congresomasculinidades2.umh.es\/files\/2022\/03\/II-cabecera-val.png&#8221; alt=&#8221;Segundo Congreso Internacional Sobre Masculinidades e Igualdad Educaci\u00f3n para la igualdad y Co(Educaci\u00f3n)&#8221; _builder_version=&#8221;4.2.2&#8243; hover_enabled=&#8221;0&#8243; url=&#8221;https:\/\/congresomasculinidades2.umh.es\/ca\/&#8221;][\/et_pb_image][\/et_pb_column][\/et_pb_row][\/et_pb_section][et_pb_section fb_built=&#8221;1&#8243; fullwidth=&#8221;on&#8221; _builder_version=&#8221;4.2.2&#8243;][et_pb_fullwidth_menu menu_id=&#8221;7135&#8243; fullwidth_menu=&#8221;off&#8221; active_link_color=&#8221;#E76996&#8243; _builder_version=&#8221;4.2.2&#8243; menu_font=&#8221;|700||on|||||&#8221; menu_text_color=&#8221;#FFFFFF&#8221; menu_font_size=&#8221;14pt&#8221; background_color=&#8221;#3A3B3D&#8221; text_orientation=&#8221;center&#8221; border_color_all=&#8221;#E02B20&#8243; border_width_all__hover_enabled=&#8221;off|hover&#8221; menu_text_color__hover_enabled=&#8221;on|hover&#8221; menu_text_color__hover=&#8221;#E76996&#8243;][\/et_pb_fullwidth_menu][\/et_pb_section][et_pb_section fb_built=&#8221;1&#8243; admin_label=&#8221;section&#8221; _builder_version=&#8221;3.22&#8243;][et_pb_row admin_label=&#8221;row&#8221; _builder_version=&#8221;3.25&#8243; background_size=&#8221;initial&#8221; background_position=&#8221;top_left&#8221; background_repeat=&#8221;repeat&#8221;][et_pb_column type=&#8221;4_4&#8243; _builder_version=&#8221;3.25&#8243; custom_padding=&#8221;|||&#8221; custom_padding__hover=&#8221;|||&#8221;][et_pb_text admin_label=&#8221;Text&#8221; _builder_version=&#8221;4.2.2&#8243; text_font_size=&#8221;16px&#8221; background_size=&#8221;initial&#8221; background_position=&#8221;top_left&#8221; background_repeat=&#8221;repeat&#8221;]<\/p>\n<h1 style=\"text-align: center;\"><span style=\"color: #000000;\"><b>JUSTIFICACI\u00d3<\/b><\/span><\/h1>\n<p>[\/et_pb_text][et_pb_text admin_label=&#8221;Text&#8221; _builder_version=&#8221;4.2.2&#8243; text_font_size=&#8221;16px&#8221; background_size=&#8221;initial&#8221; background_position=&#8221;top_left&#8221; background_repeat=&#8221;repeat&#8221;]<\/p>\n<p style=\"text-align: justify;\"><span style=\"color: #000000;\"><span style=\"font-weight: 400;\">El congr\u00e9s que presentem en aquesta segona edici\u00f3 titulat  <b>\u201cII CONGR\u00c9S INTERNACIONAL SOBRE MASCULINITATS I IGUALTAT: EDUCACI\u00d3 PER A LA IGUALTAT I CO(EDUCACI\u00d3) (CIMASCIGUAL II),<\/b>se centra en un tema essencial per aconseguir la igualtat real i efectiva entre dones i homes.<\/span><\/span><\/p>\n<p style=\"text-align: justify;\"><span style=\"font-weight: 400; color: #000000;\">Comptar\u00e0 amb la pres\u00e8ncia d\u2019algunes de les persones expertes en estudis de g\u00e8nere, feminisme, masculinitats i coeducaci\u00f3 m\u00e9s rellevants del panorama nacional i internacional: professorat, investigadors\/es, professionals de l\u2019educaci\u00f3, que estan abordant aquesta q\u00fcesti\u00f3 (de manera te\u00f2rica, emp\u00edrica i pr\u00e0ctica) actualment.<\/span><\/p>\n<p style=\"text-align: justify;\"><span style=\"font-weight: 400; color: #000000;\">Ens interessa debatre i aprofundir des de la perspectiva de g\u00e8nere i amb enfocament interseccional sobre el paper que juga l&#8217;educaci\u00f3 en la socialitzaci\u00f3 dels homes en relaci\u00f3 a aspectes com ara: la socialitzaci\u00f3 diferencial, el manteniment o l&#8217;eliminaci\u00f3 de les desigualtats de g\u00e8nere, el treball pels bons tractes, l&#8217;impuls d&#8217;homes profeministes, les \u201cnoves\u201d masculinitats igualit\u00e0ries, la implicaci\u00f3 de pares i mares en educaci\u00f3 de fills en valors igualitaris, el foment de noves paternitats coresponsables, igualit\u00e0ries i cuidadores, com el masclisme perjudica els homes, com transmetre i ensenyar a ser un home no masclista, aix\u00ed com, els riscos davant de noves formes masclismes, els homes i la viol\u00e8ncia de g\u00e8nere, els homes i la sexualitat (prostituci\u00f3, tr\u00e0fic, violacions, pornografia, etc.), les reaccions neomachistes a l&#8217;avan\u00e7 del feminisme, les masculinitats i la diversitat sexual, els joves davant la crisi de la identitat masculina, etc.<\/span><\/p>\n<p style=\"text-align: justify;\"><span style=\"font-weight: 400; color: #000000;\">Perseguim formar i conscienciar la poblaci\u00f3 masculina sobre la igualtat de g\u00e8nere perqu\u00e8 coneguen altres formes possibles d&#8217;exercir la seua(s) masculinitat(s) (m\u00faltiples i diverses) de manera no masclista, no androc\u00e8ntrica, no patriarcal, incitant-los a deconstruir-se a si mateixos, a mirar-se al mirall des d&#8217;una perspectiva de g\u00e8nere (de relacions de poder desigualit\u00e0ries entre homes i dones) ia comprometre&#8217;s amb les causes feministes. Alhora, el coneixement de la construcci\u00f3 cultural de la masculinitat, permetr\u00e0 a les dones entendre millor les l\u00f2giques del patriarcat i la socialitzaci\u00f3 masculina en una societat masclista que persisteix, per donar-los eines amb qu\u00e8 desarticular les representacions ideol\u00f2giques hegem\u00f2niques de g\u00e8nere, les conductes sexistes i els micromasclismes que perpetuen la desigualtat entre dones i homes.<\/span><\/p>\n<p style=\"text-align: justify;\"><span style=\"font-weight: 400; color: #000000;\">Ning\u00fa va dir que la igualtat de g\u00e8nere siga una cosa que s&#8217;aconseguisca r\u00e0pida i f\u00e0cilment, per\u00f2 no hi ha cap dubte que sense els homes, aquesta meta ser\u00e0 impossible d&#8217;assolir. Perqu\u00e8 a m\u00e9s de la igualtat de g\u00e8nere legal-normativa s&#8217;aconseguisca la veritable igualtat real i efectiva en totes les esferes socials i en la quotidianitat, hem de seguir treballant amb les dones i per al mateix temps, han de sumar-se els homes a aquesta revoluci\u00f3\/transformaci\u00f3 social feminista, i per a aix\u00f2, l&#8217;EDUCACI\u00d3 EN IGUALTAT I LA COEDUCACI\u00d3 enfocada en nens, adolescents, joves i adults (homes) \u00e9s primordial per accelerar els canvis i reduir les bretxes com m\u00e9s aviat millor.<\/span><\/p>\n<p style=\"text-align: justify;\">[\/et_pb_text][\/et_pb_column][\/et_pb_row][\/et_pb_section][et_pb_section fb_built=&#8221;1&#8243; _builder_version=&#8221;4.2.2&#8243;][et_pb_row _builder_version=&#8221;4.2.2&#8243;][et_pb_column type=&#8221;4_4&#8243; _builder_version=&#8221;4.2.2&#8243;][\/et_pb_column][\/et_pb_row][\/et_pb_section]<\/p>\n","protected":false},"excerpt":{"rendered":"<p>JUSTIFICACI\u00d3El congr\u00e9s que presentem en aquesta segona edici\u00f3 titulat \u201cII CONGR\u00c9S INTERNACIONAL SOBRE MASCULINITATS I IGUALTAT: EDUCACI\u00d3 PER A LA IGUALTAT I CO(EDUCACI\u00d3) (CIMASCIGUAL II),se centra en un tema essencial per aconseguir la igualtat real i efectiva entre dones i homes. Comptar\u00e0 amb la pres\u00e8ncia d\u2019algunes de les persones expertes en estudis de g\u00e8nere, feminisme, [&hellip;]<\/p>\n","protected":false},"author":3158,"featured_media":0,"parent":0,"menu_order":3,"comment_status":"closed","ping_status":"closed","template":"","meta":{"_et_pb_use_builder":"on","_et_pb_old_content":"","_et_gb_content_width":"","_links_to":"","_links_to_target":""},"yoast_head":"<!-- This site is optimized with the Yoast SEO plugin v17.5 - https:\/\/yoast.com\/wordpress\/plugins\/seo\/ -->\n<title>JUSTIFICACI\u00d3 - CIMASCIGUAL II<\/title>\n<meta name=\"robots\" content=\"index, follow, max-snippet:-1, max-image-preview:large, max-video-preview:-1\" \/>\n<link rel=\"canonical\" href=\"https:\/\/congresomasculinidades2.umh.es\/ca\/valencia-justificacion\/\" \/>\n<meta property=\"og:locale\" content=\"ca_ES\" \/>\n<meta property=\"og:type\" content=\"article\" \/>\n<meta property=\"og:title\" content=\"JUSTIFICACI\u00d3 - CIMASCIGUAL II\" \/>\n<meta property=\"og:description\" content=\"JUSTIFICACI\u00d3El congr\u00e9s que presentem en aquesta segona edici\u00f3 titulat \u201cII CONGR\u00c9S INTERNACIONAL SOBRE MASCULINITATS I IGUALTAT: EDUCACI\u00d3 PER A LA IGUALTAT I CO(EDUCACI\u00d3) (CIMASCIGUAL II),se centra en un tema essencial per aconseguir la igualtat real i efectiva entre dones i homes. Comptar\u00e0 amb la pres\u00e8ncia d\u2019algunes de les persones expertes en estudis de g\u00e8nere, feminisme, [&hellip;]\" \/>\n<meta property=\"og:url\" content=\"https:\/\/congresomasculinidades2.umh.es\/ca\/valencia-justificacion\/\" \/>\n<meta property=\"og:site_name\" content=\"CIMASCIGUAL II\" \/>\n<meta property=\"article:modified_time\" content=\"2022-04-06T06:31:59+00:00\" \/>\n<meta name=\"twitter:card\" content=\"summary_large_image\" \/>\n<meta name=\"twitter:label1\" content=\"Temps estimat de lectura\" \/>\n\t<meta name=\"twitter:data1\" content=\"4 minuts\" \/>\n<script type=\"application\/ld+json\" class=\"yoast-schema-graph\">{\"@context\":\"https:\/\/schema.org\",\"@graph\":[{\"@type\":\"WebSite\",\"@id\":\"https:\/\/congresomasculinidades2.umh.es\/#website\",\"url\":\"https:\/\/congresomasculinidades2.umh.es\/\",\"name\":\"CIMASCIGUAL II\",\"description\":\"Universidad Miguel Hern\\u00e1ndez de Elche\",\"potentialAction\":[{\"@type\":\"SearchAction\",\"target\":{\"@type\":\"EntryPoint\",\"urlTemplate\":\"https:\/\/congresomasculinidades2.umh.es\/?s={search_term_string}\"},\"query-input\":\"required name=search_term_string\"}],\"inLanguage\":\"ca\"},{\"@type\":\"WebPage\",\"@id\":\"https:\/\/congresomasculinidades2.umh.es\/ca\/valencia-justificacion\/#webpage\",\"url\":\"https:\/\/congresomasculinidades2.umh.es\/ca\/valencia-justificacion\/\",\"name\":\"JUSTIFICACI\\u00d3 - CIMASCIGUAL II\",\"isPartOf\":{\"@id\":\"https:\/\/congresomasculinidades2.umh.es\/#website\"},\"datePublished\":\"2022-03-09T12:24:08+00:00\",\"dateModified\":\"2022-04-06T06:31:59+00:00\",\"breadcrumb\":{\"@id\":\"https:\/\/congresomasculinidades2.umh.es\/ca\/valencia-justificacion\/#breadcrumb\"},\"inLanguage\":\"ca\",\"potentialAction\":[{\"@type\":\"ReadAction\",\"target\":[\"https:\/\/congresomasculinidades2.umh.es\/ca\/valencia-justificacion\/\"]}]},{\"@type\":\"BreadcrumbList\",\"@id\":\"https:\/\/congresomasculinidades2.umh.es\/ca\/valencia-justificacion\/#breadcrumb\",\"itemListElement\":[{\"@type\":\"ListItem\",\"position\":1,\"name\":\"Portada\",\"item\":\"https:\/\/congresomasculinidades2.umh.es\/ca\/\"},{\"@type\":\"ListItem\",\"position\":2,\"name\":\"JUSTIFICACI\\u00d3\"}]}]}<\/script>\n<!-- \/ Yoast SEO plugin. -->","yoast_head_json":{"title":"JUSTIFICACI\u00d3 - CIMASCIGUAL II","robots":{"index":"index","follow":"follow","max-snippet":"max-snippet:-1","max-image-preview":"max-image-preview:large","max-video-preview":"max-video-preview:-1"},"canonical":"https:\/\/congresomasculinidades2.umh.es\/ca\/valencia-justificacion\/","og_locale":"ca_ES","og_type":"article","og_title":"JUSTIFICACI\u00d3 - CIMASCIGUAL II","og_description":"JUSTIFICACI\u00d3El congr\u00e9s que presentem en aquesta segona edici\u00f3 titulat \u201cII CONGR\u00c9S INTERNACIONAL SOBRE MASCULINITATS I IGUALTAT: EDUCACI\u00d3 PER A LA IGUALTAT I CO(EDUCACI\u00d3) (CIMASCIGUAL II),se centra en un tema essencial per aconseguir la igualtat real i efectiva entre dones i homes. Comptar\u00e0 amb la pres\u00e8ncia d\u2019algunes de les persones expertes en estudis de g\u00e8nere, feminisme, [&hellip;]","og_url":"https:\/\/congresomasculinidades2.umh.es\/ca\/valencia-justificacion\/","og_site_name":"CIMASCIGUAL II","article_modified_time":"2022-04-06T06:31:59+00:00","twitter_card":"summary_large_image","twitter_misc":{"Temps estimat de lectura":"4 minuts"},"schema":{"@context":"https:\/\/schema.org","@graph":[{"@type":"WebSite","@id":"https:\/\/congresomasculinidades2.umh.es\/#website","url":"https:\/\/congresomasculinidades2.umh.es\/","name":"CIMASCIGUAL II","description":"Universidad Miguel Hern\u00e1ndez de Elche","potentialAction":[{"@type":"SearchAction","target":{"@type":"EntryPoint","urlTemplate":"https:\/\/congresomasculinidades2.umh.es\/?s={search_term_string}"},"query-input":"required name=search_term_string"}],"inLanguage":"ca"},{"@type":"WebPage","@id":"https:\/\/congresomasculinidades2.umh.es\/ca\/valencia-justificacion\/#webpage","url":"https:\/\/congresomasculinidades2.umh.es\/ca\/valencia-justificacion\/","name":"JUSTIFICACI\u00d3 - CIMASCIGUAL II","isPartOf":{"@id":"https:\/\/congresomasculinidades2.umh.es\/#website"},"datePublished":"2022-03-09T12:24:08+00:00","dateModified":"2022-04-06T06:31:59+00:00","breadcrumb":{"@id":"https:\/\/congresomasculinidades2.umh.es\/ca\/valencia-justificacion\/#breadcrumb"},"inLanguage":"ca","potentialAction":[{"@type":"ReadAction","target":["https:\/\/congresomasculinidades2.umh.es\/ca\/valencia-justificacion\/"]}]},{"@type":"BreadcrumbList","@id":"https:\/\/congresomasculinidades2.umh.es\/ca\/valencia-justificacion\/#breadcrumb","itemListElement":[{"@type":"ListItem","position":1,"name":"Portada","item":"https:\/\/congresomasculinidades2.umh.es\/ca\/"},{"@type":"ListItem","position":2,"name":"JUSTIFICACI\u00d3"}]}]}},"_links":{"self":[{"href":"https:\/\/congresomasculinidades2.umh.es\/ca\/wp-json\/wp\/v2\/pages\/4093"}],"collection":[{"href":"https:\/\/congresomasculinidades2.umh.es\/ca\/wp-json\/wp\/v2\/pages"}],"about":[{"href":"https:\/\/congresomasculinidades2.umh.es\/ca\/wp-json\/wp\/v2\/types\/page"}],"author":[{"embeddable":true,"href":"https:\/\/congresomasculinidades2.umh.es\/ca\/wp-json\/wp\/v2\/users\/3158"}],"replies":[{"embeddable":true,"href":"https:\/\/congresomasculinidades2.umh.es\/ca\/wp-json\/wp\/v2\/comments?post=4093"}],"version-history":[{"count":0,"href":"https:\/\/congresomasculinidades2.umh.es\/ca\/wp-json\/wp\/v2\/pages\/4093\/revisions"}],"wp:attachment":[{"href":"https:\/\/congresomasculinidades2.umh.es\/ca\/wp-json\/wp\/v2\/media?parent=4093"}],"curies":[{"name":"wp","href":"https:\/\/api.w.org\/{rel}","templated":true}]}}