{"id":4075,"date":"2022-03-09T13:15:49","date_gmt":"2022-03-09T12:15:49","guid":{"rendered":"https:\/\/congresomasculinidades2.umh.es\/?page_id=4075"},"modified":"2022-04-06T08:22:24","modified_gmt":"2022-04-06T06:22:24","slug":"valencia-presentacion","status":"publish","type":"page","link":"https:\/\/congresomasculinidades2.umh.es\/ca\/valencia-presentacion\/","title":{"rendered":"PRESENTACI\u00d3"},"content":{"rendered":"<p>[et_pb_section fb_built=&#8221;1&#8243; _builder_version=&#8221;4.2.2&#8243; background_color=&#8221;#000000&#8243; custom_padding=&#8221;0px||0px|||&#8221;][et_pb_row _builder_version=&#8221;4.2.2&#8243;][et_pb_column type=&#8221;4_4&#8243; _builder_version=&#8221;4.2.2&#8243;][et_pb_image src=&#8221;https:\/\/congresomasculinidades2.umh.es\/files\/2022\/03\/II-cabecera-val.png&#8221; alt=&#8221;Segundo Congreso Internacional Sobre Masculinidades e Igualdad Educaci\u00f3n para la igualdad y Co(Educaci\u00f3n)&#8221; _builder_version=&#8221;4.2.2&#8243; hover_enabled=&#8221;0&#8243; url=&#8221;https:\/\/congresomasculinidades2.umh.es\/ca\/&#8221;][\/et_pb_image][\/et_pb_column][\/et_pb_row][\/et_pb_section][et_pb_section fb_built=&#8221;1&#8243; fullwidth=&#8221;on&#8221; _builder_version=&#8221;4.2.2&#8243;][et_pb_fullwidth_menu menu_id=&#8221;7135&#8243; fullwidth_menu=&#8221;off&#8221; active_link_color=&#8221;#E76996&#8243; _builder_version=&#8221;4.2.2&#8243; menu_font=&#8221;|700||on|||||&#8221; menu_text_color=&#8221;#FFFFFF&#8221; menu_font_size=&#8221;14pt&#8221; background_color=&#8221;#3A3B3D&#8221; text_orientation=&#8221;center&#8221; border_color_all=&#8221;#E02B20&#8243; border_width_all__hover_enabled=&#8221;off|hover&#8221; menu_text_color__hover_enabled=&#8221;on|hover&#8221; menu_text_color__hover=&#8221;#E76996&#8243;][\/et_pb_fullwidth_menu][\/et_pb_section][et_pb_section fb_built=&#8221;1&#8243; admin_label=&#8221;section&#8221; _builder_version=&#8221;3.22&#8243;][et_pb_row admin_label=&#8221;row&#8221; _builder_version=&#8221;4.2.2&#8243; background_size=&#8221;initial&#8221; background_position=&#8221;top_left&#8221; background_repeat=&#8221;repeat&#8221;][et_pb_column type=&#8221;4_4&#8243; _builder_version=&#8221;3.25&#8243; custom_padding=&#8221;|||&#8221; custom_padding__hover=&#8221;|||&#8221;][et_pb_text admin_label=&#8221;Text&#8221; _builder_version=&#8221;4.2.2&#8243; background_size=&#8221;initial&#8221; background_position=&#8221;top_left&#8221; background_repeat=&#8221;repeat&#8221;]<\/p>\n<h1 style=\"color: #324c20; text-align: center;\"><span style=\"color: #000000;\"><b>PRESENTACI\u00d3<\/b><\/span><\/h1>\n<p>[\/et_pb_text][\/et_pb_column][\/et_pb_row][et_pb_row admin_label=&#8221;row&#8221; _builder_version=&#8221;3.25&#8243; background_size=&#8221;initial&#8221; background_position=&#8221;top_left&#8221; background_repeat=&#8221;repeat&#8221;][et_pb_column type=&#8221;4_4&#8243; _builder_version=&#8221;3.25&#8243; custom_padding=&#8221;|||&#8221; custom_padding__hover=&#8221;|||&#8221;][et_pb_text admin_label=&#8221;Text&#8221; _builder_version=&#8221;4.2.2&#8243; background_size=&#8221;initial&#8221; background_position=&#8221;top_left&#8221; background_repeat=&#8221;repeat&#8221;]<\/p>\n<p style=\"text-align: justify;\"><span style=\"font-weight: 400;\">Presentem el <\/span><b>\u201cII CONGR\u00c9S INTERNACIONAL SOBRE MASCULINITATS I IGUALTAT: EDUCACI\u00d3 PER A LA IGUALTAT I CO(EDUCACI\u00d3)\u201d (CIMASCIGUAL II)<\/b><span style=\"font-weight: 400;\"> que celebrarem de forma mixta (en l\u00ednia\/presencial) a Elx (Alacant, Espanya) durant tres dies, del 20 al 22 d&#8217;octubre del 2022, organitzat des de  <a href=\"http:\/\/observatoriomasculinidad.edu.umh.es\/\" target=\"_blank\" rel=\"noopener\"> l&#8217;Observatori de les Masculinitats <img loading=\"lazy\" class=\"wp-image-2161 alignnone size-full\" src=\"https:\/\/congresomasculinidades2.umh.es\/files\/2022\/03\/abre-en-nueva-ventana.png\" alt=\"Abre en nueva ventana\" width=\"15\" height=\"15\" \/><\/a> i el Grup de Recerca Economia, Cultura i G\u00e8nere (ECULGE), amb la col\u00b7laboraci\u00f3 de la Unitat d&#8217;Igualtat i el Centre Interdisciplinar d&#8217;Estudis de G\u00e8nere de la Universitat Miguel Hern\u00e1ndez d&#8217;Elx (UMH) i l&#8217;Ajuntament d&#8217;Elx. En aquesta ocasi\u00f3 fem coincidir aquest congr\u00e9s amb el 21 d&#8217;octubre, data molt significativa en la tradici\u00f3 del Moviment d&#8217;Homes per la Igualtat a Espanya, ja destacada a la <\/span><a href=\"https:\/\/www.emakunde.euskadi.eus\/contenidos\/informacion\/gizonduz_dokumentuak\/es_def\/adjuntos\/agenda_hombres_igualdad_cime_2011.pdf\" target=\"_blank\" rel=\"noopener\"><span style=\"font-weight: 400;\">Declaraci\u00f3 de Barcelona\u00a0<img loading=\"lazy\" class=\"wp-image-2161 alignnone size-full\" src=\"https:\/\/congresomasculinidades2.umh.es\/files\/2022\/03\/abre-en-nueva-ventana.png\" alt=\"Abre en nueva ventana\" width=\"15\" height=\"15\" \/><\/span><\/a><span style=\"font-weight: 400;\">  (CIME 2011).<\/span><\/p>\n<p style=\"text-align: justify;\"><span style=\"font-weight: 400;\">Aquest II Congr\u00e9s sorgeix despr\u00e9s de la celebraci\u00f3 a l&#8217;abril de 2019 del <\/span><b>\u201cI CONGR\u00c9S INTERNACIONAL SOBRE MASCULINITATS I IGUALTAT: A LA RECERCA DE BONES PR\u00c0CTIQUES DE MASCULINITATS IGUALIT\u00c0RIES DES DE L&#8217;\u00c0MBIT DE LA UNIVERSITAT\u201d (CIMASCIGUAL I).<\/b><span style=\"font-weight: 400;\">\u201d <\/span><b>(<\/b><a href=\"https:\/\/congresomasculinidades.edu.umh.es\/\" target=\"_blank\" rel=\"noopener\"><b>CIMASCIGUAL I<\/b> <img loading=\"lazy\" class=\"wp-image-2161 alignnone size-full\" src=\"https:\/\/congresomasculinidades2.umh.es\/files\/2022\/03\/abre-en-nueva-ventana.png\" alt=\"Abre en nueva ventana\" width=\"15\" height=\"15\" \/><\/a><b>).\u00a0<\/b><\/p>\n<p style=\"text-align: justify;\"><span style=\"font-weight: 400;\">El prop\u00f2sit prioritari en aquesta ocasi\u00f3 (en qu\u00e8 col\u00b7laboraran nombroses universitats espanyoles i estrangeres, empreses i fundacions, ONG, ajuntaments i mancomunitats, associacions de dones i homes igualitaris, diversos m\u00e0sters i doctorats d&#8217;estudis de g\u00e8nere, etc.) \u00e9s celebrar un congr\u00e9s acad\u00e8mic internacional enfocat a l&#8217;educaci\u00f3 dels xiquets, adolescents, joves i homes adults en i per a la igualtat de g\u00e8nere.<\/span><\/p>\n<p style=\"text-align: justify;\"><span style=\"font-weight: 400;\">Els objectius del Congr\u00e9s estan en conson\u00e0ncia amb els pronunciaments d&#8217;organismes internacionals que apunten la necessitat d&#8217;implicar els homes a aconseguir la igualtat. L&#8217;Agenda 2030 per al Desenvolupament Sostenible, aprovada el 2015 per Nacions Unides, assenyala que \u201cs&#8217;eliminaran totes les formes de discriminaci\u00f3 i viol\u00e8ncia contra les dones i les xiquetes, fins i tot mitjan\u00e7ant la participaci\u00f3 dels homes i els xiquets\u201d. Anys enrere, ja va tenir especial import\u00e0ncia el document de Conclusions convingudes internacionalment sobre el paper dels homes i els xiquets en l&#8217;assoliment de la igualtat de sexes, adoptat al 48\u00e8 per\u00edode de sessions de la Comissi\u00f3 de la Condici\u00f3 Jur\u00eddica i Social de la Dona de les Nacions Unides (2004), ja que \u00e9s una refer\u00e8ncia internacional clau a l&#8217;hora d&#8217;implementar pol\u00edtiques d&#8217;igualtat adre\u00e7ades a homes. Entre moltes altres q\u00fcestions, l&#8217;esmentada Comissi\u00f3 reconeix que:<\/span><\/p>\n<p style=\"text-align: justify;\">[\/et_pb_text][\/et_pb_column][\/et_pb_row][et_pb_row column_structure=&#8221;1_4,3_4&#8243; admin_label=&#8221;row&#8221; _builder_version=&#8221;3.25&#8243; background_size=&#8221;initial&#8221; background_position=&#8221;top_left&#8221; background_repeat=&#8221;repeat&#8221;][et_pb_column type=&#8221;1_4&#8243; _builder_version=&#8221;3.25&#8243; custom_padding=&#8221;|||&#8221; custom_padding__hover=&#8221;|||&#8221;][\/et_pb_column][et_pb_column type=&#8221;3_4&#8243; _builder_version=&#8221;3.25&#8243; custom_padding=&#8221;|||&#8221; custom_padding__hover=&#8221;|||&#8221;][et_pb_text admin_label=&#8221;Text&#8221; _builder_version=&#8221;4.2.2&#8243; background_size=&#8221;initial&#8221; background_position=&#8221;top_left&#8221; background_repeat=&#8221;repeat&#8221;]<\/p>\n<p style=\"text-align: right;\"><span style=\"font-weight: 400;\"><em>\u201c\u2026 tots [dones i homes] es beneficiarien de la igualtat entre els g\u00e8neres, i que els efectes negatius de la desigualtat entre els g\u00e8neres els pateix la societat en conjunt, i per tant, subratlla que els homes i els xiquets, en assumir la responsabilitat i treballar conjuntament en associaci\u00f3 amb les dones i les xiquetes, s\u00f3n essencials per complir els objectius de la igualtat entre els g\u00e8neres, el desenvolupament i la pau. La Comissi\u00f3 reconeix que els homes i els xiquets poden aconseguir un canvi de les actituds, les relacions, l&#8217;acc\u00e9s als recursos i l&#8217;adopci\u00f3 de decisions que s\u00f3n fonamentals per promoure la igualtat entre els g\u00e8neres i el ple gaudi de tots els drets humans per part de la dona (\u2026) la participaci\u00f3 dels homes i els xiquets per aconseguir la igualtat de g\u00e8nere ha de ser conforme amb la potenciaci\u00f3 de les dones i les xiquetes (\u2026)\u201d.<\/em>.<\/span><\/p>\n<p style=\"text-align: justify;\">[\/et_pb_text][\/et_pb_column][\/et_pb_row][et_pb_row admin_label=&#8221;row&#8221; _builder_version=&#8221;3.25&#8243; background_size=&#8221;initial&#8221; background_position=&#8221;top_left&#8221; background_repeat=&#8221;repeat&#8221;][et_pb_column type=&#8221;4_4&#8243; _builder_version=&#8221;3.25&#8243; custom_padding=&#8221;|||&#8221; custom_padding__hover=&#8221;|||&#8221;][et_pb_text admin_label=&#8221;Text&#8221; _builder_version=&#8221;4.2.2&#8243; background_size=&#8221;initial&#8221; background_position=&#8221;top_left&#8221; background_repeat=&#8221;repeat&#8221;]<\/p>\n<p style=\"text-align: justify;\"><span style=\"font-weight: 400;\">Amb aquest Con este <\/span><b>\u201cII CONGR\u00c9S INTERNACIONAL SOBRE MASCULINITATS I IGUALTAT: EDUCACI\u00d3 PER A LA IGUALTAT I CO(EDUCACI\u00d3)\u201d (CIMASCIGUAL II) <\/b><span style=\"font-weight: 400;\"> pretenem generar una trobada acad\u00e8mica, interdisciplin\u00e0ria, interuniversit\u00e0ria i internacional en sentit ampli (per a professorat, personal de recerca, alumnat universitari, professionals docents i p\u00fablic en general) d&#8217;intercanvi de reflexions teoricoemp\u00edriques dels i les professionals que actualment es dediquen de manera directa i\/o transversal a estudiar i intervenir en fen\u00f2mens vinculats amb:<\/span><\/p>\n<ul style=\"margin-left: 30px;\" type=\"1\">\n<li style=\"text-align: justify;\"><span style=\"font-weight: 400;\">La formaci\u00f3, la socialitzaci\u00f3 i l\u2019educaci\u00f3 en igualtat de g\u00e8nere entre dones i homes.<\/span><\/li>\n<li style=\"text-align: justify;\">L&#8217;estudi de les identitats masculines des de les diverses manifestacions socials, i, de manera preferent, des d&#8217;\u00e0mbits educatius (formals i informals) i des de mitjans de comunicaci\u00f3.<\/li>\n<\/ul>\n<p style=\"text-align: justify;\"><span style=\"font-weight: 400;\">Aquest congr\u00e9s internacional t\u00e9 com a objectiu afavorir una reflexi\u00f3 col\u00b7lectiva sobre la necessitat de la implicaci\u00f3 de la instituci\u00f3 universit\u00e0ria, les pol\u00edtiques p\u00fabliques, els mitjans de comunicaci\u00f3 i els contextos educacionals en la q\u00fcesti\u00f3 de les masculinitats i la igualtat de g\u00e8nere amb enfocament feminista.<\/span><\/p>\n<p style=\"text-align: justify;\"><span style=\"font-weight: 400;\">S&#8217;abordaran tem\u00e0tiques com ara: la igualtat entre dones i homes, la coeducaci\u00f3 enfocada a xiquets i adolescents, l&#8217;educaci\u00f3 igualit\u00e0ria d&#8217;homes, la construcci\u00f3 sociocultural de la masculinitat, l&#8217;educaci\u00f3 per a la prevenci\u00f3 de les viol\u00e8ncies de g\u00e8nere destinada a xiquets, joves i homes, la corporalitat i la cura, la diversitat (sexual, \u00e8tnica, funcional, etc.), l&#8217;esport, la sexualitat masculina, la pornografia, la prostituci\u00f3, el tr\u00e0fic, la coresponsabilitat, les emocions, la religi\u00f3, l&#8217;oci, etc. . Donarem especial atenci\u00f3 als processos educatius que promoguen masculinitats no masclistes, despatriarcalitzades i proigualit\u00e0ries, oferirem eines de treball coeducatiu destinades al treball amb varons que s&#8217;estan posant en marxa en centres educatius com a models de bones pr\u00e0ctiques educatives amb xiquets i homes.<\/span><\/p>\n<p style=\"text-align: justify;\"><span style=\"font-weight: 400;\">Tindrem present, de manera transversal, la perspectiva de g\u00e8nere feminista i la interseccionalitat. Es presentaran confer\u00e8ncies, pon\u00e8ncies i comunicacions procedents de nombrosos pa\u00efsos, universitats i disciplines. En definitiva, el congr\u00e9s Cimascigual II de la UMH a Elx pret\u00e9n ser un lloc de trobada, reflexi\u00f3, propostes i intercanvi d&#8217;estrat\u00e8gies coeducatives centrades en masculinitats igualit\u00e0ries a nivell internacional, interuniversitari i interdisciplinar.<\/span><\/p>\n<p>[\/et_pb_text][\/et_pb_column][\/et_pb_row][\/et_pb_section]<\/p>\n","protected":false},"excerpt":{"rendered":"<p>PRESENTACI\u00d3Presentem el \u201cII CONGR\u00c9S INTERNACIONAL SOBRE MASCULINITATS I IGUALTAT: EDUCACI\u00d3 PER A LA IGUALTAT I CO(EDUCACI\u00d3)\u201d (CIMASCIGUAL II) que celebrarem de forma mixta (en l\u00ednia\/presencial) a Elx (Alacant, Espanya) durant tres dies, del 20 al 22 d&#8217;octubre del 2022, organitzat des de l&#8217;Observatori de les Masculinitats i el Grup de Recerca Economia, Cultura i G\u00e8nere [&hellip;]<\/p>\n","protected":false},"author":3158,"featured_media":0,"parent":0,"menu_order":1,"comment_status":"closed","ping_status":"closed","template":"","meta":{"_et_pb_use_builder":"on","_et_pb_old_content":"","_et_gb_content_width":"","_links_to":"","_links_to_target":""},"yoast_head":"<!-- This site is optimized with the Yoast SEO plugin v17.5 - https:\/\/yoast.com\/wordpress\/plugins\/seo\/ -->\n<title>PRESENTACI\u00d3 - CIMASCIGUAL II<\/title>\n<meta name=\"robots\" content=\"index, follow, max-snippet:-1, max-image-preview:large, max-video-preview:-1\" \/>\n<link rel=\"canonical\" href=\"https:\/\/congresomasculinidades2.umh.es\/ca\/valencia-presentacion\/\" \/>\n<meta property=\"og:locale\" content=\"ca_ES\" \/>\n<meta property=\"og:type\" content=\"article\" \/>\n<meta property=\"og:title\" content=\"PRESENTACI\u00d3 - CIMASCIGUAL II\" \/>\n<meta property=\"og:description\" content=\"PRESENTACI\u00d3Presentem el \u201cII CONGR\u00c9S INTERNACIONAL SOBRE MASCULINITATS I IGUALTAT: EDUCACI\u00d3 PER A LA IGUALTAT I CO(EDUCACI\u00d3)\u201d (CIMASCIGUAL II) que celebrarem de forma mixta (en l\u00ednia\/presencial) a Elx (Alacant, Espanya) durant tres dies, del 20 al 22 d&#039;octubre del 2022, organitzat des de l&#039;Observatori de les Masculinitats i el Grup de Recerca Economia, Cultura i G\u00e8nere [&hellip;]\" \/>\n<meta property=\"og:url\" content=\"https:\/\/congresomasculinidades2.umh.es\/ca\/valencia-presentacion\/\" \/>\n<meta property=\"og:site_name\" content=\"CIMASCIGUAL II\" \/>\n<meta property=\"article:modified_time\" content=\"2022-04-06T06:22:24+00:00\" \/>\n<meta property=\"og:image\" content=\"https:\/\/congresomasculinidades2.umh.es\/files\/2022\/03\/abre-en-nueva-ventana.png\" \/>\n<meta name=\"twitter:card\" content=\"summary_large_image\" \/>\n<meta name=\"twitter:label1\" content=\"Temps estimat de lectura\" \/>\n\t<meta name=\"twitter:data1\" content=\"6 minuts\" \/>\n<script type=\"application\/ld+json\" class=\"yoast-schema-graph\">{\"@context\":\"https:\/\/schema.org\",\"@graph\":[{\"@type\":\"WebSite\",\"@id\":\"https:\/\/congresomasculinidades2.umh.es\/#website\",\"url\":\"https:\/\/congresomasculinidades2.umh.es\/\",\"name\":\"CIMASCIGUAL II\",\"description\":\"Universidad Miguel Hern\\u00e1ndez de Elche\",\"potentialAction\":[{\"@type\":\"SearchAction\",\"target\":{\"@type\":\"EntryPoint\",\"urlTemplate\":\"https:\/\/congresomasculinidades2.umh.es\/?s={search_term_string}\"},\"query-input\":\"required name=search_term_string\"}],\"inLanguage\":\"ca\"},{\"@type\":\"ImageObject\",\"@id\":\"https:\/\/congresomasculinidades2.umh.es\/ca\/valencia-presentacion\/#primaryimage\",\"inLanguage\":\"ca\",\"url\":\"https:\/\/congresomasculinidades2.umh.es\/files\/2022\/03\/abre-en-nueva-ventana.png\",\"contentUrl\":\"https:\/\/congresomasculinidades2.umh.es\/files\/2022\/03\/abre-en-nueva-ventana.png\",\"width\":15,\"height\":15},{\"@type\":\"WebPage\",\"@id\":\"https:\/\/congresomasculinidades2.umh.es\/ca\/valencia-presentacion\/#webpage\",\"url\":\"https:\/\/congresomasculinidades2.umh.es\/ca\/valencia-presentacion\/\",\"name\":\"PRESENTACI\\u00d3 - CIMASCIGUAL II\",\"isPartOf\":{\"@id\":\"https:\/\/congresomasculinidades2.umh.es\/#website\"},\"primaryImageOfPage\":{\"@id\":\"https:\/\/congresomasculinidades2.umh.es\/ca\/valencia-presentacion\/#primaryimage\"},\"datePublished\":\"2022-03-09T12:15:49+00:00\",\"dateModified\":\"2022-04-06T06:22:24+00:00\",\"breadcrumb\":{\"@id\":\"https:\/\/congresomasculinidades2.umh.es\/ca\/valencia-presentacion\/#breadcrumb\"},\"inLanguage\":\"ca\",\"potentialAction\":[{\"@type\":\"ReadAction\",\"target\":[\"https:\/\/congresomasculinidades2.umh.es\/ca\/valencia-presentacion\/\"]}]},{\"@type\":\"BreadcrumbList\",\"@id\":\"https:\/\/congresomasculinidades2.umh.es\/ca\/valencia-presentacion\/#breadcrumb\",\"itemListElement\":[{\"@type\":\"ListItem\",\"position\":1,\"name\":\"Portada\",\"item\":\"https:\/\/congresomasculinidades2.umh.es\/ca\/\"},{\"@type\":\"ListItem\",\"position\":2,\"name\":\"PRESENTACI\\u00d3\"}]}]}<\/script>\n<!-- \/ Yoast SEO plugin. -->","yoast_head_json":{"title":"PRESENTACI\u00d3 - CIMASCIGUAL II","robots":{"index":"index","follow":"follow","max-snippet":"max-snippet:-1","max-image-preview":"max-image-preview:large","max-video-preview":"max-video-preview:-1"},"canonical":"https:\/\/congresomasculinidades2.umh.es\/ca\/valencia-presentacion\/","og_locale":"ca_ES","og_type":"article","og_title":"PRESENTACI\u00d3 - CIMASCIGUAL II","og_description":"PRESENTACI\u00d3Presentem el \u201cII CONGR\u00c9S INTERNACIONAL SOBRE MASCULINITATS I IGUALTAT: EDUCACI\u00d3 PER A LA IGUALTAT I CO(EDUCACI\u00d3)\u201d (CIMASCIGUAL II) que celebrarem de forma mixta (en l\u00ednia\/presencial) a Elx (Alacant, Espanya) durant tres dies, del 20 al 22 d'octubre del 2022, organitzat des de l'Observatori de les Masculinitats i el Grup de Recerca Economia, Cultura i G\u00e8nere [&hellip;]","og_url":"https:\/\/congresomasculinidades2.umh.es\/ca\/valencia-presentacion\/","og_site_name":"CIMASCIGUAL II","article_modified_time":"2022-04-06T06:22:24+00:00","og_image":[{"url":"https:\/\/congresomasculinidades2.umh.es\/files\/2022\/03\/abre-en-nueva-ventana.png"}],"twitter_card":"summary_large_image","twitter_misc":{"Temps estimat de lectura":"6 minuts"},"schema":{"@context":"https:\/\/schema.org","@graph":[{"@type":"WebSite","@id":"https:\/\/congresomasculinidades2.umh.es\/#website","url":"https:\/\/congresomasculinidades2.umh.es\/","name":"CIMASCIGUAL II","description":"Universidad Miguel Hern\u00e1ndez de Elche","potentialAction":[{"@type":"SearchAction","target":{"@type":"EntryPoint","urlTemplate":"https:\/\/congresomasculinidades2.umh.es\/?s={search_term_string}"},"query-input":"required name=search_term_string"}],"inLanguage":"ca"},{"@type":"ImageObject","@id":"https:\/\/congresomasculinidades2.umh.es\/ca\/valencia-presentacion\/#primaryimage","inLanguage":"ca","url":"https:\/\/congresomasculinidades2.umh.es\/files\/2022\/03\/abre-en-nueva-ventana.png","contentUrl":"https:\/\/congresomasculinidades2.umh.es\/files\/2022\/03\/abre-en-nueva-ventana.png","width":15,"height":15},{"@type":"WebPage","@id":"https:\/\/congresomasculinidades2.umh.es\/ca\/valencia-presentacion\/#webpage","url":"https:\/\/congresomasculinidades2.umh.es\/ca\/valencia-presentacion\/","name":"PRESENTACI\u00d3 - CIMASCIGUAL II","isPartOf":{"@id":"https:\/\/congresomasculinidades2.umh.es\/#website"},"primaryImageOfPage":{"@id":"https:\/\/congresomasculinidades2.umh.es\/ca\/valencia-presentacion\/#primaryimage"},"datePublished":"2022-03-09T12:15:49+00:00","dateModified":"2022-04-06T06:22:24+00:00","breadcrumb":{"@id":"https:\/\/congresomasculinidades2.umh.es\/ca\/valencia-presentacion\/#breadcrumb"},"inLanguage":"ca","potentialAction":[{"@type":"ReadAction","target":["https:\/\/congresomasculinidades2.umh.es\/ca\/valencia-presentacion\/"]}]},{"@type":"BreadcrumbList","@id":"https:\/\/congresomasculinidades2.umh.es\/ca\/valencia-presentacion\/#breadcrumb","itemListElement":[{"@type":"ListItem","position":1,"name":"Portada","item":"https:\/\/congresomasculinidades2.umh.es\/ca\/"},{"@type":"ListItem","position":2,"name":"PRESENTACI\u00d3"}]}]}},"_links":{"self":[{"href":"https:\/\/congresomasculinidades2.umh.es\/ca\/wp-json\/wp\/v2\/pages\/4075"}],"collection":[{"href":"https:\/\/congresomasculinidades2.umh.es\/ca\/wp-json\/wp\/v2\/pages"}],"about":[{"href":"https:\/\/congresomasculinidades2.umh.es\/ca\/wp-json\/wp\/v2\/types\/page"}],"author":[{"embeddable":true,"href":"https:\/\/congresomasculinidades2.umh.es\/ca\/wp-json\/wp\/v2\/users\/3158"}],"replies":[{"embeddable":true,"href":"https:\/\/congresomasculinidades2.umh.es\/ca\/wp-json\/wp\/v2\/comments?post=4075"}],"version-history":[{"count":0,"href":"https:\/\/congresomasculinidades2.umh.es\/ca\/wp-json\/wp\/v2\/pages\/4075\/revisions"}],"wp:attachment":[{"href":"https:\/\/congresomasculinidades2.umh.es\/ca\/wp-json\/wp\/v2\/media?parent=4075"}],"curies":[{"name":"wp","href":"https:\/\/api.w.org\/{rel}","templated":true}]}}