{"id":4069,"date":"2022-03-09T12:14:00","date_gmt":"2022-03-09T11:14:00","guid":{"rendered":"https:\/\/congresomasculinidades2.umh.es\/enviament-de-comunicacions\/"},"modified":"2022-05-19T20:18:56","modified_gmt":"2022-05-19T18:18:56","slug":"enviament-de-comunicacions","status":"publish","type":"page","link":"https:\/\/congresomasculinidades2.umh.es\/ca\/enviament-de-comunicacions\/","title":{"rendered":"ENVIAMENT DE COMUNICACIONS"},"content":{"rendered":"<p>[et_pb_section fb_built=&#8221;1&#8243; _builder_version=&#8221;4.2.2&#8243; background_color=&#8221;#000000&#8243; custom_padding=&#8221;0px||0px|||&#8221;][et_pb_row _builder_version=&#8221;4.2.2&#8243;][et_pb_column type=&#8221;4_4&#8243; _builder_version=&#8221;4.2.2&#8243;][et_pb_image src=&#8221;https:\/\/congresomasculinidades2.umh.es\/files\/2022\/03\/II-cabecera-val.png&#8221; alt=&#8221;Segundo Congreso Internacional Sobre Masculinidades e Igualdad Educaci\u00f3n para la igualdad y Co(Educaci\u00f3n)&#8221; url=&#8221;https:\/\/congresomasculinidades2.umh.es\/ca\/&#8221; _builder_version=&#8221;4.2.2&#8243;][\/et_pb_image][\/et_pb_column][\/et_pb_row][\/et_pb_section][et_pb_section fb_built=&#8221;1&#8243; fullwidth=&#8221;on&#8221; _builder_version=&#8221;4.2.2&#8243;][et_pb_fullwidth_menu menu_id=&#8221;7135&#8243; fullwidth_menu=&#8221;off&#8221; active_link_color=&#8221;#E76996&#8243; _builder_version=&#8221;4.2.2&#8243; menu_font=&#8221;|700||on|||||&#8221; menu_text_color=&#8221;#FFFFFF&#8221; menu_font_size=&#8221;14pt&#8221; background_color=&#8221;#3A3B3D&#8221; text_orientation=&#8221;center&#8221; border_color_all=&#8221;#E02B20&#8243; border_width_all__hover_enabled=&#8221;off|hover&#8221; menu_text_color__hover_enabled=&#8221;on|hover&#8221; menu_text_color__hover=&#8221;#E76996&#8243;][\/et_pb_fullwidth_menu][\/et_pb_section][et_pb_section fb_built=&#8221;1&#8243; _builder_version=&#8221;3.22&#8243;][et_pb_row _builder_version=&#8221;3.25&#8243; background_size=&#8221;initial&#8221; background_position=&#8221;top_left&#8221; background_repeat=&#8221;repeat&#8221;][et_pb_column type=&#8221;4_4&#8243; _builder_version=&#8221;3.25&#8243; custom_padding=&#8221;|||&#8221; custom_padding__hover=&#8221;|||&#8221;][et_pb_text _builder_version=&#8221;4.2.2&#8243; background_size=&#8221;initial&#8221; background_position=&#8221;top_left&#8221; background_repeat=&#8221;repeat&#8221; hover_enabled=&#8221;0&#8243;]<\/p>\n<h1 style=\"text-align: center\"><strong><span style=\"color: #000000\">ENVIAMENT DE COMUNICACIONS<\/span><\/strong><br \/><strong> <span style=\"color: #000000\">CALL FOR PAPERS <\/span><\/strong><\/h1>\n<p style=\"font-size: 22px;text-align: center\"><strong>NOVES DATES:<\/strong><\/p>\n<p style=\"font-size: 22px;text-align: center\"><strong>Recepci\u00f3 d&#8217; ABSTRACT o RES\u00daMEN fins al <span style=\"color: #993300\">10 de juliol de 2022<\/span>.<\/strong><\/p>\n<p style=\"font-size: 22px;text-align: center\"><strong>Confirmaci\u00f3 per part del Comit\u00e8 Cient\u00edfic d&#8217; acceptaci\u00f3 de la comunicaci\u00f3 <span style=\"color: #993300\">20 de juliol de 2022.<\/span><\/strong><\/p>\n<p style=\"font-size: 22px;text-align: center\"><strong>Recepci\u00f3 del TEXT COMPLET DE LA COMUNICACI\u00d3 fins al <span style=\"color: #993300\">15 de Setembre de 2022.<\/span><\/strong><\/p>\n<p style=\"text-align: justify;font-size: 22px\"><strong>INDICACIONS<\/strong><\/p>\n<p style=\"text-align: justify\">Tant les persones inscrites en modalitat presencial com virtual poden participar en el congr\u00e9s amb enviament i presentaci\u00f3 de comunicacions.<\/p>\n<p style=\"text-align: justify\">Les comunicacions s&#8217;han d&#8217;adscriure als temes d&#8217;alguna de les vuit sessions cient\u00edfiques.<\/p>\n<p>No oblidis <a href=\"https:\/\/forms.gle\/HZyQGNzbuFqwcjgr5\" target=\"_blank\" rel=\"noopener\">inscriure&#8217;t<\/a> al congr\u00e9s un cop acceptada la teva comunicaci\u00f3.<\/p>\n<p><strong>PAS 1. Tramesa d&#8217;ABSTRACT o RESUM<\/strong> abans del 10 de Juliol de 2022. <a href=\"https:\/\/forms.gle\/HZyQGNzbuFqwcjgr5\" target=\"_blank\" rel=\"noopener\">Formulari per a la tramesa d&#8217; ABSTRACT o RESUM.<\/a><\/p>\n<p>L&#8217; Abstract o Resum ha d&#8217; estar compost per:<\/p>\n<ul>\n<li>T\u00edtol Comunicaci\u00f3.<\/li>\n<li>Nom i Cognoms d&#8217;autors\/es.<\/li>\n<li>Adscripci\u00f3 institucional.<\/li>\n<li>Correu electr\u00f2nic de contacte.<\/li>\n<li>Abstract o Resum de 300 paraules.<\/li>\n<li>Paraules clau \u2013 m\u00e0xim 5.<\/li>\n<li>Idioma: valenci\u00e0, castell\u00e0 o angl\u00e9s.<\/li>\n<\/ul>\n<p><strong>PAS 2. Confirmaci\u00f3 ACCEPTACI\u00d3 COMUNICACI\u00d3<\/strong>: El dia 20 de Juliol de 2022 el Comit\u00e8 Cient\u00edfic informar\u00e0 via correu electr\u00f2nic sobre l&#8217;acceptaci\u00f3 de les diferents comunicacions per a la seva participaci\u00f3 al Congr\u00e9s.<\/p>\n<p><strong>PAS 3. Recepci\u00f3 del TEXT COMPLET DE LA COMUNICACI\u00d3<\/strong> per a la seva publicaci\u00f3 al llibre d&#8217; actes del Congr\u00e9s. Data l\u00edmit 15 de Setembre de 2022.<\/p>\n<ul>\n<li>Totes aquelles comunicacions acceptades seran publicades en el llibre d&#8217; actes amb el seu ISBN corresponent.<\/li>\n<li>Extensi\u00f3 m\u00e0xima 12 p\u00e0gines (bibliografia inclusivament).<\/li>\n<li>La informaci\u00f3 sobre el format de presentaci\u00f3 per a la redacci\u00f3 del text complet de les comunicacions el trobareu en els documents:<\/li>\n<\/ul>\n<p><a href=\"https:\/\/congresomasculinidades2.umh.es\/files\/2022\/05\/VAL-PLANTILLA-PROPOSTA-COMUNICACIO-15sept.docx\" target=\"_blank\" rel=\"noopener\">Normes, format i indicacions.<\/a><\/p>\n<p><a href=\"https:\/\/congresomasculinidades2.umh.es\/files\/2022\/05\/Val_Plantilla-per-a-la-redaccio-de-les-comunicacions.docx\" target=\"_blank\" rel=\"noopener\">Plantilla per a la redacci\u00f3 de les comunicacions<\/a><\/p>\n<h2 style=\"text-align: justify;font-size: 22px\"><strong>IMPORTANT<\/strong><\/h2>\n<ul style=\"text-align: justify\">\n<li style=\"margin-left: 25px\">De totes les comunicacions acceptades a cada sessi\u00f3 cient\u00edfica, el comit\u00e8 cient\u00edfic comunicar\u00e0 les que es presentaran al congr\u00e9s pels seus autors i autores i les que seran referenciades breument per les persones relatores de cada sessi\u00f3 cient\u00edfica.<\/li>\n<li style=\"margin-left: 25px\">Totes les comunicacions seleccionades pel comit\u00e8 cient\u00edfic seran publicades en el Llibre d&#8217;Actes amb ISBN.<\/li>\n<li style=\"margin-left: 25px\">En els casos en qu\u00e8 la comunicaci\u00f3 tinga m\u00e9s d&#8217;un autor o autora, cal la inscripci\u00f3 de totes les persones al congr\u00e9s.<\/li>\n<li style=\"margin-left: 25px\">Nom\u00e9s s&#8217;acceptar\u00e0 un m\u00e0xim de 2 comunicacions per autor\/a.<\/li>\n<li style=\"margin-left: 25px\">Una comunicaci\u00f3 pot tenir un m\u00e0xim de 5 autors\/es.<\/li>\n<\/ul>\n<p style=\"text-align: justify;font-size: 22px\"><strong>IDIOMES<\/strong><\/p>\n<ul style=\"text-align: justify\">\n<li style=\"margin-left: 25px\">Les comunicacions orals es presentaran a la sessi\u00f3 cient\u00edfica corresponent en castell\u00e0 o angl\u00e8s.<\/li>\n<li style=\"margin-left: 25px\">El text enviat de la comunicaci\u00f3 per a la publicaci\u00f3 a les actes del congr\u00e9s es presentar\u00e0 en castell\u00e0, valenci\u00e0 o angl\u00e8s.<\/li>\n<\/ul>\n<p>&nbsp;<\/p>\n<p style=\"text-align: justify;font-size: 22px\"><strong>SELECCI\u00d3 DE LES COMUNICACIONS ACCEPTADES<\/strong><\/p>\n<p style=\"text-align: justify\">El comit\u00e8 cient\u00edfic n&#8217;analitzar\u00e0 el contingut i els requisits establerts, i procedir\u00e0 si escau a la seua acceptaci\u00f3 per a la seua exposici\u00f3 oral i\/o publicaci\u00f3 en les actes del congr\u00e9s, cosa que es comunicar\u00e0 abans del dia 1 de juliol de 2022.<\/p>\n<p style=\"text-align: justify\">Les comunicacions podran ser rebutjades pel comit\u00e8 cient\u00edfic si no responen al t\u00edtol i al contingut proposat, si no fan cap aportaci\u00f3 original, o si la qualitat no \u00e9s l&#8217;adequada o, en definitiva, no contribueixen a l&#8217;avan\u00e7 del coneixement, per tractar-se merament una descripci\u00f3 de l&#8217;estat de la q\u00fcesti\u00f3 o una mera recapitulaci\u00f3 de temes ja coneguts. Es far\u00e0 especial atenci\u00f3 al plagi.<\/p>\n<p style=\"text-align: justify\">En tot cas, es rebutjaran les comunicacions que excedisquen de la dimensi\u00f3 m\u00e0xima establerta: 12 p\u00e0gines amb format Times New Roman 12, amb interlineat senzill (inclou gr\u00e0fics, notes i referenciat bibliogr\u00e0fic).<\/p>\n<p>&nbsp;<\/p>\n<p style=\"text-align: justify;font-size: 22px\"><strong>EXPOSICI\u00d3 ORAL DE LA COMUNICACI\u00d3<\/strong><\/p>\n<p style=\"text-align: justify\">Les comunicacions triades per ser exposades oralment durant la celebraci\u00f3 del Congr\u00e9s disposaran de deu minuts. La resta de comunicacions seleccionades per a la publicaci\u00f3 en el llibre d&#8217;actes no es defensaran durant el congr\u00e9s, per\u00f2 seran breument presentades pel relator o relatora a tall de resum.<\/p>\n<p>&nbsp;<\/p>\n<p>[\/et_pb_text][\/et_pb_column][\/et_pb_row][\/et_pb_section]<\/p>\n","protected":false},"excerpt":{"rendered":"<p>ENVIAMENT DE COMUNICACIONS CALL FOR PAPERS NOVES DATES: Recepci\u00f3 d&#8217; ABSTRACT o RES\u00daMEN fins al 10 de juliol de 2022. Confirmaci\u00f3 per part del Comit\u00e8 Cient\u00edfic d&#8217; acceptaci\u00f3 de la comunicaci\u00f3 20 de juliol de 2022. Recepci\u00f3 del TEXT COMPLET DE LA COMUNICACI\u00d3 fins al 15 de Setembre de 2022. INDICACIONS Tant les persones inscrites [&hellip;]<\/p>\n","protected":false},"author":4805,"featured_media":0,"parent":0,"menu_order":0,"comment_status":"closed","ping_status":"closed","template":"","meta":{"_et_pb_use_builder":"on","_et_pb_old_content":"<h1 style=\"text-align: center;\"><strong><span style=\"color: #000000;\">ENVIAMENT DE COMUNICACIONS<\/span><\/strong><br \/><strong> <span style=\"color: #000000;\">CALL FOR PAPERS <\/span><\/strong><\/h1><p style=\"font-size: 22px; text-align: center;\"><strong>Fecha: <span style=\"color: #c00000;\">\u00a0hasta el 1 de junio de 2022<\/span><\/strong><\/p><p style=\"text-align: justify; font-size: 22px;\"><strong>INDICACIONS<\/strong><\/p><p style=\"text-align: justify;\">Tant les persones inscrites en modalitat presencial com virtual poden participar en el congr\u00e9s amb enviament i presentaci\u00f3 de comunicacions.<\/p><p style=\"text-align: justify;\">Les comunicacions s'han d'adscriure als temes d'alguna de les vuit sessions cient\u00edfiques.<\/p><p style=\"text-align: justify;\">Els passos que heu de seguir per a l'enviament de comunicacions s\u00f3n els seg\u00fcents:<\/p><ul style=\"text-align: justify;\"><li style=\"margin-left: 25px;\">Descarregueu la plantilla que trobareu m\u00e9s avall<\/li><li style=\"margin-left: 25px;\">Empleneu-la<\/li><li style=\"margin-left: 25px;\">Registreu-vos a la plataforma, empleneu les dades necess\u00e0ries i apugeu la vostra comunicaci\u00f3 en el format de la plantilla (en Word)<\/li><li style=\"margin-left: 25px;\">Premeu al bot\u00f3 \u201cenviament de comunicacions\u201d. Us redireccionar\u00e0 a la plataforma des d'on el comit\u00e8 cient\u00edfic en gestionar\u00e0 l'avaluaci\u00f3<\/li><li style=\"margin-left: 25px;\">No oblideu inscriure-vos una vegada acceptada la vostra comunicaci\u00f3.<\/li><\/ul><p>\u00a0<\/p><h2 style=\"text-align: justify; font-size: 22px;\"><strong>IMPORTANT<\/strong><\/h2><ul style=\"text-align: justify;\"><li style=\"margin-left: 25px;\">De totes les comunicacions acceptades a cada sessi\u00f3 cient\u00edfica, el comit\u00e8 cient\u00edfic comunicar\u00e0 les que es presentaran al congr\u00e9s pels seus autors i autores i les que seran referenciades breument per les persones relatores de cada sessi\u00f3 cient\u00edfica.<\/li><li style=\"margin-left: 25px;\">Totes les comunicacions seleccionades pel comit\u00e8 cient\u00edfic seran publicades en el Llibre d'Actes amb ISBN.<\/li><li style=\"margin-left: 25px;\">En els casos en qu\u00e8 la comunicaci\u00f3 tinga m\u00e9s d'un autor o autora, cal la inscripci\u00f3 de totes les persones al congr\u00e9s.<\/li><li style=\"margin-left: 25px;\">Nom\u00e9s s'acceptar\u00e0 un m\u00e0xim de 2 comunicacions per autor\/a.<\/li><li style=\"margin-left: 25px;\">Una comunicaci\u00f3 pot tenir un m\u00e0xim de 5 autors\/es.<\/li><li style=\"margin-left: 25px;\">La devoluci\u00f3 de la matr\u00edcula porta una penalitzaci\u00f3 del 20% fins al dia 15 de setembre de 2022. A partir del dia 15 de setembre de 2022 no es realitzar\u00e0 devoluci\u00f3 de l'import ingressat per cap motiu.<\/li><\/ul><p>\u00a0<\/p><p style=\"text-align: justify; font-size: 22px;\"><strong>TERMINIS<\/strong><\/p><ul style=\"text-align: justify;\"><li style=\"margin-left: 25px;\">Data l\u00edmit de recepci\u00f3 de comunicacions: 1 juny de 2022.<\/li><li style=\"margin-left: 25px;\">Data l\u00edmit per informar sobre l'acceptaci\u00f3 de la comunicaci\u00f3 per part del comit\u00e8 cient\u00edfic: 1 de juliol de 2022.<\/li><\/ul><p>\u00a0<\/p><p style=\"text-align: justify; font-size: 22px;\"><strong>IDIOMES<\/strong><\/p><ul style=\"text-align: justify;\"><li style=\"margin-left: 25px;\">Les comunicacions orals es presentaran a la sessi\u00f3 cient\u00edfica corresponent en castell\u00e0 o angl\u00e8s.<\/li><li style=\"margin-left: 25px;\">El text enviat de la comunicaci\u00f3 per a la publicaci\u00f3 a les actes del congr\u00e9s es presentar\u00e0 en castell\u00e0, valenci\u00e0 o angl\u00e8s.<\/li><\/ul><p>\u00a0<\/p><p style=\"text-align: justify; font-size: 22px;\"><strong>SELECCI\u00d3 DE LES COMUNICACIONS ACCEPTADES<\/strong><\/p><p style=\"text-align: justify;\">El comit\u00e8 cient\u00edfic n'analitzar\u00e0 el contingut i els requisits establerts, i procedir\u00e0 si escau a la seua acceptaci\u00f3 per a la seua exposici\u00f3 oral i\/o publicaci\u00f3 en les actes del congr\u00e9s, cosa que es comunicar\u00e0 abans del dia 1 de juliol de 2022.<\/p><p style=\"text-align: justify;\">Les comunicacions podran ser rebutjades pel comit\u00e8 cient\u00edfic si no responen al t\u00edtol i al contingut proposat, si no fan cap aportaci\u00f3 original, o si la qualitat no \u00e9s l'adequada o, en definitiva, no contribueixen a l'avan\u00e7 del coneixement, per tractar-se merament una descripci\u00f3 de l'estat de la q\u00fcesti\u00f3 o una mera recapitulaci\u00f3 de temes ja coneguts. Es far\u00e0 especial atenci\u00f3 al plagi.<\/p><p style=\"text-align: justify;\">En tot cas, es rebutjaran les comunicacions que excedisquen de la dimensi\u00f3 m\u00e0xima establerta: 12 p\u00e0gines amb format Times New Roman 12, amb interlineat senzill (inclou gr\u00e0fics, notes i referenciat bibliogr\u00e0fic).<\/p><p>\u00a0<\/p><p style=\"text-align: justify; font-size: 22px;\"><strong>EXPOSICI\u00d3 ORAL DE LA COMUNICACI\u00d3<\/strong><\/p><p style=\"text-align: justify;\">Les comunicacions triades per ser exposades oralment durant la celebraci\u00f3 del Congr\u00e9s disposaran de deu minuts. La resta de comunicacions seleccionades per a la publicaci\u00f3 en el llibre d'actes no es defensaran durant el congr\u00e9s, per\u00f2 seran breument presentades pel relator o relatora a tall de resum.<\/p><p>\u00a0<\/p>","_et_gb_content_width":"","_links_to":"","_links_to_target":""},"yoast_head":"<!-- This site is optimized with the Yoast SEO plugin v17.5 - https:\/\/yoast.com\/wordpress\/plugins\/seo\/ -->\n<title>ENVIAMENT DE COMUNICACIONS - CIMASCIGUAL II<\/title>\n<meta name=\"robots\" content=\"index, follow, max-snippet:-1, max-image-preview:large, max-video-preview:-1\" \/>\n<link rel=\"canonical\" href=\"https:\/\/congresomasculinidades2.umh.es\/ca\/enviament-de-comunicacions\/\" \/>\n<meta property=\"og:locale\" content=\"ca_ES\" \/>\n<meta property=\"og:type\" content=\"article\" \/>\n<meta property=\"og:title\" content=\"ENVIAMENT DE COMUNICACIONS - CIMASCIGUAL II\" \/>\n<meta property=\"og:description\" content=\"ENVIAMENT DE COMUNICACIONS CALL FOR PAPERS NOVES DATES: Recepci\u00f3 d&#039; ABSTRACT o RES\u00daMEN fins al 10 de juliol de 2022. Confirmaci\u00f3 per part del Comit\u00e8 Cient\u00edfic d&#039; acceptaci\u00f3 de la comunicaci\u00f3 20 de juliol de 2022. Recepci\u00f3 del TEXT COMPLET DE LA COMUNICACI\u00d3 fins al 15 de Setembre de 2022. INDICACIONS Tant les persones inscrites [&hellip;]\" \/>\n<meta property=\"og:url\" content=\"https:\/\/congresomasculinidades2.umh.es\/ca\/enviament-de-comunicacions\/\" \/>\n<meta property=\"og:site_name\" content=\"CIMASCIGUAL II\" \/>\n<meta property=\"article:modified_time\" content=\"2022-05-19T18:18:56+00:00\" \/>\n<meta name=\"twitter:card\" content=\"summary_large_image\" \/>\n<meta name=\"twitter:label1\" content=\"Temps estimat de lectura\" \/>\n\t<meta name=\"twitter:data1\" content=\"4 minuts\" \/>\n<script type=\"application\/ld+json\" class=\"yoast-schema-graph\">{\"@context\":\"https:\/\/schema.org\",\"@graph\":[{\"@type\":\"WebSite\",\"@id\":\"https:\/\/congresomasculinidades2.umh.es\/#website\",\"url\":\"https:\/\/congresomasculinidades2.umh.es\/\",\"name\":\"CIMASCIGUAL II\",\"description\":\"Universidad Miguel Hern\\u00e1ndez de Elche\",\"potentialAction\":[{\"@type\":\"SearchAction\",\"target\":{\"@type\":\"EntryPoint\",\"urlTemplate\":\"https:\/\/congresomasculinidades2.umh.es\/?s={search_term_string}\"},\"query-input\":\"required name=search_term_string\"}],\"inLanguage\":\"ca\"},{\"@type\":\"WebPage\",\"@id\":\"https:\/\/congresomasculinidades2.umh.es\/ca\/enviament-de-comunicacions\/#webpage\",\"url\":\"https:\/\/congresomasculinidades2.umh.es\/ca\/enviament-de-comunicacions\/\",\"name\":\"ENVIAMENT DE COMUNICACIONS - CIMASCIGUAL II\",\"isPartOf\":{\"@id\":\"https:\/\/congresomasculinidades2.umh.es\/#website\"},\"datePublished\":\"2022-03-09T11:14:00+00:00\",\"dateModified\":\"2022-05-19T18:18:56+00:00\",\"breadcrumb\":{\"@id\":\"https:\/\/congresomasculinidades2.umh.es\/ca\/enviament-de-comunicacions\/#breadcrumb\"},\"inLanguage\":\"ca\",\"potentialAction\":[{\"@type\":\"ReadAction\",\"target\":[\"https:\/\/congresomasculinidades2.umh.es\/ca\/enviament-de-comunicacions\/\"]}]},{\"@type\":\"BreadcrumbList\",\"@id\":\"https:\/\/congresomasculinidades2.umh.es\/ca\/enviament-de-comunicacions\/#breadcrumb\",\"itemListElement\":[{\"@type\":\"ListItem\",\"position\":1,\"name\":\"Portada\",\"item\":\"https:\/\/congresomasculinidades2.umh.es\/ca\/\"},{\"@type\":\"ListItem\",\"position\":2,\"name\":\"ENVIAMENT DE COMUNICACIONS\"}]}]}<\/script>\n<!-- \/ Yoast SEO plugin. -->","yoast_head_json":{"title":"ENVIAMENT DE COMUNICACIONS - CIMASCIGUAL II","robots":{"index":"index","follow":"follow","max-snippet":"max-snippet:-1","max-image-preview":"max-image-preview:large","max-video-preview":"max-video-preview:-1"},"canonical":"https:\/\/congresomasculinidades2.umh.es\/ca\/enviament-de-comunicacions\/","og_locale":"ca_ES","og_type":"article","og_title":"ENVIAMENT DE COMUNICACIONS - CIMASCIGUAL II","og_description":"ENVIAMENT DE COMUNICACIONS CALL FOR PAPERS NOVES DATES: Recepci\u00f3 d' ABSTRACT o RES\u00daMEN fins al 10 de juliol de 2022. Confirmaci\u00f3 per part del Comit\u00e8 Cient\u00edfic d' acceptaci\u00f3 de la comunicaci\u00f3 20 de juliol de 2022. Recepci\u00f3 del TEXT COMPLET DE LA COMUNICACI\u00d3 fins al 15 de Setembre de 2022. INDICACIONS Tant les persones inscrites [&hellip;]","og_url":"https:\/\/congresomasculinidades2.umh.es\/ca\/enviament-de-comunicacions\/","og_site_name":"CIMASCIGUAL II","article_modified_time":"2022-05-19T18:18:56+00:00","twitter_card":"summary_large_image","twitter_misc":{"Temps estimat de lectura":"4 minuts"},"schema":{"@context":"https:\/\/schema.org","@graph":[{"@type":"WebSite","@id":"https:\/\/congresomasculinidades2.umh.es\/#website","url":"https:\/\/congresomasculinidades2.umh.es\/","name":"CIMASCIGUAL II","description":"Universidad Miguel Hern\u00e1ndez de Elche","potentialAction":[{"@type":"SearchAction","target":{"@type":"EntryPoint","urlTemplate":"https:\/\/congresomasculinidades2.umh.es\/?s={search_term_string}"},"query-input":"required name=search_term_string"}],"inLanguage":"ca"},{"@type":"WebPage","@id":"https:\/\/congresomasculinidades2.umh.es\/ca\/enviament-de-comunicacions\/#webpage","url":"https:\/\/congresomasculinidades2.umh.es\/ca\/enviament-de-comunicacions\/","name":"ENVIAMENT DE COMUNICACIONS - CIMASCIGUAL II","isPartOf":{"@id":"https:\/\/congresomasculinidades2.umh.es\/#website"},"datePublished":"2022-03-09T11:14:00+00:00","dateModified":"2022-05-19T18:18:56+00:00","breadcrumb":{"@id":"https:\/\/congresomasculinidades2.umh.es\/ca\/enviament-de-comunicacions\/#breadcrumb"},"inLanguage":"ca","potentialAction":[{"@type":"ReadAction","target":["https:\/\/congresomasculinidades2.umh.es\/ca\/enviament-de-comunicacions\/"]}]},{"@type":"BreadcrumbList","@id":"https:\/\/congresomasculinidades2.umh.es\/ca\/enviament-de-comunicacions\/#breadcrumb","itemListElement":[{"@type":"ListItem","position":1,"name":"Portada","item":"https:\/\/congresomasculinidades2.umh.es\/ca\/"},{"@type":"ListItem","position":2,"name":"ENVIAMENT DE COMUNICACIONS"}]}]}},"_links":{"self":[{"href":"https:\/\/congresomasculinidades2.umh.es\/ca\/wp-json\/wp\/v2\/pages\/4069"}],"collection":[{"href":"https:\/\/congresomasculinidades2.umh.es\/ca\/wp-json\/wp\/v2\/pages"}],"about":[{"href":"https:\/\/congresomasculinidades2.umh.es\/ca\/wp-json\/wp\/v2\/types\/page"}],"author":[{"embeddable":true,"href":"https:\/\/congresomasculinidades2.umh.es\/ca\/wp-json\/wp\/v2\/users\/4805"}],"replies":[{"embeddable":true,"href":"https:\/\/congresomasculinidades2.umh.es\/ca\/wp-json\/wp\/v2\/comments?post=4069"}],"version-history":[{"count":0,"href":"https:\/\/congresomasculinidades2.umh.es\/ca\/wp-json\/wp\/v2\/pages\/4069\/revisions"}],"wp:attachment":[{"href":"https:\/\/congresomasculinidades2.umh.es\/ca\/wp-json\/wp\/v2\/media?parent=4069"}],"curies":[{"name":"wp","href":"https:\/\/api.w.org\/{rel}","templated":true}]}}