{"id":4060,"date":"2022-03-09T10:50:58","date_gmt":"2022-03-09T09:50:58","guid":{"rendered":"https:\/\/congresomasculinidades2.umh.es\/participacion\/"},"modified":"2022-05-18T10:35:31","modified_gmt":"2022-05-18T08:35:31","slug":"participacion","status":"publish","type":"page","link":"https:\/\/congresomasculinidades2.umh.es\/ca\/participacion\/","title":{"rendered":"PARTICIPACI\u00d3"},"content":{"rendered":"<p>[et_pb_section fb_built=&#8221;1&#8243; _builder_version=&#8221;4.2.2&#8243; background_color=&#8221;#000000&#8243; custom_padding=&#8221;0px||0px|||&#8221;][et_pb_row _builder_version=&#8221;4.2.2&#8243;][et_pb_column type=&#8221;4_4&#8243; _builder_version=&#8221;4.2.2&#8243;][et_pb_image src=&#8221;https:\/\/congresomasculinidades2.umh.es\/files\/2022\/03\/II-cabecera-val.png&#8221; alt=&#8221;Segundo Congreso Internacional Sobre Masculinidades e Igualdad Educaci\u00f3n para la igualdad y Co(Educaci\u00f3n)&#8221; url=&#8221;https:\/\/congresomasculinidades2.umh.es\/ca\/&#8221; _builder_version=&#8221;4.2.2&#8243;][\/et_pb_image][\/et_pb_column][\/et_pb_row][\/et_pb_section][et_pb_section fb_built=&#8221;1&#8243; fullwidth=&#8221;on&#8221; _builder_version=&#8221;4.2.2&#8243;][et_pb_fullwidth_menu menu_id=&#8221;7135&#8243; fullwidth_menu=&#8221;off&#8221; active_link_color=&#8221;#E76996&#8243; _builder_version=&#8221;4.2.2&#8243; menu_font=&#8221;|700||on|||||&#8221; menu_text_color=&#8221;#FFFFFF&#8221; menu_font_size=&#8221;14pt&#8221; background_color=&#8221;#3A3B3D&#8221; text_orientation=&#8221;center&#8221; border_color_all=&#8221;#E02B20&#8243; border_width_all__hover_enabled=&#8221;off|hover&#8221; menu_text_color__hover_enabled=&#8221;on|hover&#8221; menu_text_color__hover=&#8221;#E76996&#8243;][\/et_pb_fullwidth_menu][\/et_pb_section][et_pb_section fb_built=&#8221;1&#8243; admin_label=&#8221;Secci\u00f3n&#8221; _builder_version=&#8221;4.2.2&#8243; collapsed=&#8221;off&#8221;][et_pb_row _builder_version=&#8221;4.2.2&#8243;][et_pb_column type=&#8221;4_4&#8243; _builder_version=&#8221;4.2.2&#8243;][et_pb_text _builder_version=&#8221;4.2.2&#8243;]<\/p>\n<h1 class=\"c7\" style=\"text-align: center\"><strong><span class=\"c12\" style=\"color: #000000\">PARTICIPACI\u00d3<\/span><\/strong><\/h1>\n<p class=\"c7 c5\">[\/et_pb_text][et_pb_text _builder_version=&#8221;4.2.2&#8243; hover_enabled=&#8221;0&#8243;]<\/p>\n<h2 class=\"c7\" style=\"text-align: center\"><strong><span class=\"c4\" style=\"color: #000000\">MODALITATS DE PARTICIPACI\u00d3<\/span><\/strong><\/h2>\n<p>&nbsp;<\/p>\n<p style=\"font-size: 22px\"><strong>S\u2019ofereixen diferents modalitats de participaci\u00f3 en el congr\u00e9s:<\/strong><\/p>\n<ol class=\"c0 lst-kix_list_24-0 start\" style=\"margin-left: 30px;text-align: justify\" start=\"1\" type=\"A\">\n<li class=\"c3 c6 li-bullet-0\"><span class=\"c1\">Presencial amb presentaci\u00f3 de comunicaci\u00f3<\/span><\/li>\n<li class=\"c3 c6 li-bullet-0\"><span class=\"c1\">Virtual amb presentaci\u00f3 de comunicaci\u00f3<\/span><\/li>\n<li class=\"c3 c6 li-bullet-0\"><span class=\"c1\">Presencial<\/span><\/li>\n<li class=\"c3 c6 li-bullet-0\"><span class=\"c1\">Virtual<\/span><\/li>\n<\/ol>\n<p style=\"font-size: 22px\"><strong>A.- ASSIST\u00c8NCIA PRESENCIAL (AMB PRESENTACI\u00d3 DE COMUNICACI\u00d3):<\/strong><\/p>\n<ul class=\"c0 lst-kix_list_19-0 start\" style=\"margin-left: 30px;text-align: justify\">\n<li class=\"c3 c6 li-bullet-0\"><span class=\"c1\">Acc\u00e9s al Congr\u00e9s.<\/span><\/li>\n<li class=\"c3 c6 li-bullet-0\"><span class=\"c1\">Participaci\u00f3 en els debats.<\/span><\/li>\n<li class=\"c3 c6 li-bullet-0\"><span class=\"c1\">Acc\u00e9s a les activitats paral\u00b7leles de l\u2019esdeveniment acad\u00e8mic.<\/span><\/li>\n<li class=\"c3 c6 li-bullet-0\"><span class=\"c1\">Acc\u00e9s a materials.<\/span><\/li>\n<li class=\"c3 c6 li-bullet-0\"><span class=\"c1\">Acc\u00e9s al contingut de totes les activitats paral\u00b7leles en persona, incloent-hi converses a les pauses caf\u00e8s, la roda d&#8217;homes contra les viol\u00e8ncies de g\u00e8nere, la recepci\u00f3 i el vi d&#8217;honor, el ball, les activitats culturals, les rutes tur\u00edstiques guiades per Elx, etc.<\/span><\/li>\n<li class=\"c3 c6 li-bullet-0\"><span class=\"c1\">Diploma d&#8217;assist\u00e8ncia (23 hores) i reconeixement de 0,92 cr\u00e8dits ECTS.<\/span><\/li>\n<li class=\"c3 c6 li-bullet-0\"><span class=\"c1\">Diploma de presentaci\u00f3 de comunicacions.<\/span><\/li>\n<li class=\"c3 c6 li-bullet-0\"><span class=\"c1\">Publicaci\u00f3 de la comunicaci\u00f3 en el Llibre d&#8217;Actes amb ISBN.<\/span><\/li>\n<\/ul>\n<p style=\"font-size: 22px\"><strong><span class=\"c2\">B.- ASSIST\u00c8NCIA VIRTUAL (AMB PRESENTACI\u00d3 DE COMUNICACI\u00d3):<\/span><\/strong><\/p>\n<ul class=\"c0 lst-kix_list_18-0 start\" style=\"margin-left: 30px;text-align: justify\">\n<li class=\"c3 c6 li-bullet-0\"><span class=\"c1\">Acc\u00e9s al Congr\u00e9s en directe en l\u00ednia: discursos de benvinguda, confer\u00e8ncies, taules redones i sessions cient\u00edfiques.<\/span><\/li>\n<li class=\"c3 c6 li-bullet-0\">\u00a0<\/li>\n<li class=\"c3 c6 li-bullet-0\"><span class=\"c1\">Diploma d&#8217;assist\u00e8ncia (23 hores) i reconeixement de 0,92 cr\u00e8dits ECTS.<\/span><\/li>\n<li class=\"c3 c6 li-bullet-0\"><span class=\"c1\">Diploma de presentaci\u00f3 de comunicacions.<\/span><\/li>\n<li class=\"c3 c6 li-bullet-0\"><span class=\"c1\">Publicaci\u00f3 de la comunicaci\u00f3 en el Llibre d&#8217;Actes amb ISBN.<\/span><\/li>\n<\/ul>\n<p style=\"font-size: 22px\"><strong>C.- ASSIST\u00c8NCIA PRESENCIAL:<\/strong><\/p>\n<ul class=\"c0 lst-kix_list_18-0\" style=\"margin-left: 30px;text-align: justify\">\n<li class=\"c3 c6 li-bullet-0\"><span class=\"c1\">Acc\u00e9s al Congr\u00e9s.<\/span><\/li>\n<li class=\"c3 c6 li-bullet-0\"><span class=\"c1\">Participaci\u00f3 en els debats.<\/span><\/li>\n<li class=\"c3 c6 li-bullet-0\"><span class=\"c1\">Acc\u00e9s a les activitats paral\u00b7leles de l\u2019esdeveniment acad\u00e8mic.<\/span><\/li>\n<li class=\"c3 c6 li-bullet-0\"><span class=\"c1\">Acc\u00e9s a materials.<\/span><\/li>\n<li class=\"c3 c6 li-bullet-0\"><span class=\"c1\">Acc\u00e9s al contingut de totes les activitats paral\u00b7leles en persona, incloent-hi converses a les pauses caf\u00e8s, la roda d&#8217;homes contra les viol\u00e8ncies de g\u00e8nere, la recepci\u00f3 i el vi d&#8217;honor, el ball, les activitats culturals, les rutes tur\u00edstiques guiades per Elx, etc.<\/span><\/li>\n<li class=\"c3 c6 li-bullet-0\"><span class=\"c1\">Diploma d&#8217;assist\u00e8ncia (23 hores) i reconeixement de 0,92 cr\u00e8dits ECTS.<\/span><\/li>\n<\/ul>\n<p style=\"font-size: 22px\"><strong>D.- ASSIST\u00c8NCIA VIRTUAL:<\/strong><\/p>\n<ul class=\"c0 lst-kix_list_18-0\" style=\"margin-left: 30px;text-align: justify\">\n<li class=\"c3 c6 li-bullet-0\"><span class=\"c1\">Acc\u00e9s al Congr\u00e9s en directe en l\u00ednia: discursos de benvinguda, confer\u00e8ncies, taules redones i sessions cient\u00edfiques.<\/span><\/li>\n<li class=\"c3 c6 li-bullet-0\"><span class=\"c1\">Participaci\u00f3 en els debats a trav\u00e9s del xat dels canals de zoom.<\/span><\/li>\n<li class=\"c3 c6 li-bullet-0\"><span class=\"c1\">Diploma d&#8217;assist\u00e8ncia (23 hores) i reconeixement de 0,92 cr\u00e8dits ECTS.<\/span><\/li>\n<\/ul>\n<p style=\"font-size: 22px\"><strong>Nota:<\/strong><\/p>\n<p class=\"c3 c8\" style=\"text-align: justify\"><span class=\"c1\">Per rebre el diploma d\u2019assist\u00e8ncia cal constatar que s\u2019ha assistit almenys al 85% del congr\u00e9s. Es comprovar\u00e0 tant l\u2019assist\u00e8ncia presencial com la virtual.<\/span><\/p>\n<p class=\"c3 c8\" style=\"text-align: justify\"><span class=\"c1\">Per rebre el diploma de presentaci\u00f3 de comunicacions, totes les autores i autors han d&#8217;estar inscrits en el congr\u00e9s.<\/span><\/p>\n<p>[\/et_pb_text][\/et_pb_column][\/et_pb_row][\/et_pb_section]<\/p>\n","protected":false},"excerpt":{"rendered":"<p>PARTICIPACI\u00d3 MODALITATS DE PARTICIPACI\u00d3 &nbsp; S\u2019ofereixen diferents modalitats de participaci\u00f3 en el congr\u00e9s: Presencial amb presentaci\u00f3 de comunicaci\u00f3 Virtual amb presentaci\u00f3 de comunicaci\u00f3 Presencial Virtual A.- ASSIST\u00c8NCIA PRESENCIAL (AMB PRESENTACI\u00d3 DE COMUNICACI\u00d3): Acc\u00e9s al Congr\u00e9s. Participaci\u00f3 en els debats. Acc\u00e9s a les activitats paral\u00b7leles de l\u2019esdeveniment acad\u00e8mic. Acc\u00e9s a materials. Acc\u00e9s al contingut de totes [&hellip;]<\/p>\n","protected":false},"author":4805,"featured_media":0,"parent":0,"menu_order":0,"comment_status":"closed","ping_status":"closed","template":"","meta":{"_et_pb_use_builder":"on","_et_pb_old_content":"","_et_gb_content_width":"","_links_to":"","_links_to_target":""},"yoast_head":"<!-- This site is optimized with the Yoast SEO plugin v17.5 - https:\/\/yoast.com\/wordpress\/plugins\/seo\/ -->\n<title>PARTICIPACI\u00d3 - CIMASCIGUAL II<\/title>\n<meta name=\"robots\" content=\"index, follow, max-snippet:-1, max-image-preview:large, max-video-preview:-1\" \/>\n<link rel=\"canonical\" href=\"https:\/\/congresomasculinidades2.umh.es\/ca\/participacion\/\" \/>\n<meta property=\"og:locale\" content=\"ca_ES\" \/>\n<meta property=\"og:type\" content=\"article\" \/>\n<meta property=\"og:title\" content=\"PARTICIPACI\u00d3 - CIMASCIGUAL II\" \/>\n<meta property=\"og:description\" content=\"PARTICIPACI\u00d3 MODALITATS DE PARTICIPACI\u00d3 &nbsp; S\u2019ofereixen diferents modalitats de participaci\u00f3 en el congr\u00e9s: Presencial amb presentaci\u00f3 de comunicaci\u00f3 Virtual amb presentaci\u00f3 de comunicaci\u00f3 Presencial Virtual A.- ASSIST\u00c8NCIA PRESENCIAL (AMB PRESENTACI\u00d3 DE COMUNICACI\u00d3): Acc\u00e9s al Congr\u00e9s. Participaci\u00f3 en els debats. Acc\u00e9s a les activitats paral\u00b7leles de l\u2019esdeveniment acad\u00e8mic. Acc\u00e9s a materials. Acc\u00e9s al contingut de totes [&hellip;]\" \/>\n<meta property=\"og:url\" content=\"https:\/\/congresomasculinidades2.umh.es\/ca\/participacion\/\" \/>\n<meta property=\"og:site_name\" content=\"CIMASCIGUAL II\" \/>\n<meta property=\"article:modified_time\" content=\"2022-05-18T08:35:31+00:00\" \/>\n<meta name=\"twitter:card\" content=\"summary_large_image\" \/>\n<meta name=\"twitter:label1\" content=\"Temps estimat de lectura\" \/>\n\t<meta name=\"twitter:data1\" content=\"3 minuts\" \/>\n<script type=\"application\/ld+json\" class=\"yoast-schema-graph\">{\"@context\":\"https:\/\/schema.org\",\"@graph\":[{\"@type\":\"WebSite\",\"@id\":\"https:\/\/congresomasculinidades2.umh.es\/#website\",\"url\":\"https:\/\/congresomasculinidades2.umh.es\/\",\"name\":\"CIMASCIGUAL II\",\"description\":\"Universidad Miguel Hern\\u00e1ndez de Elche\",\"potentialAction\":[{\"@type\":\"SearchAction\",\"target\":{\"@type\":\"EntryPoint\",\"urlTemplate\":\"https:\/\/congresomasculinidades2.umh.es\/?s={search_term_string}\"},\"query-input\":\"required name=search_term_string\"}],\"inLanguage\":\"ca\"},{\"@type\":\"WebPage\",\"@id\":\"https:\/\/congresomasculinidades2.umh.es\/ca\/participacion\/#webpage\",\"url\":\"https:\/\/congresomasculinidades2.umh.es\/ca\/participacion\/\",\"name\":\"PARTICIPACI\\u00d3 - CIMASCIGUAL II\",\"isPartOf\":{\"@id\":\"https:\/\/congresomasculinidades2.umh.es\/#website\"},\"datePublished\":\"2022-03-09T09:50:58+00:00\",\"dateModified\":\"2022-05-18T08:35:31+00:00\",\"breadcrumb\":{\"@id\":\"https:\/\/congresomasculinidades2.umh.es\/ca\/participacion\/#breadcrumb\"},\"inLanguage\":\"ca\",\"potentialAction\":[{\"@type\":\"ReadAction\",\"target\":[\"https:\/\/congresomasculinidades2.umh.es\/ca\/participacion\/\"]}]},{\"@type\":\"BreadcrumbList\",\"@id\":\"https:\/\/congresomasculinidades2.umh.es\/ca\/participacion\/#breadcrumb\",\"itemListElement\":[{\"@type\":\"ListItem\",\"position\":1,\"name\":\"Portada\",\"item\":\"https:\/\/congresomasculinidades2.umh.es\/ca\/\"},{\"@type\":\"ListItem\",\"position\":2,\"name\":\"PARTICIPACI\\u00d3\"}]}]}<\/script>\n<!-- \/ Yoast SEO plugin. -->","yoast_head_json":{"title":"PARTICIPACI\u00d3 - CIMASCIGUAL II","robots":{"index":"index","follow":"follow","max-snippet":"max-snippet:-1","max-image-preview":"max-image-preview:large","max-video-preview":"max-video-preview:-1"},"canonical":"https:\/\/congresomasculinidades2.umh.es\/ca\/participacion\/","og_locale":"ca_ES","og_type":"article","og_title":"PARTICIPACI\u00d3 - CIMASCIGUAL II","og_description":"PARTICIPACI\u00d3 MODALITATS DE PARTICIPACI\u00d3 &nbsp; S\u2019ofereixen diferents modalitats de participaci\u00f3 en el congr\u00e9s: Presencial amb presentaci\u00f3 de comunicaci\u00f3 Virtual amb presentaci\u00f3 de comunicaci\u00f3 Presencial Virtual A.- ASSIST\u00c8NCIA PRESENCIAL (AMB PRESENTACI\u00d3 DE COMUNICACI\u00d3): Acc\u00e9s al Congr\u00e9s. Participaci\u00f3 en els debats. Acc\u00e9s a les activitats paral\u00b7leles de l\u2019esdeveniment acad\u00e8mic. Acc\u00e9s a materials. Acc\u00e9s al contingut de totes [&hellip;]","og_url":"https:\/\/congresomasculinidades2.umh.es\/ca\/participacion\/","og_site_name":"CIMASCIGUAL II","article_modified_time":"2022-05-18T08:35:31+00:00","twitter_card":"summary_large_image","twitter_misc":{"Temps estimat de lectura":"3 minuts"},"schema":{"@context":"https:\/\/schema.org","@graph":[{"@type":"WebSite","@id":"https:\/\/congresomasculinidades2.umh.es\/#website","url":"https:\/\/congresomasculinidades2.umh.es\/","name":"CIMASCIGUAL II","description":"Universidad Miguel Hern\u00e1ndez de Elche","potentialAction":[{"@type":"SearchAction","target":{"@type":"EntryPoint","urlTemplate":"https:\/\/congresomasculinidades2.umh.es\/?s={search_term_string}"},"query-input":"required name=search_term_string"}],"inLanguage":"ca"},{"@type":"WebPage","@id":"https:\/\/congresomasculinidades2.umh.es\/ca\/participacion\/#webpage","url":"https:\/\/congresomasculinidades2.umh.es\/ca\/participacion\/","name":"PARTICIPACI\u00d3 - CIMASCIGUAL II","isPartOf":{"@id":"https:\/\/congresomasculinidades2.umh.es\/#website"},"datePublished":"2022-03-09T09:50:58+00:00","dateModified":"2022-05-18T08:35:31+00:00","breadcrumb":{"@id":"https:\/\/congresomasculinidades2.umh.es\/ca\/participacion\/#breadcrumb"},"inLanguage":"ca","potentialAction":[{"@type":"ReadAction","target":["https:\/\/congresomasculinidades2.umh.es\/ca\/participacion\/"]}]},{"@type":"BreadcrumbList","@id":"https:\/\/congresomasculinidades2.umh.es\/ca\/participacion\/#breadcrumb","itemListElement":[{"@type":"ListItem","position":1,"name":"Portada","item":"https:\/\/congresomasculinidades2.umh.es\/ca\/"},{"@type":"ListItem","position":2,"name":"PARTICIPACI\u00d3"}]}]}},"_links":{"self":[{"href":"https:\/\/congresomasculinidades2.umh.es\/ca\/wp-json\/wp\/v2\/pages\/4060"}],"collection":[{"href":"https:\/\/congresomasculinidades2.umh.es\/ca\/wp-json\/wp\/v2\/pages"}],"about":[{"href":"https:\/\/congresomasculinidades2.umh.es\/ca\/wp-json\/wp\/v2\/types\/page"}],"author":[{"embeddable":true,"href":"https:\/\/congresomasculinidades2.umh.es\/ca\/wp-json\/wp\/v2\/users\/4805"}],"replies":[{"embeddable":true,"href":"https:\/\/congresomasculinidades2.umh.es\/ca\/wp-json\/wp\/v2\/comments?post=4060"}],"version-history":[{"count":0,"href":"https:\/\/congresomasculinidades2.umh.es\/ca\/wp-json\/wp\/v2\/pages\/4060\/revisions"}],"wp:attachment":[{"href":"https:\/\/congresomasculinidades2.umh.es\/ca\/wp-json\/wp\/v2\/media?parent=4060"}],"curies":[{"name":"wp","href":"https:\/\/api.w.org\/{rel}","templated":true}]}}